{"id":4607,"date":"2026-03-17T10:21:20","date_gmt":"2026-03-17T17:21:20","guid":{"rendered":"https:\/\/cerobasurabcs.org\/granja-de-residuos-organicos\/"},"modified":"2026-04-28T09:41:02","modified_gmt":"2026-04-28T16:41:02","slug":"granja-de-residuos-organicos","status":"publish","type":"page","link":"https:\/\/cerobasurabcs.org\/es\/granja-de-residuos-organicos\/","title":{"rendered":"Granja de residuos org\u00e1nicos"},"content":{"rendered":"\t\t<div data-elementor-type=\"wp-page\" data-elementor-id=\"4607\" class=\"elementor elementor-4607 elementor-4590\" data-elementor-post-type=\"page\">\n\t\t\t\t<div class=\"elementor-element elementor-element-8f42da4 e-con-full e-flex e-con e-parent\" data-id=\"8f42da4\" data-element_type=\"container\" data-e-type=\"container\" data-settings=\"{&quot;background_background&quot;:&quot;classic&quot;}\">\n\t\t<div class=\"elementor-element elementor-element-20e587c e-con-full e-flex e-con e-child\" data-id=\"20e587c\" data-element_type=\"container\" data-e-type=\"container\">\n\t\t\t\t<div class=\"elementor-element elementor-element-d288d07 elementor-widget__width-initial elementor-widget elementor-widget-heading\" data-id=\"d288d07\" data-element_type=\"widget\" data-e-type=\"widget\" data-widget_type=\"heading.default\">\n\t\t\t\t<div class=\"elementor-widget-container\">\n\t\t\t\t\t<h1 class=\"elementor-heading-title elementor-size-default\">Granja de residuos org\u00e1nicos<\/h1>\t\t\t\t<\/div>\n\t\t\t\t<\/div>\n\t\t\t\t<div class=\"elementor-element elementor-element-8ce54e1 elementor-widget__width-initial elementor-widget elementor-widget-text-editor\" data-id=\"8ce54e1\" data-element_type=\"widget\" data-e-type=\"widget\" data-widget_type=\"text-editor.default\">\n\t\t\t\t<div class=\"elementor-widget-container\">\n\t\t\t\t\t\t\t\t\t<p>En Alianza Cero Basura B.C.S. creemos que lo que llamamos \u00abresiduos\u00bb es en realidad un recurso valioso.<\/p>\t\t\t\t\t\t\t\t<\/div>\n\t\t\t\t<\/div>\n\t\t\t\t<\/div>\n\t\t\t\t<\/div>\n\t\t<div class=\"elementor-element elementor-element-3eb86b4 e-flex e-con-boxed e-con e-parent\" data-id=\"3eb86b4\" data-element_type=\"container\" data-e-type=\"container\" data-settings=\"{&quot;background_background&quot;:&quot;classic&quot;}\">\n\t\t\t\t\t<div class=\"e-con-inner\">\n\t\t\t\t<div class=\"elementor-element elementor-element-c4b3bf0 elementor-widget__width-initial elementor-widget elementor-widget-heading\" data-id=\"c4b3bf0\" data-element_type=\"widget\" data-e-type=\"widget\" data-widget_type=\"heading.default\">\n\t\t\t\t<div class=\"elementor-widget-container\">\n\t\t\t\t\t<h2 class=\"elementor-heading-title elementor-size-default\">Bienvenido a la Granja de Residuos Ecol\u00f3gicos<\/h2>\t\t\t\t<\/div>\n\t\t\t\t<\/div>\n\t\t\t\t<div class=\"elementor-element elementor-element-33c50b6 elementor-widget elementor-widget-text-editor\" data-id=\"33c50b6\" data-element_type=\"widget\" data-e-type=\"widget\" data-widget_type=\"text-editor.default\">\n\t\t\t\t<div class=\"elementor-widget-container\">\n\t\t\t\t\t\t\t\t\t<p><span style=\"font-weight: 400;\">Recogemos residuos org\u00e1nicos (como restos de cocina y recortes de jard\u00edn) de hogares y empresas locales de las delegaciones que van desde Las Playitas hasta Cerritos. En lugar de dejar que vayan al vertedero, los transformamos en nuestra granja de Pescadero\/Todos Santos en productos 100% naturales utilizando bacterias beneficiosas, lombrices y compostaje aer\u00f3bico. <\/span><\/p><p><span style=\"font-weight: 400;\">\u00a1Ya estamos en marcha! Puedes participar d\u00e1ndonos tus residuos org\u00e1nicos o comprando nuestros productos. Cuando lo haces, est\u00e1s ayudando a evitar la creaci\u00f3n de metano, un gas de efecto invernadero 25 veces m\u00e1s potente que el CO\u2082, y en su lugar est\u00e1s creando un suelo sano que ayuda a crecer a las plantas, retiene el agua en nuestro clima \u00e1rido y reduce la necesidad de fertilizantes sint\u00e9ticos nocivos.  <\/span><span style=\"font-weight: 400;\"><br><\/span><\/p>\t\t\t\t\t\t\t\t<\/div>\n\t\t\t\t<\/div>\n\t\t\t\t\t<\/div>\n\t\t\t\t<\/div>\n\t\t<div class=\"elementor-element elementor-element-b0e0002 e-flex e-con-boxed e-con e-parent\" data-id=\"b0e0002\" data-element_type=\"container\" data-e-type=\"container\" data-settings=\"{&quot;background_background&quot;:&quot;classic&quot;}\">\n\t\t\t\t\t<div class=\"e-con-inner\">\n\t\t<div class=\"elementor-element elementor-element-1fdfb6b e-con-full e-flex e-con e-child\" data-id=\"1fdfb6b\" data-element_type=\"container\" data-e-type=\"container\">\n\t\t\t\t<div class=\"elementor-element elementor-element-1dddfcf elementor-widget__width-initial elementor-widget elementor-widget-heading\" data-id=\"1dddfcf\" data-element_type=\"widget\" data-e-type=\"widget\" data-widget_type=\"heading.default\">\n\t\t\t\t<div class=\"elementor-widget-container\">\n\t\t\t\t\t<h2 class=\"elementor-heading-title elementor-size-default\">deposita tus residuos de cocina y jard\u00edn<\/h2>\t\t\t\t<\/div>\n\t\t\t\t<\/div>\n\t\t<div class=\"elementor-element elementor-element-60d31ad e-con-full e-flex e-con e-child\" data-id=\"60d31ad\" data-element_type=\"container\" data-e-type=\"container\">\n\t\t<div class=\"elementor-element elementor-element-7393fbf e-con-full e-flex e-con e-child\" data-id=\"7393fbf\" data-element_type=\"container\" data-e-type=\"container\">\n\t\t\t\t<div class=\"elementor-element elementor-element-60e91c1 elementor-widget elementor-widget-text-editor\" data-id=\"60e91c1\" data-element_type=\"widget\" data-e-type=\"widget\" data-widget_type=\"text-editor.default\">\n\t\t\t\t<div class=\"elementor-widget-container\">\n\t\t\t\t\t\t\t\t\t<p>Granja de residuos org\u00e1nicos<\/p>\t\t\t\t\t\t\t\t<\/div>\n\t\t\t\t<\/div>\n\t\t\t\t<div class=\"elementor-element elementor-element-c632c25 elementor-widget elementor-widget-text-editor\" data-id=\"c632c25\" data-element_type=\"widget\" data-e-type=\"widget\" data-widget_type=\"text-editor.default\">\n\t\t\t\t<div class=\"elementor-widget-container\">\n\t\t\t\t\t\t\t\t\t<p><a style=\"background-color: #c9a219;\" href=\"https:\/\/maps.app.goo.gl\/cdUoQVbGUrmUHWoAA\" target=\"_blank\" rel=\"noopener\"><span style=\"font-weight: 400;\">Granja de Residuos Org\u00e1nicos<\/span><\/a>: Abierta los Mi\u00e9rciles de 9 am a 1 pm o por cita. Se aceptan residuos de cocina y de jard\u00edn.  Donaci\u00f3n sugerida de $30 pesos para una camioneta regular o $50 pesos para un cami\u00f3n con remolque. <\/p><p><strong><a style=\"background-color: #c9a219;\" href=\"https:\/\/maps.app.goo.gl\/cdUoQVbGUrmUHWoAA\" target=\"_blank\" rel=\"noopener\">C\u00f3mo llegar a la granja de residuos org\u00e1nicos<\/a><\/strong><\/p>\t\t\t\t\t\t\t\t<\/div>\n\t\t\t\t<\/div>\n\t\t\t\t<div class=\"elementor-element elementor-element-8072357 elementor-widget elementor-widget-text-editor\" data-id=\"8072357\" data-element_type=\"widget\" data-e-type=\"widget\" data-widget_type=\"text-editor.default\">\n\t\t\t\t<div class=\"elementor-widget-container\">\n\t\t\t\t\t\t\t\t\t<p>Mercado Ranchero<\/p>\t\t\t\t\t\t\t\t<\/div>\n\t\t\t\t<\/div>\n\t\t\t\t<div class=\"elementor-element elementor-element-028985d elementor-widget elementor-widget-text-editor\" data-id=\"028985d\" data-element_type=\"widget\" data-e-type=\"widget\" data-widget_type=\"text-editor.default\">\n\t\t\t\t<div class=\"elementor-widget-container\">\n\t\t\t\t\t\t\t\t\t<p><a href=\"https:\/\/maps.app.goo.gl\/DT6hYN9Pcp3EnVq98\" target=\"_blank\" rel=\"noopener\"><span style=\"font-weight: 400;\">Mercado Ranchero<\/span><\/a><span style=\"font-weight: 400;\">: Abierto los s\u00e1bados de 10 a 14 h. Aceptamos residuos de cocina y vidrio (tanto botellas enteras como rotas y envases para reciclar). \u00a1Los donativos son bienvenidos!  <\/span><span style=\"font-weight: 400;\"><br><\/span><\/p><p><strong><a href=\"https:\/\/maps.app.goo.gl\/DT6hYN9Pcp3EnVq98\" target=\"_blank\" rel=\"noopener\">C\u00f3mo llegar al Mercado Ranchero<\/a><\/strong><\/p>\t\t\t\t\t\t\t\t<\/div>\n\t\t\t\t<\/div>\n\t\t\t\t<div class=\"elementor-element elementor-element-6b8e2ef elementor-widget elementor-widget-text-editor\" data-id=\"6b8e2ef\" data-element_type=\"widget\" data-e-type=\"widget\" data-widget_type=\"text-editor.default\">\n\t\t\t\t<div class=\"elementor-widget-container\">\n\t\t\t\t\t\t\t\t\t<p>Shakas Cantina<br \/>Cerritos<\/p>\t\t\t\t\t\t\t\t<\/div>\n\t\t\t\t<\/div>\n\t\t\t\t<div class=\"elementor-element elementor-element-57f8942 elementor-widget elementor-widget-text-editor\" data-id=\"57f8942\" data-element_type=\"widget\" data-e-type=\"widget\" data-widget_type=\"text-editor.default\">\n\t\t\t\t<div class=\"elementor-widget-container\">\n\t\t\t\t\t\t\t\t\t<p><a href=\"https:\/\/maps.app.goo.gl\/Creb3mvDHTbMyWtp9\" target=\"_blank\" rel=\"noopener\"><span style=\"font-weight: 400;\">Shakas Cantina<\/span><\/a><span style=\"font-weight: 400;\">: Receiving waste Thursdays from 10:00 AM to 2:00 PM. We accept kitchen waste and glass (both whole and broken bottles and containers for recycling). Donations are welcome!<\/span><span style=\"font-weight: 400;\"><br \/><\/span><\/p><p><a href=\"https:\/\/maps.app.goo.gl\/Creb3mvDHTbMyWtp9\" target=\"_blank\" rel=\"noopener\"><b>Shakas Cantina Directions<\/b><\/a><\/p>\t\t\t\t\t\t\t\t<\/div>\n\t\t\t\t<\/div>\n\t\t\t\t<div class=\"elementor-element elementor-element-e579c2c elementor-widget elementor-widget-text-editor\" data-id=\"e579c2c\" data-element_type=\"widget\" data-e-type=\"widget\" data-widget_type=\"text-editor.default\">\n\t\t\t\t<div class=\"elementor-widget-container\">\n\t\t\t\t\t\t\t\t\t<p>Sistema de Recolecci\u00f3n de Residuos de Cocina<\/p>\t\t\t\t\t\t\t\t<\/div>\n\t\t\t\t<\/div>\n\t\t\t\t<div class=\"elementor-element elementor-element-0525919 elementor-widget elementor-widget-text-editor\" data-id=\"0525919\" data-element_type=\"widget\" data-e-type=\"widget\" data-widget_type=\"text-editor.default\">\n\t\t\t\t<div class=\"elementor-widget-container\">\n\t\t\t\t\t\t\t\t\t<p><a href=\"https:\/\/cerobasurabcs.org\/es\/unete-al-movimiento-como-hacer-composta-con-alianza-cero-basura-en-todos-santos-y-pescadero\/\" target=\"_blank\" rel=\"noopener\"><span style=\"font-weight: 400;\">\u00danete al Recolecci\u00f3n de Residuos de Cocina<\/span><\/a><span style=\"font-weight: 400;\"> \u00a1y recogemos tus residuos de cocina todas las semanas!<\/span><span style=\"font-weight: 400;\"><br><\/span><\/p>\t\t\t\t\t\t\t\t<\/div>\n\t\t\t\t<\/div>\n\t\t\t\t<div class=\"elementor-element elementor-element-9e982ea elementor-shape-circle elementor-grid-0 e-grid-align-center elementor-widget elementor-widget-social-icons\" data-id=\"9e982ea\" data-element_type=\"widget\" data-e-type=\"widget\" data-widget_type=\"social-icons.default\">\n\t\t\t\t<div class=\"elementor-widget-container\">\n\t\t\t\t\t\t\t<div class=\"elementor-social-icons-wrapper elementor-grid\">\n\t\t\t\t\t\t\t<span class=\"elementor-grid-item\">\n\t\t\t\t\t<a class=\"elementor-icon elementor-social-icon elementor-social-icon-whatsapp elementor-repeater-item-4502fc4\" href=\"https:\/\/wa.me\/5216121611596\" target=\"_blank\">\n\t\t\t\t\t\t<span class=\"elementor-screen-only\">Whatsapp<\/span>\n\t\t\t\t\t\t<i aria-hidden=\"true\" class=\"fab fa-whatsapp\"><\/i>\t\t\t\t\t<\/a>\n\t\t\t\t<\/span>\n\t\t\t\t\t<\/div>\n\t\t\t\t\t\t<\/div>\n\t\t\t\t<\/div>\n\t\t\t\t<\/div>\n\t\t<div class=\"elementor-element elementor-element-9b91cbc e-con-full e-flex e-con e-child\" data-id=\"9b91cbc\" data-element_type=\"container\" data-e-type=\"container\">\n\t\t\t\t<div class=\"elementor-element elementor-element-538a71c elementor-widget elementor-widget-video\" data-id=\"538a71c\" data-element_type=\"widget\" data-e-type=\"widget\" data-settings=\"{&quot;video_type&quot;:&quot;hosted&quot;,&quot;loop&quot;:&quot;yes&quot;,&quot;controls&quot;:&quot;yes&quot;}\" data-widget_type=\"video.default\">\n\t\t\t\t<div class=\"elementor-widget-container\">\n\t\t\t\t\t\t\t<div class=\"e-hosted-video elementor-wrapper elementor-open-inline\">\n\t\t\t\t\t<video class=\"elementor-video\" src=\"https:\/\/cerobasurabcs.org\/wp-content\/uploads\/2026\/03\/Organic-Waste-Farm.mp4\" loop=\"\" controls=\"\" preload=\"metadata\" controlsList=\"nodownload\"><\/video>\n\t\t\t\t<\/div>\n\t\t\t\t\t\t<\/div>\n\t\t\t\t<\/div>\n\t\t\t\t<\/div>\n\t\t\t\t<\/div>\n\t\t\t\t<div class=\"elementor-element elementor-element-79b68e3 elementor-widget__width-initial elementor-hidden-tablet elementor-hidden-mobile elementor-view-default elementor-invisible elementor-widget elementor-widget-icon\" data-id=\"79b68e3\" data-element_type=\"widget\" data-e-type=\"widget\" data-settings=\"{&quot;_animation&quot;:&quot;lightSpeedIn&quot;}\" data-widget_type=\"icon.default\">\n\t\t\t\t<div class=\"elementor-widget-container\">\n\t\t\t\t\t\t\t<div class=\"elementor-icon-wrapper\">\n\t\t\t<div class=\"elementor-icon\">\n\t\t\t<i aria-hidden=\"true\" class=\"fas fa-arrow-circle-down\"><\/i>\t\t\t<\/div>\n\t\t<\/div>\n\t\t\t\t\t\t<\/div>\n\t\t\t\t<\/div>\n\t\t\t\t<\/div>\n\t\t\t\t\t<\/div>\n\t\t\t\t<\/div>\n\t\t<div class=\"elementor-element elementor-element-6be8bc1 e-flex e-con-boxed e-con e-parent\" data-id=\"6be8bc1\" data-element_type=\"container\" data-e-type=\"container\" data-settings=\"{&quot;background_background&quot;:&quot;classic&quot;}\">\n\t\t\t\t\t<div class=\"e-con-inner\">\n\t\t\t\t<div class=\"elementor-element elementor-element-f8d91c5 elementor-widget__width-initial elementor-widget elementor-widget-heading\" data-id=\"f8d91c5\" data-element_type=\"widget\" data-e-type=\"widget\" data-widget_type=\"heading.default\">\n\t\t\t\t<div class=\"elementor-widget-container\">\n\t\t\t\t\t<h2 class=\"elementor-heading-title elementor-size-default\">nuestros productos y precios<\/h2>\t\t\t\t<\/div>\n\t\t\t\t<\/div>\n\t\t\t\t<div class=\"elementor-element elementor-element-74eb1d0 elementor-widget elementor-widget-text-editor\" data-id=\"74eb1d0\" data-element_type=\"widget\" data-e-type=\"widget\" data-widget_type=\"text-editor.default\">\n\t\t\t\t<div class=\"elementor-widget-container\">\n\t\t\t\t\t\t\t\t\t<p>Todos nuestros productos se elaboran con residuos org\u00e1nicos locales transformados al 100%, sin productos qu\u00edmicos ni aditivos.<\/p>\t\t\t\t\t\t\t\t<\/div>\n\t\t\t\t<\/div>\n\t\t\t\t<div class=\"elementor-element elementor-element-e82ce2e elementor-widget elementor-widget-image\" data-id=\"e82ce2e\" data-element_type=\"widget\" data-e-type=\"widget\" data-widget_type=\"image.default\">\n\t\t\t\t<div class=\"elementor-widget-container\">\n\t\t\t\t\t\t\t\t\t\t\t\t\t\t\t<img fetchpriority=\"high\" decoding=\"async\" width=\"800\" height=\"450\" src=\"https:\/\/cerobasurabcs.org\/wp-content\/uploads\/2026\/03\/Cero-Basura-Todos-Santos-Products-1024x576.jpg\" class=\"attachment-large size-large wp-image-4596\" alt=\"\" srcset=\"https:\/\/cerobasurabcs.org\/wp-content\/uploads\/2026\/03\/Cero-Basura-Todos-Santos-Products-1024x576.jpg 1024w, https:\/\/cerobasurabcs.org\/wp-content\/uploads\/2026\/03\/Cero-Basura-Todos-Santos-Products-300x169.jpg 300w, https:\/\/cerobasurabcs.org\/wp-content\/uploads\/2026\/03\/Cero-Basura-Todos-Santos-Products-768x432.jpg 768w, https:\/\/cerobasurabcs.org\/wp-content\/uploads\/2026\/03\/Cero-Basura-Todos-Santos-Products-1536x864.jpg 1536w, https:\/\/cerobasurabcs.org\/wp-content\/uploads\/2026\/03\/Cero-Basura-Todos-Santos-Products.jpg 1800w\" sizes=\"(max-width: 800px) 100vw, 800px\" \/>\t\t\t\t\t\t\t\t\t\t\t\t\t\t\t<\/div>\n\t\t\t\t<\/div>\n\t\t\t\t<div class=\"elementor-element elementor-element-621edfb e-n-tabs-mobile elementor-widget elementor-widget-n-tabs\" data-id=\"621edfb\" data-element_type=\"widget\" data-e-type=\"widget\" data-settings=\"{&quot;horizontal_scroll&quot;:&quot;disable&quot;}\" data-widget_type=\"nested-tabs.default\">\n\t\t\t\t<div class=\"elementor-widget-container\">\n\t\t\t\t\t\t\t<div class=\"e-n-tabs\" data-widget-number=\"102886907\" aria-label=\"Pesta\u00f1as. Abre elementos con Intro o Espacio, ci\u00e9rralos con Escape y navega con las fechas.\">\n\t\t\t<div class=\"e-n-tabs-heading\" role=\"tablist\">\n\t\t\t\t\t<button id=\"e-n-tab-title-1028869071\" data-tab-title-id=\"e-n-tab-title-1028869071\" class=\"e-n-tab-title\" aria-selected=\"true\" data-tab-index=\"1\" role=\"tab\" tabindex=\"0\" aria-controls=\"e-n-tab-content-1028869071\" style=\"--n-tabs-title-order: 1;\">\n\t\t\t\t\t\t<span class=\"e-n-tab-title-text\">\n\t\t\t\tCompost\t\t\t<\/span>\n\t\t<\/button>\n\t\t\t\t<button id=\"e-n-tab-title-1028869072\" data-tab-title-id=\"e-n-tab-title-1028869072\" class=\"e-n-tab-title\" aria-selected=\"false\" data-tab-index=\"2\" role=\"tab\" tabindex=\"-1\" aria-controls=\"e-n-tab-content-1028869072\" style=\"--n-tabs-title-order: 2;\">\n\t\t\t\t\t\t<span class=\"e-n-tab-title-text\">\n\t\t\t\tSIRDO Solid Biofertilizer\t\t\t<\/span>\n\t\t<\/button>\n\t\t\t\t<button id=\"e-n-tab-title-1028869073\" data-tab-title-id=\"e-n-tab-title-1028869073\" class=\"e-n-tab-title\" aria-selected=\"false\" data-tab-index=\"3\" role=\"tab\" tabindex=\"-1\" aria-controls=\"e-n-tab-content-1028869073\" style=\"--n-tabs-title-order: 3;\">\n\t\t\t\t\t\t<span class=\"e-n-tab-title-text\">\n\t\t\t\tWorm Leachate\u00a0\t\t\t<\/span>\n\t\t<\/button>\n\t\t\t\t<button id=\"e-n-tab-title-1028869074\" data-tab-title-id=\"e-n-tab-title-1028869074\" class=\"e-n-tab-title\" aria-selected=\"false\" data-tab-index=\"4\" role=\"tab\" tabindex=\"-1\" aria-controls=\"e-n-tab-content-1028869074\" style=\"--n-tabs-title-order: 4;\">\n\t\t\t\t\t\t<span class=\"e-n-tab-title-text\">\n\t\t\t\tWorm Nuclei\t\t\t<\/span>\n\t\t<\/button>\n\t\t\t\t\t<\/div>\n\t\t\t<div class=\"e-n-tabs-content\">\n\t\t\t\t<div id=\"e-n-tab-content-1028869071\" role=\"tabpanel\" aria-labelledby=\"e-n-tab-title-1028869071\" data-tab-index=\"1\" style=\"--n-tabs-title-order: 1;\" class=\"e-active elementor-element elementor-element-635a185 e-con-full e-flex e-con e-child\" data-id=\"635a185\" data-element_type=\"container\" data-e-type=\"container\" data-settings=\"{&quot;background_background&quot;:&quot;classic&quot;}\">\n\t\t\t\t<div class=\"elementor-element elementor-element-1852035 elementor-widget elementor-widget-text-editor\" data-id=\"1852035\" data-element_type=\"widget\" data-e-type=\"widget\" data-widget_type=\"text-editor.default\">\n\t\t\t\t<div class=\"elementor-widget-container\">\n\t\t\t\t\t\t\t\t\t<ul><li style=\"font-weight: 400;\" aria-level=\"1\"><span style=\"font-weight: 400;\">Cubo de 5 G (aprox. 12 kg): $120 MXN<\/span><\/li><li style=\"font-weight: 400;\" aria-level=\"1\"><span style=\"font-weight: 400;\">Saco (aprox. 35-40 kg): $300 MXN<\/span><\/li><li style=\"font-weight: 400;\" aria-level=\"1\"><span style=\"font-weight: 400;\">\u00bd Metro C\u00fabico (aprox. 350 kg): $1,600 MXN<\/span><\/li><\/ul>\t\t\t\t\t\t\t\t<\/div>\n\t\t\t\t<\/div>\n\t\t\t\t<\/div>\n\t\t<div id=\"e-n-tab-content-1028869072\" role=\"tabpanel\" aria-labelledby=\"e-n-tab-title-1028869072\" data-tab-index=\"2\" style=\"--n-tabs-title-order: 2;\" class=\" elementor-element elementor-element-59f2c38 e-con-full e-flex e-con e-child\" data-id=\"59f2c38\" data-element_type=\"container\" data-e-type=\"container\" data-settings=\"{&quot;background_background&quot;:&quot;classic&quot;}\">\n\t\t\t\t<div class=\"elementor-element elementor-element-2b299da elementor-widget elementor-widget-text-editor\" data-id=\"2b299da\" data-element_type=\"widget\" data-e-type=\"widget\" data-widget_type=\"text-editor.default\">\n\t\t\t\t<div class=\"elementor-widget-container\">\n\t\t\t\t\t\t\t\t\t<ul><li style=\"font-weight: 400;\" aria-level=\"1\"><span style=\"font-weight: 400;\">Bolsa peque\u00f1a (1,8-2 kg): $120 MXN<\/span><\/li><li style=\"font-weight: 400;\" aria-level=\"1\"><span style=\"font-weight: 400;\">Saco grande (30 kg): 1.000 MXN<\/span><\/li><\/ul><p><i><span style=\"font-weight: 400;\">(Disponibilidad limitada, inf\u00f3rmate)<\/span><\/i><\/p>\t\t\t\t\t\t\t\t<\/div>\n\t\t\t\t<\/div>\n\t\t\t\t<\/div>\n\t\t<div id=\"e-n-tab-content-1028869073\" role=\"tabpanel\" aria-labelledby=\"e-n-tab-title-1028869073\" data-tab-index=\"3\" style=\"--n-tabs-title-order: 3;\" class=\" elementor-element elementor-element-37c2989 e-con-full e-flex e-con e-child\" data-id=\"37c2989\" data-element_type=\"container\" data-e-type=\"container\" data-settings=\"{&quot;background_background&quot;:&quot;classic&quot;}\">\n\t\t\t\t<div class=\"elementor-element elementor-element-0183621 elementor-widget elementor-widget-text-editor\" data-id=\"0183621\" data-element_type=\"widget\" data-e-type=\"widget\" data-widget_type=\"text-editor.default\">\n\t\t\t\t<div class=\"elementor-widget-container\">\n\t\t\t\t\t\t\t\t\t<p>Organic liquid fertilizer obtained from the drainage of the vermicomposting process, rich in: <br \/>\u25cf Soluble nutrients: Nitrogen, potassium, calcium, and magnesium.<\/p><p>\u25cf Beneficial microorganisms: Nitrogen-fixing bacteria (Rhizobium) and decomposing fungi (Trichoderma).<\/p><p>240 ml: $50 mxn\u00a0<\/p><p>445 ml: $100 mxn\u00a0<\/p><p>750 ml: $150 mxn<\/p><p>1000 ml: $200 mxn<\/p>\t\t\t\t\t\t\t\t<\/div>\n\t\t\t\t<\/div>\n\t\t\t\t<\/div>\n\t\t<div id=\"e-n-tab-content-1028869074\" role=\"tabpanel\" aria-labelledby=\"e-n-tab-title-1028869074\" data-tab-index=\"4\" style=\"--n-tabs-title-order: 4;\" class=\" elementor-element elementor-element-c81c6e0 e-con-full e-flex e-con e-child\" data-id=\"c81c6e0\" data-element_type=\"container\" data-e-type=\"container\" data-settings=\"{&quot;background_background&quot;:&quot;classic&quot;}\">\n\t\t\t\t<div class=\"elementor-element elementor-element-74a8a1e elementor-widget elementor-widget-text-editor\" data-id=\"74a8a1e\" data-element_type=\"widget\" data-e-type=\"widget\" data-widget_type=\"text-editor.default\">\n\t\t\t\t<div class=\"elementor-widget-container\">\n\t\t\t\t\t\t\t\t\t<p>N\u00facleo b\u00e1sico (100-150 lombrices): Precio a consultar<br>Nuc Avanzado (300-500 lombrices): Precio a consultar<\/p>\t\t\t\t\t\t\t\t<\/div>\n\t\t\t\t<\/div>\n\t\t\t\t<\/div>\n\t\t\t\t\t<\/div>\n\t\t<\/div>\n\t\t\t\t\t\t<\/div>\n\t\t\t\t<\/div>\n\t\t\t\t\t<\/div>\n\t\t\t\t<\/div>\n\t\t<div class=\"elementor-element elementor-element-d79dfd0 e-con-full e-flex e-con e-parent\" data-id=\"d79dfd0\" data-element_type=\"container\" data-e-type=\"container\">\n\t\t<div class=\"elementor-element elementor-element-ef82c82 e-con-full e-flex e-con e-child\" data-id=\"ef82c82\" data-element_type=\"container\" data-e-type=\"container\">\n\t\t\t\t<div class=\"elementor-element elementor-element-a08786e elementor-widget elementor-widget-heading\" data-id=\"a08786e\" data-element_type=\"widget\" data-e-type=\"widget\" data-widget_type=\"heading.default\">\n\t\t\t\t<div class=\"elementor-widget-container\">\n\t\t\t\t\t<h2 class=\"elementor-heading-title elementor-size-default\">\u00a1Gracias por apoyar una BCS sin residuos! Juntos convertimos los residuos de ayer en la tierra de ma\u00f1ana. <\/h2>\t\t\t\t<\/div>\n\t\t\t\t<\/div>\n\t\t\t\t<div class=\"elementor-element elementor-element-bbd419e elementor-widget elementor-widget-text-editor\" data-id=\"bbd419e\" data-element_type=\"widget\" data-e-type=\"widget\" data-widget_type=\"text-editor.default\">\n\t\t\t\t<div class=\"elementor-widget-container\">\n\t\t\t\t\t\t\t\t\t<p><span style=\"font-weight: 400;\">Para obtener m\u00e1s informaci\u00f3n, realizar un pedido o concertar una entrega de residuos, ponte en contacto con nosotros a trav\u00e9s de <\/span><a href=\"https:\/\/wa.me\/5216121611596\"><span style=\"font-weight: 400;\">WhatsApp<\/span><\/a><span style=\"font-weight: 400;\"> o env\u00edanos un correo electr\u00f3nico a <\/span><a href=\"mailto:organicos@cerobasurabcs.org\"><span style=\"font-weight: 400;\">organicos@cerobasurabcs.org<\/span><\/a> <span style=\"font-weight: 400;\"><br><\/span><span style=\"font-weight: 400;\"><br><\/span><\/p>\t\t\t\t\t\t\t\t<\/div>\n\t\t\t\t<\/div>\n\t\t\t\t<div class=\"elementor-element elementor-element-2015600 elementor-widget elementor-widget-text-editor\" data-id=\"2015600\" data-element_type=\"widget\" data-e-type=\"widget\" data-widget_type=\"text-editor.default\">\n\t\t\t\t<div class=\"elementor-widget-container\">\n\t\t\t\t\t\t\t\t\t<p>#cerobasura_bcs<\/p>\t\t\t\t\t\t\t\t<\/div>\n\t\t\t\t<\/div>\n\t\t\t\t<\/div>\n\t\t\t\t<\/div>\n\t\t\t\t<\/div>\n\t\t","protected":false},"excerpt":{"rendered":"<p>Granja de residuos org\u00e1nicos En Alianza Cero Basura B.C.S. creemos que lo que llamamos \u00abresiduos\u00bb es en realidad un recurso valioso. Bienvenido a la Granja de Residuos Ecol\u00f3gicos Recogemos residuos [&hellip;]<\/p>\n","protected":false},"author":1,"featured_media":4579,"parent":0,"menu_order":0,"comment_status":"closed","ping_status":"closed","template":"elementor_header_footer","meta":{"_monsterinsights_skip_tracking":false,"_monsterinsights_sitenote_active":false,"_monsterinsights_sitenote_note":"","_monsterinsights_sitenote_category":0,"footnotes":""},"class_list":["post-4607","page","type-page","status-publish","has-post-thumbnail","hentry"],"_links":{"self":[{"href":"https:\/\/cerobasurabcs.org\/es\/wp-json\/wp\/v2\/pages\/4607","targetHints":{"allow":["GET"]}}],"collection":[{"href":"https:\/\/cerobasurabcs.org\/es\/wp-json\/wp\/v2\/pages"}],"about":[{"href":"https:\/\/cerobasurabcs.org\/es\/wp-json\/wp\/v2\/types\/page"}],"author":[{"embeddable":true,"href":"https:\/\/cerobasurabcs.org\/es\/wp-json\/wp\/v2\/users\/1"}],"replies":[{"embeddable":true,"href":"https:\/\/cerobasurabcs.org\/es\/wp-json\/wp\/v2\/comments?post=4607"}],"version-history":[{"count":0,"href":"https:\/\/cerobasurabcs.org\/es\/wp-json\/wp\/v2\/pages\/4607\/revisions"}],"wp:featuredmedia":[{"embeddable":true,"href":"https:\/\/cerobasurabcs.org\/es\/wp-json\/wp\/v2\/media\/4579"}],"wp:attachment":[{"href":"https:\/\/cerobasurabcs.org\/es\/wp-json\/wp\/v2\/media?parent=4607"}],"curies":[{"name":"wp","href":"https:\/\/api.w.org\/{rel}","templated":true}]}}