{"id":2838,"date":"2023-09-28T19:52:01","date_gmt":"2023-09-29T02:52:01","guid":{"rendered":"https:\/\/cerobasurabcs.wpengine.com\/donar\/"},"modified":"2025-08-07T11:34:40","modified_gmt":"2025-08-07T18:34:40","slug":"donar","status":"publish","type":"page","link":"https:\/\/cerobasurabcs.org\/es\/donar\/","title":{"rendered":"Donar"},"content":{"rendered":"\t\t<div data-elementor-type=\"wp-page\" data-elementor-id=\"2838\" class=\"elementor elementor-2838 elementor-59\" data-elementor-post-type=\"page\">\n\t\t\t\t<div class=\"elementor-element elementor-element-e66960a e-flex e-con-boxed e-con e-parent\" data-id=\"e66960a\" data-element_type=\"container\" data-e-type=\"container\" data-settings=\"{&quot;background_background&quot;:&quot;gradient&quot;}\">\n\t\t\t\t\t<div class=\"e-con-inner\">\n\t\t<div class=\"elementor-element elementor-element-c9a3145 e-con-full e-flex e-con e-child\" data-id=\"c9a3145\" data-element_type=\"container\" data-e-type=\"container\">\n\t\t<div class=\"elementor-element elementor-element-84bc055 e-flex e-con-boxed e-con e-child\" data-id=\"84bc055\" data-element_type=\"container\" data-e-type=\"container\">\n\t\t\t\t\t<div class=\"e-con-inner\">\n\t\t\t\t<div class=\"elementor-element elementor-element-b62b41b elementor-widget elementor-widget-heading\" data-id=\"b62b41b\" data-element_type=\"widget\" data-e-type=\"widget\" data-widget_type=\"heading.default\">\n\t\t\t\t<div class=\"elementor-widget-container\">\n\t\t\t\t\t<h2 class=\"elementor-heading-title elementor-size-default\">Hacer una donaci\u00f3n<\/h2>\t\t\t\t<\/div>\n\t\t\t\t<\/div>\n\t\t\t\t<div class=\"elementor-element elementor-element-c20fc13 elementor-widget elementor-widget-text-editor\" data-id=\"c20fc13\" data-element_type=\"widget\" data-e-type=\"widget\" data-widget_type=\"text-editor.default\">\n\t\t\t\t<div class=\"elementor-widget-container\">\n\t\t\t\t\t\t\t\t\t<p>Nuestra organizaci\u00f3n se financia gracias a su generosidad.<br \/>Considere la posibilidad de hacer una donaci\u00f3n hoy mismo.<\/p>\n\t\t\t\t\t\t\t\t<\/div>\n\t\t\t\t<\/div>\n\t\t<div class=\"elementor-element elementor-element-6e8c086 e-flex e-con-boxed e-con e-child\" data-id=\"6e8c086\" data-element_type=\"container\" data-e-type=\"container\">\n\t\t\t\t\t<div class=\"e-con-inner\">\n\t\t<a class=\"elementor-element elementor-element-54d3925 e-con-full e-flex e-con e-child\" data-id=\"54d3925\" data-element_type=\"container\" data-e-type=\"container\" data-settings=\"{&quot;background_background&quot;:&quot;classic&quot;}\" href=\"#Impuesto%20de%20matriculaci\u00f3n\">\n\t\t\t\t<div class=\"elementor-element elementor-element-27bcf65 elementor-widget elementor-widget-heading\" data-id=\"27bcf65\" data-element_type=\"widget\" data-e-type=\"widget\" data-widget_type=\"heading.default\">\n\t\t\t\t<div class=\"elementor-widget-container\">\n\t\t\t\t\t<h2 class=\"elementor-heading-title elementor-size-default\">Se necesita recibo fiscal de EE.UU.<\/h2>\t\t\t\t<\/div>\n\t\t\t\t<\/div>\n\t\t\t\t<\/a>\n\t\t<a class=\"elementor-element elementor-element-d07a39f e-con-full e-flex e-con e-child\" data-id=\"d07a39f\" data-element_type=\"container\" data-e-type=\"container\" data-settings=\"{&quot;background_background&quot;:&quot;classic&quot;}\" href=\"#Sin%20impuestos\">\n\t\t\t\t<div class=\"elementor-element elementor-element-60d434c elementor-widget elementor-widget-heading\" data-id=\"60d434c\" data-element_type=\"widget\" data-e-type=\"widget\" data-widget_type=\"heading.default\">\n\t\t\t\t<div class=\"elementor-widget-container\">\n\t\t\t\t\t<h2 class=\"elementor-heading-title elementor-size-default\">No se necesita recibo de impuestos de EE.UU.<\/h2>\t\t\t\t<\/div>\n\t\t\t\t<\/div>\n\t\t\t\t<\/a>\n\t\t\t\t\t<\/div>\n\t\t\t\t<\/div>\n\t\t\t\t\t<\/div>\n\t\t\t\t<\/div>\n\t\t\t\t<\/div>\n\t\t\t\t\t<\/div>\n\t\t\t\t<\/div>\n\t\t<div class=\"elementor-element elementor-element-b80e8fe e-flex e-con-boxed e-con e-parent\" data-id=\"b80e8fe\" data-element_type=\"container\" data-e-type=\"container\">\n\t\t\t\t\t<div class=\"e-con-inner\">\n\t\t\t\t<div class=\"elementor-element elementor-element-9d6b423 elementor-widget elementor-widget-image\" data-id=\"9d6b423\" data-element_type=\"widget\" data-e-type=\"widget\" data-widget_type=\"image.default\">\n\t\t\t\t<div class=\"elementor-widget-container\">\n\t\t\t\t\t\t\t\t\t\t\t\t\t\t\t\t<a href=\"https:\/\/cerobasurabcs.org\/wp-content\/uploads\/2023\/09\/DonorLevels2BRecognitionOpportunities.jpg\" data-elementor-open-lightbox=\"yes\" data-elementor-lightbox-title=\"DonorLevels2BRecognitionOpportunities\" data-e-action-hash=\"#elementor-action%3Aaction%3Dlightbox%26settings%3DeyJpZCI6MTI5OSwidXJsIjoiaHR0cHM6XC9cL2Nlcm9iYXN1cmFiY3Mub3JnXC93cC1jb250ZW50XC91cGxvYWRzXC8yMDIzXC8wOVwvRG9ub3JMZXZlbHMyQlJlY29nbml0aW9uT3Bwb3J0dW5pdGllcy5qcGcifQ%3D%3D\">\n\t\t\t\t\t\t\t<img fetchpriority=\"high\" decoding=\"async\" width=\"2500\" height=\"1406\" src=\"https:\/\/cerobasurabcs.org\/wp-content\/uploads\/2023\/09\/DonorLevels2BRecognitionOpportunities.jpg\" class=\"attachment-full size-full wp-image-1299\" alt=\"\" srcset=\"https:\/\/cerobasurabcs.org\/wp-content\/uploads\/2023\/09\/DonorLevels2BRecognitionOpportunities.jpg 2500w, https:\/\/cerobasurabcs.org\/wp-content\/uploads\/2023\/09\/DonorLevels2BRecognitionOpportunities-300x169.jpg 300w, https:\/\/cerobasurabcs.org\/wp-content\/uploads\/2023\/09\/DonorLevels2BRecognitionOpportunities-1024x576.jpg 1024w, https:\/\/cerobasurabcs.org\/wp-content\/uploads\/2023\/09\/DonorLevels2BRecognitionOpportunities-768x432.jpg 768w, https:\/\/cerobasurabcs.org\/wp-content\/uploads\/2023\/09\/DonorLevels2BRecognitionOpportunities-1536x864.jpg 1536w, https:\/\/cerobasurabcs.org\/wp-content\/uploads\/2023\/09\/DonorLevels2BRecognitionOpportunities-2048x1152.jpg 2048w\" sizes=\"(max-width: 2500px) 100vw, 2500px\" \/>\t\t\t\t\t\t\t\t<\/a>\n\t\t\t\t\t\t\t\t\t\t\t\t\t\t\t<\/div>\n\t\t\t\t<\/div>\n\t\t\t\t\t<\/div>\n\t\t\t\t<\/div>\n\t\t<div class=\"elementor-element elementor-element-4f1f220 e-flex e-con-boxed e-con e-parent\" data-id=\"4f1f220\" data-element_type=\"container\" data-e-type=\"container\" id=\"us-tax\" data-settings=\"{&quot;background_background&quot;:&quot;classic&quot;,&quot;shape_divider_top&quot;:&quot;arrow&quot;}\">\n\t\t\t\t\t<div class=\"e-con-inner\">\n\t\t\t\t<div class=\"elementor-shape elementor-shape-top\" aria-hidden=\"true\" data-negative=\"false\">\n\t\t\t<svg xmlns=\"http:\/\/www.w3.org\/2000\/svg\" viewBox=\"0 0 700 10\" preserveAspectRatio=\"none\">\n\t<path class=\"elementor-shape-fill\" d=\"M350,10L340,0h20L350,10z\"\/>\n<\/svg>\t\t<\/div>\n\t\t<div class=\"elementor-element elementor-element-de226f0 e-con-full e-flex e-con e-child\" data-id=\"de226f0\" data-element_type=\"container\" data-e-type=\"container\">\n\t\t\t\t<div class=\"elementor-element elementor-element-5cbdc3a elementor-widget elementor-widget-heading\" data-id=\"5cbdc3a\" data-element_type=\"widget\" data-e-type=\"widget\" data-widget_type=\"heading.default\">\n\t\t\t\t<div class=\"elementor-widget-container\">\n\t\t\t\t\t<h2 class=\"elementor-heading-title elementor-size-default\">\u00bfNecesita un recibo fiscal estadounidense?<\/h2>\t\t\t\t<\/div>\n\t\t\t\t<\/div>\n\t\t\t\t<div class=\"elementor-element elementor-element-16f930e elementor-widget elementor-widget-text-editor\" data-id=\"16f930e\" data-element_type=\"widget\" data-e-type=\"widget\" data-widget_type=\"text-editor.default\">\n\t\t\t\t<div class=\"elementor-widget-container\">\n\t\t\t\t\t\t\t\t\t<p>La International Community Foundation (ICF) ofrece opciones de donaci\u00f3n para marcar la diferencia y retribuir a M\u00e9xico a trav\u00e9s de la comunidad no lucrativa.<\/p>\n\t\t\t\t\t\t\t\t<\/div>\n\t\t\t\t<\/div>\n\t\t\t\t<\/div>\n\t\t<div class=\"elementor-element elementor-element-be76dba e-con-full e-flex e-con e-child\" data-id=\"be76dba\" data-element_type=\"container\" data-e-type=\"container\">\n\t\t<div class=\"elementor-element elementor-element-f4179a7 e-con-full e-flex e-con e-child\" data-id=\"f4179a7\" data-element_type=\"container\" data-e-type=\"container\">\n\t\t\t\t<div class=\"elementor-element elementor-element-23a82cb elementor-widget elementor-widget-text-editor\" data-id=\"23a82cb\" data-element_type=\"widget\" data-e-type=\"widget\" data-widget_type=\"text-editor.default\">\n\t\t\t\t<div class=\"elementor-widget-container\">\n\t\t\t\t\t\t\t\t\t<h2 class=\"list-item-content__title\" style=\"max-width: 100%;\">1. DONA EN L\u00cdNEA<\/h2>\n<div class=\"list-item-content__description \" style=\"margin-top: 7%; max-width: 100%;\">\n<p class=\"\" style=\"white-space: pre-wrap;\">Siga este enlace para obtener instrucciones para hacer su donaci\u00f3n: <a href=\"https:\/\/icfdn.org\/donate\/?form=FUNHYPAHJUB\" target=\"_blank\" rel=\"noopener\"><br \/>\n  <strong>P\u00e1gina web de la ICF<\/strong><br \/>\n<\/a><\/p>\n<p class=\"\" style=\"white-space: pre-wrap;\"><em>Nota: Retenemos m\u00e1s de su donaci\u00f3n cuando se hace por cheque o transferencia bancaria.<\/em><\/p>\n<\/div>\n\t\t\t\t\t\t\t\t<\/div>\n\t\t\t\t<\/div>\n\t\t\t\t<\/div>\n\t\t<div class=\"elementor-element elementor-element-70f9982 e-con-full e-flex e-con e-child\" data-id=\"70f9982\" data-element_type=\"container\" data-e-type=\"container\">\n\t\t\t\t<div class=\"elementor-element elementor-element-553bff2 elementor-widget elementor-widget-text-editor\" data-id=\"553bff2\" data-element_type=\"widget\" data-e-type=\"widget\" data-widget_type=\"text-editor.default\">\n\t\t\t\t<div class=\"elementor-widget-container\">\n\t\t\t\t\t\t\t\t\t<h2 style=\"max-width: 100%;\">2. ENVIAR UN CHEQUE POR CORREO<\/h2>\n<div style=\"margin-top: 7%; max-width: 100%;\">\n<p style=\"white-space: pre-wrap;\">El cheque debe extenderse y enviarse a:<\/p>\n<p>Fundaci\u00f3n de la Comunidad Internacional<br>Avenida N 2505<br>National City, CA 91950 EE.UU.<\/p>\n<p style=\"\"><span style=\"white-space-collapse: preserve;\">Por favor indique a qu\u00e9 fondo est\u00e1 donando escribiendo <b>Alianza Cero Basura BCS, A.C<\/b>. en el memo<\/span><\/p>\n<\/div>\t\t\t\t\t\t\t\t<\/div>\n\t\t\t\t<\/div>\n\t\t\t\t<\/div>\n\t\t<div class=\"elementor-element elementor-element-124bd87 e-con-full e-flex e-con e-child\" data-id=\"124bd87\" data-element_type=\"container\" data-e-type=\"container\">\n\t\t\t\t<div class=\"elementor-element elementor-element-456a7cc elementor-widget elementor-widget-text-editor\" data-id=\"456a7cc\" data-element_type=\"widget\" data-e-type=\"widget\" data-widget_type=\"text-editor.default\">\n\t\t\t\t<div class=\"elementor-widget-container\">\n\t\t\t\t\t\t\t\t\t<h2 class=\"list-item-content__title\" style=\"max-width: 100%;\">3. ENVIAR UNA TRANSFERENCIA BANCARIA<\/h2>\n<div class=\"list-item-content__description \" style=\"margin-top: 7%; max-width: 100%;\">\n<p class=\"\" style=\"white-space: pre-wrap;\">P\u00f3ngase en contacto con Lety Mart\u00ednez Hermosillo en:<\/p>\n<p class=\"\" style=\"white-space: pre-wrap;\"><a href=\"mailto:lety@icfdn.org\" target=\"_blank\" rel=\"noopener\"><br \/>\n  <strong>lety@icfdn.org<\/strong><br \/>\n<\/a> o 1(619) 336-2258<\/p>\n<\/div>\n\t\t\t\t\t\t\t\t<\/div>\n\t\t\t\t<\/div>\n\t\t\t\t<\/div>\n\t\t\t\t<\/div>\n\t\t\t\t\t<\/div>\n\t\t\t\t<\/div>\n\t\t<div class=\"elementor-element elementor-element-87d0662 e-flex e-con-boxed e-con e-parent\" data-id=\"87d0662\" data-element_type=\"container\" data-e-type=\"container\" data-settings=\"{&quot;background_background&quot;:&quot;classic&quot;}\">\n\t\t\t\t\t<div class=\"e-con-inner\">\n\t\t\t\t<div class=\"elementor-element elementor-element-f146c31 elementor-widget elementor-widget-heading\" data-id=\"f146c31\" data-element_type=\"widget\" data-e-type=\"widget\" data-widget_type=\"heading.default\">\n\t\t\t\t<div class=\"elementor-widget-container\">\n\t\t\t\t\t<h2 class=\"elementor-heading-title elementor-size-default\">Educar. Inspirar. Conectar. \ud83c\udf0e<\/p>\nNuestra misi\u00f3n: Una comunidad sana, consciente y unida que produzca menos residuos y prospere gracias a las econom\u00edas circulares.<\/h2>\t\t\t\t<\/div>\n\t\t\t\t<\/div>\n\t\t\t\t\t<\/div>\n\t\t\t\t<\/div>\n\t\t<div class=\"elementor-element elementor-element-fe6941d e-flex e-con-boxed e-con e-parent\" data-id=\"fe6941d\" data-element_type=\"container\" data-e-type=\"container\" id=\"no-us-tax\" data-settings=\"{&quot;background_background&quot;:&quot;classic&quot;,&quot;shape_divider_top&quot;:&quot;arrow&quot;}\">\n\t\t\t\t\t<div class=\"e-con-inner\">\n\t\t\t\t<div class=\"elementor-shape elementor-shape-top\" aria-hidden=\"true\" data-negative=\"false\">\n\t\t\t<svg xmlns=\"http:\/\/www.w3.org\/2000\/svg\" viewBox=\"0 0 700 10\" preserveAspectRatio=\"none\">\n\t<path class=\"elementor-shape-fill\" d=\"M350,10L340,0h20L350,10z\"\/>\n<\/svg>\t\t<\/div>\n\t\t<div class=\"elementor-element elementor-element-b82d73e e-con-full e-flex e-con e-child\" data-id=\"b82d73e\" data-element_type=\"container\" data-e-type=\"container\">\n\t\t\t\t<div class=\"elementor-element elementor-element-73c63c6 elementor-widget elementor-widget-heading\" data-id=\"73c63c6\" data-element_type=\"widget\" data-e-type=\"widget\" data-widget_type=\"heading.default\">\n\t\t\t\t<div class=\"elementor-widget-container\">\n\t\t\t\t\t<h2 class=\"elementor-heading-title elementor-size-default\">\u00bfNo necesita un recibo fiscal de EE.UU.?\n<\/h2>\t\t\t\t<\/div>\n\t\t\t\t<\/div>\n\t\t\t\t<div class=\"elementor-element elementor-element-4b8cb50 elementor-widget elementor-widget-text-editor\" data-id=\"4b8cb50\" data-element_type=\"widget\" data-e-type=\"widget\" data-widget_type=\"text-editor.default\">\n\t\t\t\t<div class=\"elementor-widget-container\">\n\t\t\t\t\t\t\t\t\t<p>Haz un donativo a Alianza Cero Basura a trav\u00e9s de uno de los siguientes m\u00e9todos.<br \/>Si necesita una factura, rellene <span style=\"text-decoration: underline;\"><br \/>\n  <span style=\"color: #3d6733;\"><br \/>\n    <a style=\"color: #3d6733;\" href=\"https:\/\/docs.google.com\/forms\/d\/e\/1FAIpQLSftB2a54wJLZmr23kgydGvU1GJTe7pWBaY-hNFQ5UbeufofwQ\/viewform\" target=\"_blank\" rel=\"noopener\"><br \/>\n      <strong>este formulario<\/strong><br \/>\n    <\/a><br \/>\n  <\/span><br \/>\n<\/span><span style=\"color: #000000;\"><br \/>\n  <strong>.<\/strong><br \/>\n<\/span><\/p>\n\t\t\t\t\t\t\t\t<\/div>\n\t\t\t\t<\/div>\n\t\t\t\t<\/div>\n\t\t<div class=\"elementor-element elementor-element-54c266d e-con-full e-flex e-con e-child\" data-id=\"54c266d\" data-element_type=\"container\" data-e-type=\"container\">\n\t\t<div class=\"elementor-element elementor-element-448866b e-con-full e-flex e-con e-child\" data-id=\"448866b\" data-element_type=\"container\" data-e-type=\"container\">\n\t\t\t\t<div class=\"elementor-element elementor-element-ad845b7 elementor-widget elementor-widget-text-editor\" data-id=\"ad845b7\" data-element_type=\"widget\" data-e-type=\"widget\" data-widget_type=\"text-editor.default\">\n\t\t\t\t<div class=\"elementor-widget-container\">\n\t\t\t\t\t\t\t\t\t<h2 class=\"list-item-content__title\" style=\"max-width: 100%;\">1. DONA EN L\u00cdNEA<\/h2><div class=\"list-item-content__description \" style=\"margin-top: 7%; max-width: 100%;\"><p>Ir a <a href=\"https:\/\/www.paypal.com\/ncp\/payment\/CFFHCEQK2U3AS\" target=\"_blank\" rel=\"noopener\"><br \/><span style=\"text-decoration: underline;\"><br \/><\/span><span style=\"color: #800000;\">Paypal<\/span><br \/><\/a> para hacer tu donativo si cuentas con una tarjeta de d\u00e9bito o cr\u00e9dito mexicana:<\/p><p class=\"\" style=\"white-space: pre-wrap;\"><em>Nota: Retenemos m\u00e1s de su donaci\u00f3n cuando se hace por cheque o transferencia bancaria.<\/em><\/p><p class=\"\" style=\"white-space: pre-wrap;\">Env\u00edenos un <span style=\"text-decoration: underline;\"><br \/><span style=\"color: #3d6733; text-decoration: underline;\"><br \/><a style=\"color: #3d6733; text-decoration: underline;\" href=\"mailto:cerobasuratodossantos@gmail.com?subject=I%20donated%20to%20Alianza%20Cero%20Basura!\">correo electr\u00f3nico<\/a><br \/><\/span><br \/><\/span> para hacernos saber que ha donado, de lo contrario ser\u00e1 an\u00f3nimo. Gracias.<\/p><\/div>\t\t\t\t\t\t\t\t<\/div>\n\t\t\t\t<\/div>\n\t\t\t\t<\/div>\n\t\t<div class=\"elementor-element elementor-element-3a04b3a e-con-full e-flex e-con e-child\" data-id=\"3a04b3a\" data-element_type=\"container\" data-e-type=\"container\">\n\t\t\t\t<div class=\"elementor-element elementor-element-bcc0585 elementor-widget elementor-widget-text-editor\" data-id=\"bcc0585\" data-element_type=\"widget\" data-e-type=\"widget\" data-widget_type=\"text-editor.default\">\n\t\t\t\t<div class=\"elementor-widget-container\">\n\t\t\t\t\t\t\t\t\t<h2 class=\"list-item-content__title\" style=\"max-width: 100%;\">2. ENVIAR UN CHEQUE POR CORREO<\/h2>\n<div class=\"list-item-content__description \" style=\"margin-top: 7%; max-width: 100%;\">\n<div><strong>Alianza Cero Basura BCS AC<\/strong><\/div>\n<div>88 Calle Guaycura, Colonia La Poza<br \/>Todos Santos, Baja California Sur, M\u00e9xico 23300<\/div>\n<div> <\/div>\n<div>Por favor, a\u00f1ada <strong>Cero Basura BCS<\/strong> en la referencia del cheque.<\/div>\n<div>Env\u00edenos un <a href=\"mailto:cerobasuratodossantos@gmail.com?subject=I%20donated%20to%20Alianza%20Cero%20Basura!\"><br \/>\n  <span style=\"text-decoration: underline;\"><br \/>\n    <span style=\"color: #3d6733; text-decoration: underline;\">correo electr\u00f3nico<\/span><br \/>\n  <\/span><br \/>\n<\/a> para hacernos saber que ha donado, de lo contrario ser\u00e1 an\u00f3nimo. Gracias.<\/div>\n<\/div>\n\t\t\t\t\t\t\t\t<\/div>\n\t\t\t\t<\/div>\n\t\t\t\t<\/div>\n\t\t<div class=\"elementor-element elementor-element-22930d4 e-con-full e-flex e-con e-child\" data-id=\"22930d4\" data-element_type=\"container\" data-e-type=\"container\">\n\t\t\t\t<div class=\"elementor-element elementor-element-edf5eae elementor-widget elementor-widget-text-editor\" data-id=\"edf5eae\" data-element_type=\"widget\" data-e-type=\"widget\" data-widget_type=\"text-editor.default\">\n\t\t\t\t<div class=\"elementor-widget-container\">\n\t\t\t\t\t\t\t\t\t<h2 class=\"list-item-content__title\" style=\"max-width: 100%;\">3. ENVIAR UNA TRANSFERENCIA BANCARIA<\/h2>\n<div class=\"list-item-content__description \" style=\"margin-top: 7%; max-width: 100%;\">\n<p><b>NOMBRE DEL BANCO:<\/b><span style=\"font-weight: 400;\"> <\/span><span style=\"font-weight: 400;\"><br \/>\n  <br \/>\n<\/span><span style=\"font-weight: 400;\">BBVA BANCOMER<\/span><\/p>\n<p><b>TITULAR DE LA CUENTA:<\/b><span style=\"font-weight: 400;\"> <\/span><span style=\"font-weight: 400;\"><br \/>\n  <br \/>\n<\/span><span style=\"font-weight: 400;\">ALIANZA CERO BASURA BCS AC<\/span><\/p>\n<p><b>DIRECCI\u00d3N DEL BANCO:<\/b><b><br \/>\n  <br \/>\n<\/b><span style=\"font-weight: 400;\">C. Benito Ju\u00e1rez 23, Centro, 23880 Todos Santos, B.C.S.<\/span><\/p>\n<p><b>SUCURSAL BANCARIA<\/b><span style=\"font-weight: 400;\"> <\/span><span style=\"font-weight: 400;\"><br \/>\n  <br \/>\n<\/span><span style=\"font-weight: 400;\">5226 <\/span> <\/p>\n<p><b>PESOS N\u00daMERO DE CUENTA (MXN)<\/b><span style=\"font-weight: 400;\">: <\/span><span style=\"font-weight: 400;\"><br \/>\n  <br \/>\n<\/span><span style=\"font-weight: 400;\">0121715801<\/span><\/p>\n<p><b>C\u00d3DIGO DE TRANSFERENCIA INTERBANCARIA<\/b><b><br \/>\n  <br \/>\n<\/b><span style=\"font-weight: 400;\">0120400 0121715801 9<\/span><\/p>\n<p><b>N\u00daMERO DE CUENTA EN D\u00d3LARES<\/b><span style=\"font-weight: 400;\"> <\/span><span style=\"font-weight: 400;\"><br \/>\n  <br \/>\n<\/span><span style=\"font-weight: 400;\">0121716344<\/span><\/p>\n<p><b>C\u00d3DIGO DE TRANSFERENCIA INTERBANCARIA<\/b><span style=\"font-weight: 400;\"><br \/>\n  <br \/>\n<\/span><span style=\"font-weight: 400;\">0120400 0121716344 4<\/span><\/p>\n<p><strong>C\u00d3DIGO BIC\/SWIFT: <br \/><\/strong><span style=\"font-weight: 400;\">BCMRMXMMPYM<\/span><\/p>\n<p class=\"\" style=\"white-space: pre-wrap;\">Env\u00edenos un <span style=\"text-decoration: underline;\"><br \/>\n  <span style=\"color: #3d6733; text-decoration: underline;\"><a style=\"color: #3d6733; text-decoration: underline;\" href=\"mailto:cerobasuratodossantos@gmail.com?subject=I%20donated%20to%20Alianza%20Cero%20Basura!\">correo electr\u00f3nico<\/a> <\/span><br \/>\n<\/span>para hacernos saber que ha donado, de lo contrario ser\u00e1 an\u00f3nimo. Gracias.<\/p>\n<\/div>\n\t\t\t\t\t\t\t\t<\/div>\n\t\t\t\t<\/div>\n\t\t\t\t<\/div>\n\t\t\t\t<\/div>\n\t\t\t\t\t<\/div>\n\t\t\t\t<\/div>\n\t\t\t\t<\/div>\n\t\t","protected":false},"excerpt":{"rendered":"<p>Hacer una donaci\u00f3n Nuestra organizaci\u00f3n se financia gracias a su generosidad.Considere la posibilidad de hacer una donaci\u00f3n hoy mismo. Se necesita recibo fiscal de EE.UU. No se necesita recibo de [&hellip;]<\/p>\n","protected":false},"author":1,"featured_media":2015,"parent":0,"menu_order":0,"comment_status":"closed","ping_status":"closed","template":"elementor_header_footer","meta":{"_monsterinsights_skip_tracking":false,"_monsterinsights_sitenote_active":false,"_monsterinsights_sitenote_note":"","_monsterinsights_sitenote_category":0,"footnotes":""},"class_list":["post-2838","page","type-page","status-publish","has-post-thumbnail","hentry"],"_links":{"self":[{"href":"https:\/\/cerobasurabcs.org\/es\/wp-json\/wp\/v2\/pages\/2838","targetHints":{"allow":["GET"]}}],"collection":[{"href":"https:\/\/cerobasurabcs.org\/es\/wp-json\/wp\/v2\/pages"}],"about":[{"href":"https:\/\/cerobasurabcs.org\/es\/wp-json\/wp\/v2\/types\/page"}],"author":[{"embeddable":true,"href":"https:\/\/cerobasurabcs.org\/es\/wp-json\/wp\/v2\/users\/1"}],"replies":[{"embeddable":true,"href":"https:\/\/cerobasurabcs.org\/es\/wp-json\/wp\/v2\/comments?post=2838"}],"version-history":[{"count":0,"href":"https:\/\/cerobasurabcs.org\/es\/wp-json\/wp\/v2\/pages\/2838\/revisions"}],"wp:featuredmedia":[{"embeddable":true,"href":"https:\/\/cerobasurabcs.org\/es\/wp-json\/wp\/v2\/media\/2015"}],"wp:attachment":[{"href":"https:\/\/cerobasurabcs.org\/es\/wp-json\/wp\/v2\/media?parent=2838"}],"curies":[{"name":"wp","href":"https:\/\/api.w.org\/{rel}","templated":true}]}}