{"id":2492,"date":"2023-09-28T19:51:38","date_gmt":"2023-09-29T02:51:38","guid":{"rendered":"https:\/\/cerobasurabcs.wpengine.com\/quienes-somos\/"},"modified":"2026-03-20T09:59:32","modified_gmt":"2026-03-20T16:59:32","slug":"quienes-somos","status":"publish","type":"page","link":"https:\/\/cerobasurabcs.org\/es\/quienes-somos\/","title":{"rendered":"Quienes somos"},"content":{"rendered":"\t\t<div data-elementor-type=\"wp-page\" data-elementor-id=\"2492\" class=\"elementor elementor-2492 elementor-2\" data-elementor-post-type=\"page\">\n\t\t\t\t<div class=\"elementor-element elementor-element-7bea9ed e-flex e-con-boxed e-con e-parent\" data-id=\"7bea9ed\" data-element_type=\"container\" data-e-type=\"container\" data-settings=\"{&quot;background_background&quot;:&quot;gradient&quot;}\">\n\t\t\t\t\t<div class=\"e-con-inner\">\n\t\t<div class=\"elementor-element elementor-element-f5ba65e e-con-full e-flex e-con e-child\" data-id=\"f5ba65e\" data-element_type=\"container\" data-e-type=\"container\">\n\t\t<div class=\"elementor-element elementor-element-feefd2e e-flex e-con-boxed e-con e-child\" data-id=\"feefd2e\" data-element_type=\"container\" data-e-type=\"container\">\n\t\t\t\t\t<div class=\"e-con-inner\">\n\t\t\t\t<div class=\"elementor-element elementor-element-c9b0298 elementor-widget elementor-widget-image\" data-id=\"c9b0298\" data-element_type=\"widget\" data-e-type=\"widget\" data-widget_type=\"image.default\">\n\t\t\t\t<div class=\"elementor-widget-container\">\n\t\t\t\t\t\t\t\t\t\t\t\t\t\t\t<img fetchpriority=\"high\" decoding=\"async\" width=\"800\" height=\"200\" src=\"https:\/\/cerobasurabcs.org\/wp-content\/uploads\/2023\/10\/cactus-landscape-1024x256.png\" class=\"attachment-large size-large wp-image-2007\" alt=\"\" srcset=\"https:\/\/cerobasurabcs.org\/wp-content\/uploads\/2023\/10\/cactus-landscape-1024x256.png 1024w, https:\/\/cerobasurabcs.org\/wp-content\/uploads\/2023\/10\/cactus-landscape-300x75.png 300w, https:\/\/cerobasurabcs.org\/wp-content\/uploads\/2023\/10\/cactus-landscape-768x192.png 768w, https:\/\/cerobasurabcs.org\/wp-content\/uploads\/2023\/10\/cactus-landscape-1536x384.png 1536w, https:\/\/cerobasurabcs.org\/wp-content\/uploads\/2023\/10\/cactus-landscape.png 1600w\" sizes=\"(max-width: 800px) 100vw, 800px\" \/>\t\t\t\t\t\t\t\t\t\t\t\t\t\t\t<\/div>\n\t\t\t\t<\/div>\n\t\t\t\t<div class=\"elementor-element elementor-element-1fee6e5 elementor-widget elementor-widget-heading\" data-id=\"1fee6e5\" data-element_type=\"widget\" data-e-type=\"widget\" data-widget_type=\"heading.default\">\n\t\t\t\t<div class=\"elementor-widget-container\">\n\t\t\t\t\t<h2 class=\"elementor-heading-title elementor-size-default\">Qui\u00e9nes somos<\/h2>\t\t\t\t<\/div>\n\t\t\t\t<\/div>\n\t\t\t\t<div class=\"elementor-element elementor-element-19cd0b9 elementor-widget elementor-widget-text-editor\" data-id=\"19cd0b9\" data-element_type=\"widget\" data-e-type=\"widget\" data-widget_type=\"text-editor.default\">\n\t\t\t\t<div class=\"elementor-widget-container\">\n\t\t\t\t\t\t\t\t\t<p><strong>Alianza Cero Basura (ACB)<\/strong> de Todos Santos y Pescadero es una red diversa e inclusiva que trabaja en todos los sectores para promover la colaboraci\u00f3n, influir en las pol\u00edticas y catalizar la transformaci\u00f3n de los sistemas de gesti\u00f3n de residuos de Todos Santos y Pescadero. Nuestro trabajo se basa en una visi\u00f3n compartida del cambio y se nutre de la experiencia y los conocimientos de nuestra red y de la comunidad en general.<\/p>\n\t\t\t\t\t\t\t\t<\/div>\n\t\t\t\t<\/div>\n\t\t\t\t\t<\/div>\n\t\t\t\t<\/div>\n\t\t\t\t<\/div>\n\t\t<div class=\"elementor-element elementor-element-0628980 e-con-full e-flex e-con e-child\" data-id=\"0628980\" data-element_type=\"container\" data-e-type=\"container\">\n\t\t\t\t<div class=\"elementor-element elementor-element-7c97513 elementor-widget elementor-widget-video\" data-id=\"7c97513\" data-element_type=\"widget\" data-e-type=\"widget\" data-settings=\"{&quot;youtube_url&quot;:&quot;https:\\\/\\\/www.youtube.com\\\/watch?v=ZGEngz0r9OQ&quot;,&quot;video_type&quot;:&quot;youtube&quot;,&quot;controls&quot;:&quot;yes&quot;}\" data-widget_type=\"video.default\">\n\t\t\t\t<div class=\"elementor-widget-container\">\n\t\t\t\t\t\t\t<div class=\"elementor-wrapper elementor-open-inline\">\n\t\t\t<div class=\"elementor-video\"><\/div>\t\t<\/div>\n\t\t\t\t\t\t<\/div>\n\t\t\t\t<\/div>\n\t\t\t\t<\/div>\n\t\t\t\t\t<\/div>\n\t\t\t\t<\/div>\n\t\t<div class=\"elementor-element elementor-element-badee4d e-flex e-con-boxed e-con e-parent\" data-id=\"badee4d\" data-element_type=\"container\" data-e-type=\"container\" data-settings=\"{&quot;background_background&quot;:&quot;classic&quot;}\">\n\t\t\t\t\t<div class=\"e-con-inner\">\n\t\t\t\t<div class=\"elementor-element elementor-element-517420b elementor-align-center elementor-widget elementor-widget-button\" data-id=\"517420b\" data-element_type=\"widget\" data-e-type=\"widget\" data-widget_type=\"button.default\">\n\t\t\t\t<div class=\"elementor-widget-container\">\n\t\t\t\t\t\t\t\t\t<div class=\"elementor-button-wrapper\">\n\t\t\t\t\t<a class=\"elementor-button elementor-button-link elementor-size-xl\" href=\"https:\/\/cerobasurabcs.org\/wp-content\/uploads\/2026\/03\/Reporte-Anual-2025-ACB-Espanol-1.pdf\" target=\"_blank\">\n\t\t\t\t\t\t<span class=\"elementor-button-content-wrapper\">\n\t\t\t\t\t\t\t\t\t<span class=\"elementor-button-text\">2025 Reporte Anual<\/span>\n\t\t\t\t\t<\/span>\n\t\t\t\t\t<\/a>\n\t\t\t\t<\/div>\n\t\t\t\t\t\t\t\t<\/div>\n\t\t\t\t<\/div>\n\t\t\t\t<div class=\"elementor-element elementor-element-2a8abb3 elementor-align-center elementor-widget elementor-widget-button\" data-id=\"2a8abb3\" data-element_type=\"widget\" data-e-type=\"widget\" data-widget_type=\"button.default\">\n\t\t\t\t<div class=\"elementor-widget-container\">\n\t\t\t\t\t\t\t\t\t<div class=\"elementor-button-wrapper\">\n\t\t\t\t\t<a class=\"elementor-button elementor-button-link elementor-size-xl\" href=\"https:\/\/cerobasurabcs.org\/Cero-Basura-Reporte-Anual-2023.pdf\" target=\"_blank\">\n\t\t\t\t\t\t<span class=\"elementor-button-content-wrapper\">\n\t\t\t\t\t\t\t\t\t<span class=\"elementor-button-text\">2023 Reporte Anual<\/span>\n\t\t\t\t\t<\/span>\n\t\t\t\t\t<\/a>\n\t\t\t\t<\/div>\n\t\t\t\t\t\t\t\t<\/div>\n\t\t\t\t<\/div>\n\t\t\t\t\t<\/div>\n\t\t\t\t<\/div>\n\t\t<div class=\"elementor-element elementor-element-6034012 e-flex e-con-boxed e-con e-parent\" data-id=\"6034012\" data-element_type=\"container\" data-e-type=\"container\" data-settings=\"{&quot;background_background&quot;:&quot;classic&quot;}\">\n\t\t\t\t\t<div class=\"e-con-inner\">\n\t\t\t\t<div class=\"elementor-element elementor-element-7abefa8 elementor-widget elementor-widget-heading\" data-id=\"7abefa8\" data-element_type=\"widget\" data-e-type=\"widget\" data-widget_type=\"heading.default\">\n\t\t\t\t<div class=\"elementor-widget-container\">\n\t\t\t\t\t<h4 class=\"elementor-heading-title elementor-size-default\">Alianza Cero Basura se compromete a:<\/h4>\t\t\t\t<\/div>\n\t\t\t\t<\/div>\n\t\t\t\t<div class=\"elementor-element elementor-element-3e41b79 elementor-widget elementor-widget-heading\" data-id=\"3e41b79\" data-element_type=\"widget\" data-e-type=\"widget\" data-widget_type=\"heading.default\">\n\t\t\t\t<div class=\"elementor-widget-container\">\n\t\t\t\t\t<h2 class=\"elementor-heading-title elementor-size-default\">Educar, inspirar y conectar a nuestra comunidad con pr\u00e1cticas de residuo cero.<\/h2>\t\t\t\t<\/div>\n\t\t\t\t<\/div>\n\t\t\t\t<div class=\"elementor-element elementor-element-aba12ff elementor-widget elementor-widget-text-editor\" data-id=\"aba12ff\" data-element_type=\"widget\" data-e-type=\"widget\" data-widget_type=\"text-editor.default\">\n\t\t\t\t<div class=\"elementor-widget-container\">\n\t\t\t\t\t\t\t\t\t<p>Apoyamos los sistemas de gesti\u00f3n de residuos que mejoran la salud y el bienestar de nuestras comunidades, nuestro medio ambiente y nuestra econom\u00eda.<\/p>\n\t\t\t\t\t\t\t\t<\/div>\n\t\t\t\t<\/div>\n\t\t\t\t\t<\/div>\n\t\t\t\t<\/div>\n\t\t<div class=\"elementor-element elementor-element-cb9c8ca e-con-full e-flex e-con e-parent\" data-id=\"cb9c8ca\" data-element_type=\"container\" data-e-type=\"container\">\n\t\t\t\t<div class=\"elementor-element elementor-element-33e9ed7 elementor-cta--layout-image-left elementor-cta--mobile-layout-image-above elementor-cta--skin-classic elementor-animated-content elementor-widget elementor-widget-call-to-action\" data-id=\"33e9ed7\" data-element_type=\"widget\" data-e-type=\"widget\" data-widget_type=\"call-to-action.default\">\n\t\t\t\t<div class=\"elementor-widget-container\">\n\t\t\t\t\t\t\t<div class=\"elementor-cta\">\n\t\t\t\t\t<div class=\"elementor-cta__bg-wrapper\">\n\t\t\t\t<div class=\"elementor-cta__bg elementor-bg\" style=\"background-image: url(https:\/\/cerobasurabcs.org\/wp-content\/uploads\/2023\/10\/cineminuto-todos-santos.jpg);\" role=\"img\" aria-label=\"cineminuto-todos-santos\"><\/div>\n\t\t\t\t<div class=\"elementor-cta__bg-overlay\"><\/div>\n\t\t\t<\/div>\n\t\t\t\t\t\t\t<div class=\"elementor-cta__content\">\n\t\t\t\t\n\t\t\t\t\t\t\t\t\t<h2 class=\"elementor-cta__title elementor-cta__content-item elementor-content-item\">\n\t\t\t\t\t\tNuestra estrategia\t\t\t\t\t<\/h2>\n\t\t\t\t\n\t\t\t\t\t\t\t\t\t<div class=\"elementor-cta__description elementor-cta__content-item elementor-content-item\">\n\t\t\t\t\t\t<p>Alianza Cero Basura (ACB) de Todos Santos y Pescadero es una red diversa e inclusiva que trabaja en todos los sectores para promover la colaboraci\u00f3n, influir en las pol\u00edticas y catalizar la transformaci\u00f3n de los sistemas de gesti\u00f3n de residuos de Todos Santos y Pescadero.  <\/P>Nuestro trabajo se basa en una visi\u00f3n compartida del cambio y se nutre de la experiencia y los conocimientos de nuestra red y de la comunidad en general.<\/P><\/p>\n<p>Nuestra misi\u00f3n es mejorar radicalmente los sistemas locales de gesti\u00f3n de residuos y cambiar la relaci\u00f3n de nuestra comunidad con la basura. Nuestro objetivo al hacerlo es mejorar la salud y el bienestar de nuestras comunidades, nuestro medio ambiente y nuestra econom\u00eda, y contribuir como comunidad a la agenda clim\u00e1tica mundial.<br \/>\n<\/P><br \/>\nEn \u00faltima instancia, queremos ser una comunidad unida que produzca menos residuos, se responsabilice de los que produce y apoye una econom\u00eda circular en la que los residuos sean reutilizados por empresas locales din\u00e1micas.<\/p>\n\t\t\t\t\t<\/div>\n\t\t\t\t\n\t\t\t\t\t\t\t<\/div>\n\t\t\t\t\t\t<\/div>\n\t\t\t\t\t\t<\/div>\n\t\t\t\t<\/div>\n\t\t\t\t<\/div>\n\t\t<div class=\"elementor-element elementor-element-9967738 e-flex e-con-boxed e-con e-parent\" data-id=\"9967738\" data-element_type=\"container\" data-e-type=\"container\" data-settings=\"{&quot;background_background&quot;:&quot;classic&quot;}\">\n\t\t\t\t\t<div class=\"e-con-inner\">\n\t\t\t\t<div class=\"elementor-element elementor-element-55f1bdc elementor-widget elementor-widget-heading\" data-id=\"55f1bdc\" data-element_type=\"widget\" data-e-type=\"widget\" data-widget_type=\"heading.default\">\n\t\t\t\t<div class=\"elementor-widget-container\">\n\t\t\t\t\t<h2 class=\"elementor-heading-title elementor-size-default\">Asociaciones gubernamentales<\/h2>\t\t\t\t<\/div>\n\t\t\t\t<\/div>\n\t\t\t\t<div class=\"elementor-element elementor-element-b99c281 elementor-widget elementor-widget-text-editor\" data-id=\"b99c281\" data-element_type=\"widget\" data-e-type=\"widget\" data-widget_type=\"text-editor.default\">\n\t\t\t\t<div class=\"elementor-widget-container\">\n\t\t\t\t\t\t\t\t\t<p>Los miembros de Alianza Cero Basura se han puesto en contacto con m\u00faltiples secretar\u00edas y direcciones del gobierno, tanto a nivel estatal como municipal. El prop\u00f3sito de estos compromisos es construir un entendimiento compartido sobre una transici\u00f3n a largo plazo hacia econom\u00edas circulares en las que transformemos el problema de la basura en una oportunidad para los residuos.  <\/p>\n<p>A nivel municipal estamos en conversaciones con los siguientes:<\/p>\n<ul>\n<li>Presidente Municipal<\/li>\n<li>Directores que dirigen: Gesti\u00f3n Integral de la Ciudad; Servicios P\u00fablicos; Promoci\u00f3n Econ\u00f3mica; Turismo Municipal; Desarrollo Rural Sostenible.<\/li>\n<li>Representantes de la Zona Federal Mar\u00edtimo Terrestre (ZOFEMAT)<\/li>\n<\/ul>\n<p>Estas conversaciones se han cristalizado en cuatro puntos de acci\u00f3n para el Plan de Desarrollo Municipal 2021-2024:<\/p>\n<ol>\n<li>Separaci\u00f3n de residuos en origen: hogares, hoteles, restaurantes<\/li>\n<li>Tratamiento de residuos org\u00e1nicos: digesti\u00f3n anaerobia<\/li>\n<li>Colaboraci\u00f3n con segregadores (carro\u00f1eros) de residuos inorg\u00e1nicos valorizables: reciclado y transformaci\u00f3n<\/li>\n<li>Mantenimiento de vertederos controlados a cielo abierto: vertederos<\/li>\n<\/ol>\n<p>A nivel estatal estamos en conversaciones con los siguientes:<\/p>\n<ul>\n<li>Coordinador de asesores del Ejecutivo (Gobernador)<\/li>\n<li>Director Jur\u00eddico y de Transparencia<\/li>\n<li>Subsecretar\u00edas de Turismo y Sostenibilidad<\/li>\n<li>Jefe de Adquisiciones del Instituto de Vivienda de Baja California Sur<\/li>\n<\/ul>\n<p>Estas conversaciones han permitido a la ZWA formar parte del proceso de revisi\u00f3n y edici\u00f3n del Plan Estatal de Desarrollo, y nos permitir\u00e1n ayudar a influir en los esfuerzos de gesti\u00f3n de residuos relacionados con la reactivaci\u00f3n econ\u00f3mica, el empleo inclusivo, las infraestructuras, la transparencia y la rendici\u00f3n de cuentas.<\/p>\n\t\t\t\t\t\t\t\t<\/div>\n\t\t\t\t<\/div>\n\t\t\t\t\t<\/div>\n\t\t\t\t<\/div>\n\t\t<div class=\"elementor-element elementor-element-1bb452db e-flex e-con-boxed e-con e-parent\" data-id=\"1bb452db\" data-element_type=\"container\" data-e-type=\"container\" data-settings=\"{&quot;background_background&quot;:&quot;classic&quot;}\">\n\t\t\t\t\t<div class=\"e-con-inner\">\n\t\t\t\t<div class=\"elementor-element elementor-element-6ff06c3a elementor-widget elementor-widget-text-editor\" data-id=\"6ff06c3a\" data-element_type=\"widget\" data-e-type=\"widget\" data-widget_type=\"text-editor.default\">\n\t\t\t\t<div class=\"elementor-widget-container\">\n\t\t\t\t\t\t\t\t\t<article id=\"sections\" class=\"sections\" data-page-sections=\"621d5b89db35ac3cecf8fc46\">\n<section class=\"page-section layout-engine-section background-width--full-bleed section-height--medium content-width--medium horizontal-alignment--center vertical-alignment--middle has-background black\" data-test=\"page-section\" data-section-theme=\"black\" data-section-id=\"62244d07cf51fb65819b8dd8\" data-controller=\"SectionWrapperController\" data-current-styles=\"{ \"backgroundImage\": { \"id\": \"63d846ae4ca4875a75f4fd20\", \"recordType\": 2, \"addedOn\": 1675118254821, \"updatedOn\": 1675118254905, \"workflowState\": 1, \"publishOn\": 1675118254821, \"authorId\": \"6333328297dc08207f0dd86c\", \"systemDataId\": \"b9988cbb-5241-4446-a9ee-382d3eb77a3d\", \"systemDataVariants\": \"2100x1199,100w,300w,500w,750w,1000w,1500w\", \"systemDataSourceType\": \"JPG\", \"filename\": \"zwa-mission.jpg\", \"mediaFocalPoint\": { \"x\": 0.5, \"y\": 0.5, \"source\": 3 }, \"colorData\": { \"topLeftAverage\": \"9ea1be\", \"topRightAverage\": \"3771bd\", \"bottomLeftAverage\": \"7c6d33\", \"bottomRightAverage\": \"898039\", \"centerAverage\": \"a5a7b1\", \"suggestedBgColor\": \"788693\" }, \"urlId\": \"r45ccsqy566s4afizpscfl21yqhp5p\", \"title\": \"\", \"body\": null, \"likeCount\": 0, \"commentCount\": 0, \"publicCommentCount\": 0, \"commentState\": 2, \"unsaved\": false, \"author\": { \"id\": \"6333328297dc08207f0dd86c\", \"displayName\": \"Megan Wehrenberg\", \"firstName\": \"Megan\", \"lastName\": \"Wehrenberg\", \"avatarUrl\": \"https:\/\/static1.squarespace.com\/static\/images\/633332830df8a51e2d8cec65\", \"bio\": \"\", \"avatarAssetUrl\": \"https:\/\/static1.squarespace.com\/static\/images\/633332830df8a51e2d8cec65\" }, \"assetUrl\": \"https:\/\/cerobasurabcs.org\/wp-content\/uploads\/2023\/09\/zwa-mission.jpg\", \"contentType\": \"image\/jpeg\", \"items\": [ ], \"pushedServices\": { }, \"pendingPushedServices\": { }, \"originalSize\": \"2100x1199\", \"recordTypeLabel\": \"image\" }, \"imageOverlayOpacity\": 0.4, \"backgroundWidth\": \"background-width--full-bleed\", \"sectionHeight\": \"section-height--medium\", \"customSectionHeight\": 85, \"horizontalAlignment\": \"horizontal-alignment--center\", \"verticalAlignment\": \"vertical-alignment--middle\", \"contentWidth\": \"content-width--medium\", \"sectionTheme\": \"black\", \"sectionAnimation\": \"none\", \"backgroundMode\": \"image\" }\" data-current-context=\"{ \"video\": { \"playbackSpeed\": 0.5, \"filter\": 1, \"filterStrength\": 0, \"zoom\": 0, \"videoSourceProvider\": \"none\" }, \"backgroundImageId\": null, \"backgroundMediaEffect\": { \"type\": \"none\" }, \"divider\": null, \"typeName\": null }\" data-animation=\"none\">\n<div class=\"section-border\">\n<div class=\"section-background\"> <\/div>\n<\/div>\n<\/section>\n<section class=\"page-section layout-engine-section background-width--full-bleed section-height--small content-width--wide horizontal-alignment--center vertical-alignment--middle light\" data-test=\"page-section\" data-section-theme=\"light\" data-section-id=\"622556f3bf6d893f4c02c977\" data-controller=\"SectionWrapperController\" data-current-styles=\"{ \"imageOverlayOpacity\": 0.15, \"backgroundWidth\": \"background-width--full-bleed\", \"sectionHeight\": \"section-height--small\", \"horizontalAlignment\": \"horizontal-alignment--center\", \"verticalAlignment\": \"vertical-alignment--middle\", \"contentWidth\": \"content-width--wide\", \"sectionTheme\": \"light\", \"sectionAnimation\": \"none\", \"backgroundMode\": \"image\" }\" data-current-context=\"{ \"video\": { \"playbackSpeed\": 0.5, \"filter\": 1, \"filterStrength\": 0, \"zoom\": 0, \"videoSourceProvider\": \"none\" }, \"backgroundImageId\": null, \"backgroundMediaEffect\": null, \"divider\": null, \"typeName\": null }\" data-animation=\"none\">\n<div class=\"content-wrapper\">\n<div class=\"content\">\n<div id=\"page-section-622556f3bf6d893f4c02c977\" class=\"sqs-layout sqs-grid-12 columns-12\" data-type=\"page-section\">\n<div class=\"row sqs-row\">\n<div class=\"col sqs-col-5 span-5\">\n<div id=\"block-a6891a001134a7a6c374\" class=\"sqs-block html-block sqs-block-html\" data-block-type=\"2\">\n<div class=\"sqs-block-content\">\n<div class=\"sqs-html-content\">\n<h2 style=\"white-space: pre-wrap;\">M\u00e1s informaci\u00f3n&#8230;<\/h2>\n<\/div>\n<\/div>\n<\/div>\n<\/div>\n<div class=\"col sqs-col-1 span-1\">\n<div id=\"block-c95febc18de70ffd9d1c\" class=\"sqs-block spacer-block sqs-block-spacer sized vsize-1\" data-block-type=\"21\">\n<div class=\"sqs-block-content\"> <\/div>\n<\/div>\n<\/div>\n<div class=\"col sqs-col-6 span-6\">\n<div id=\"block-6a2abc199d6f8f943fea\" class=\"sqs-block html-block sqs-block-html\" data-block-type=\"2\">\n<div class=\"sqs-block-content\">\n<div class=\"sqs-html-content\">\n<p class=\"\" style=\"white-space: pre-wrap;\"><strong>Alianza Cero Basura (ACB)<\/strong> es la siguiente etapa del exitoso movimiento <strong>Desplastif\u00edcate<\/strong> en Baja California Sur. Desplastif\u00edcate desempe\u00f1\u00f3 un papel decisivo en la aprobaci\u00f3n de la ley que prohibi\u00f3 los pl\u00e1sticos de un solo uso en BCS, y a nivel local ayud\u00f3 a cientos de empresas y escuelas locales a eliminar los pl\u00e1sticos de un solo uso y a adoptar el compostaje y el reciclaje. Desplastif\u00edcate pone ahora su capital humano y financiero al servicio de la estrategia a largo plazo de Basura Cero para nuestras comunidades.<\/p>\n<p class=\"\" style=\"white-space: pre-wrap;\">Los patrocinadores fiscales de la ZWA son <strong>Ponguinguiola<\/strong> y la <strong>International Community Foundation (ICF<\/strong>).<\/p>\n<p class=\"\" style=\"white-space: pre-wrap;\">Ponguinguiola es la organizaci\u00f3n mexicana sin fines de lucro con sede local que lanz\u00f3 la campa\u00f1a #Desplastifica en todo el estado de Baja California Sur (BCS) en 2016, y que fue fundamental para lograr la aprobaci\u00f3n de la ley que prohibi\u00f3 los pl\u00e1sticos de un solo uso en BCS.<\/p>\n<p class=\"\" style=\"white-space: pre-wrap;\">La International Community Foundation colabora estrechamente con m\u00e1s de 150 organizaciones sin \u00e1nimo de lucro de M\u00e9xico y Am\u00e9rica Latina para garantizar que cuentan con las capacidades organizativas y las herramientas necesarias para llevar a cabo una labor significativa y eficaz en los \u00e1mbitos de la salud, la educaci\u00f3n y el medio ambiente. El personal del ICF ayuda a estas organizaciones a elaborar planes de trabajo, presupuestos anuales y propuestas, al tiempo que las asesora sobre planificaci\u00f3n estrat\u00e9gica y desarrollo del liderazgo.<\/p>\n<\/div>\n<\/div>\n<\/div>\n<\/div>\n<\/div>\n<\/div>\n<\/div>\n<\/div>\n<\/section>\n<\/article>\n\t\t\t\t\t\t\t\t<\/div>\n\t\t\t\t<\/div>\n\t\t\t\t\t<\/div>\n\t\t\t\t<\/div>\n\t\t<div class=\"elementor-element elementor-element-2ed7823 e-con-full e-flex e-con e-parent\" data-id=\"2ed7823\" data-element_type=\"container\" data-e-type=\"container\">\n\t\t\t\t<div class=\"elementor-element elementor-element-45dd5aa elementor-cta--layout-image-left elementor-cta--skin-classic elementor-animated-content elementor-widget elementor-widget-call-to-action\" data-id=\"45dd5aa\" data-element_type=\"widget\" data-e-type=\"widget\" data-widget_type=\"call-to-action.default\">\n\t\t\t\t<div class=\"elementor-widget-container\">\n\t\t\t\t\t\t\t<a class=\"elementor-cta\" href=\"https:\/\/cerobasurabcs.org\/meet-the-team\/\">\n\t\t\t\t\t<div class=\"elementor-cta__bg-wrapper\">\n\t\t\t\t<div class=\"elementor-cta__bg elementor-bg\" style=\"background-image: url(https:\/\/cerobasurabcs.org\/wp-content\/uploads\/2023\/09\/6_CeroBasura_PuntaLobos_Oct2022-27-1024x581.jpg);\" role=\"img\" aria-label=\"CeroBasura_PuntaLobos_Oct2022-27\"><\/div>\n\t\t\t\t<div class=\"elementor-cta__bg-overlay\"><\/div>\n\t\t\t<\/div>\n\t\t\t\t\t\t\t<div class=\"elementor-cta__content\">\n\t\t\t\t\n\t\t\t\t\t\t\t\t\t<h2 class=\"elementor-cta__title elementor-cta__content-item elementor-content-item\">\n\t\t\t\t\t\tConoce al equipo\t\t\t\t\t<\/h2>\n\t\t\t\t\n\t\t\t\t\n\t\t\t\t\t\t\t<\/div>\n\t\t\t\t\t\t<\/a>\n\t\t\t\t\t\t<\/div>\n\t\t\t\t<\/div>\n\t\t\t\t<\/div>\n\t\t\t\t<\/div>\n\t\t","protected":false},"excerpt":{"rendered":"<p>Qui\u00e9nes somos Alianza Cero Basura (ACB) de Todos Santos y Pescadero es una red diversa e inclusiva que trabaja en todos los sectores para promover la colaboraci\u00f3n, influir en las [&hellip;]<\/p>\n","protected":false},"author":1,"featured_media":2023,"parent":0,"menu_order":0,"comment_status":"closed","ping_status":"closed","template":"elementor_header_footer","meta":{"_monsterinsights_skip_tracking":false,"_monsterinsights_sitenote_active":false,"_monsterinsights_sitenote_note":"","_monsterinsights_sitenote_category":0,"footnotes":""},"class_list":["post-2492","page","type-page","status-publish","has-post-thumbnail","hentry"],"_links":{"self":[{"href":"https:\/\/cerobasurabcs.org\/es\/wp-json\/wp\/v2\/pages\/2492","targetHints":{"allow":["GET"]}}],"collection":[{"href":"https:\/\/cerobasurabcs.org\/es\/wp-json\/wp\/v2\/pages"}],"about":[{"href":"https:\/\/cerobasurabcs.org\/es\/wp-json\/wp\/v2\/types\/page"}],"author":[{"embeddable":true,"href":"https:\/\/cerobasurabcs.org\/es\/wp-json\/wp\/v2\/users\/1"}],"replies":[{"embeddable":true,"href":"https:\/\/cerobasurabcs.org\/es\/wp-json\/wp\/v2\/comments?post=2492"}],"version-history":[{"count":0,"href":"https:\/\/cerobasurabcs.org\/es\/wp-json\/wp\/v2\/pages\/2492\/revisions"}],"wp:featuredmedia":[{"embeddable":true,"href":"https:\/\/cerobasurabcs.org\/es\/wp-json\/wp\/v2\/media\/2023"}],"wp:attachment":[{"href":"https:\/\/cerobasurabcs.org\/es\/wp-json\/wp\/v2\/media?parent=2492"}],"curies":[{"name":"wp","href":"https:\/\/api.w.org\/{rel}","templated":true}]}}