{"id":2053,"date":"2023-09-28T19:52:01","date_gmt":"2023-09-29T02:52:01","guid":{"rendered":"https:\/\/cerobasurabcs.wpengine.com\/legado\/"},"modified":"2023-09-28T19:52:01","modified_gmt":"2023-09-28T19:52:01","slug":"legado","status":"publish","type":"page","link":"https:\/\/cerobasurabcs.org\/es\/nuestros-patrocinadores\/legado\/","title":{"rendered":"Legado"},"content":{"rendered":"<article class=\"sections\" id=\"sections\" data-page-sections=\"6463bf796a08ed70f4d35d8b\">\n<section data-test=\"page-section\" data-section-theme=\"bright\" class=\"page-section layout-engine-section background-width--full-bleed section-height--small content-width--medium horizontal-alignment--center vertical-alignment--middle bright\" data-section-id=\"6463bf796a08ed70f4d35d8e\" data-controller=\"SectionWrapperController\" data-current-styles=\"{ \"imageOverlayOpacity\": 0.15, \"backgroundWidth\": \"background-width--full-bleed\", \"sectionHeight\": \"section-height--small\", \"customSectionHeight\": 85, \"horizontalAlignment\": \"horizontal-alignment--center\", \"verticalAlignment\": \"vertical-alignment--middle\", \"contentWidth\": \"content-width--medium\", \"sectionTheme\": \"bright\", \"sectionAnimation\": \"none\", \"backgroundMode\": \"image\" }\" data-current-context=\"{ \"video\": { \"playbackSpeed\": 0.5, \"filter\": 1, \"filterStrength\": 0, \"zoom\": 0, \"videoSourceProvider\": \"none\" }, \"backgroundImageId\": null, \"backgroundMediaEffect\": null, \"divider\": null, \"typeName\": null }\" data-animation=\"none\">\n<div class=\"section-border\">\n<div class=\"section-background\"><\/div>\n<\/p><\/div>\n<div class=\"content-wrapper\" style=\" \">\n<div class=\"content\">\n<div class=\"sqs-layout sqs-grid-12 columns-12\" data-type=\"page-section\" id=\"page-section-6463bf796a08ed70f4d35d8e\">\n<div class=\"row sqs-row\">\n<div class=\"col sqs-col-12 span-12\">\n<div class=\"sqs-block html-block sqs-block-html\" data-block-type=\"2\" id=\"block-a5525b8e5f32219c9aeb\">\n<div class=\"sqs-block-content\">\n<div class=\"sqs-html-content\">\n<h1 style=\"text-align:center;white-space:pre-wrap;\">Legado<\/h1>\n<\/div>\n<\/div>\n<\/div>\n<\/div>\n<\/div>\n<\/div><\/div>\n<\/p><\/div>\n<\/section>\n<section data-test=\"page-section\" data-section-theme=\"light\" class=\"page-section layout-engine-section background-width--full-bleed section-height--custom content-width--wide horizontal-alignment--center vertical-alignment--middle light\" data-section-id=\"6463bf796a08ed70f4d35d90\" data-controller=\"SectionWrapperController\" data-current-styles=\"{ \"imageOverlayOpacity\": 0.15, \"backgroundWidth\": \"background-width--full-bleed\", \"sectionHeight\": \"section-height--custom\", \"customSectionHeight\": 10, \"horizontalAlignment\": \"horizontal-alignment--center\", \"verticalAlignment\": \"vertical-alignment--middle\", \"contentWidth\": \"content-width--wide\", \"sectionTheme\": \"light\", \"sectionAnimation\": \"none\", \"backgroundMode\": \"image\" }\" data-current-context=\"{ \"video\": { \"playbackSpeed\": 0.5, \"filter\": 1, \"filterStrength\": 0, \"zoom\": 0, \"videoSourceProvider\": \"none\" }, \"backgroundImageId\": null, \"backgroundMediaEffect\": { \"type\": \"none\" }, \"divider\": { \"enabled\": false }, \"typeName\": null }\" data-animation=\"none\" style=\"min-height: 10vh;\">\n<div class=\"section-border\">\n<div class=\"section-background\"><\/div>\n<\/p><\/div>\n<div class=\"content-wrapper\" style=\"  padding-top: calc(10vmax \/ 10); padding-bottom: calc(10vmax \/ 10);  \">\n<div class=\"content\">\n<div class=\"sqs-layout sqs-grid-12 columns-12\" data-type=\"page-section\" id=\"page-section-6463bf796a08ed70f4d35d90\">\n<div class=\"row sqs-row\">\n<div class=\"col sqs-col-12 span-12\">\n<div class=\"sqs-block html-block sqs-block-html\" data-block-type=\"2\" id=\"block-1636878ff3f637858920\">\n<div class=\"sqs-block-content\">\n<div class=\"sqs-html-content\">\n<p style=\"text-align:center;white-space:pre-wrap;\" class=\"sqsrte-large\"><span class=\"sqsrte-text-color--black\">Gracias a nuestros colaboradores de nivel Legacy que han contribuido<\/span><\/p>\n<p style=\"text-align:center;white-space:pre-wrap;\" class=\"sqsrte-large\"><span class=\"sqsrte-text-color--black\">en la categor\u00eda de Defensor o Campe\u00f3n durante al menos 3 a\u00f1os<\/span><\/p>\n<p style=\"text-align:center;white-space:pre-wrap;\" class=\"sqsrte-large\"><span class=\"sqsrte-text-color--black\">dejar un legado duradero para el futuro de Todos Santos y Pescadero<\/span><\/p>\n<\/div>\n<\/div>\n<\/div>\n<\/div>\n<\/div>\n<\/div><\/div>\n<\/p><\/div>\n<\/section>\n<section data-test=\"page-section\" data-section-theme=\"\" class=\"page-section full-bleed-section layout-engine-section background-width--full-bleed section-height--small content-width--wide horizontal-alignment--center vertical-alignment--middle \" data-section-id=\"6463bf796a08ed70f4d35d93\" data-controller=\"SectionWrapperController\" data-current-styles=\"{ \"imageOverlayOpacity\": 0.15, \"backgroundWidth\": \"background-width--full-bleed\", \"sectionHeight\": \"section-height--small\", \"customSectionHeight\": 1, \"horizontalAlignment\": \"horizontal-alignment--center\", \"verticalAlignment\": \"vertical-alignment--middle\", \"contentWidth\": \"content-width--wide\", \"customContentWidth\": 50, \"backgroundColor\": \"\", \"sectionTheme\": \"\", \"sectionAnimation\": \"none\", \"backgroundMode\": \"image\" }\" data-current-context=\"{ \"video\": { \"playbackSpeed\": 0.5, \"filter\": 1, \"filterStrength\": 0, \"zoom\": 0, \"videoSourceProvider\": \"none\" }, \"backgroundImageId\": null, \"backgroundMediaEffect\": { \"type\": \"none\" }, \"divider\": { \"enabled\": false, \"type\": \"wavy\", \"width\": { \"unit\": \"vw\", \"value\": 100.0 }, \"height\": { \"unit\": \"vw\", \"value\": 6.0 }, \"isFlipX\": false, \"isFlipY\": false, \"offset\": { \"unit\": \"px\", \"value\": 0.0 }, \"stroke\": { \"style\": \"solid\", \"color\": { \"type\": \"THEME_COLOR\" }, \"thickness\": { \"unit\": \"px\", \"value\": 6.0 }, \"dashLength\": { \"unit\": \"px\", \"value\": 5.0 }, \"gapLength\": { \"unit\": \"px\", \"value\": 15.0 }, \"linecap\": \"square\" } }, \"typeName\": null }\" data-animation=\"none\" data-fluid-engine-section=\"\">\n<div class=\"section-border\">\n<div class=\"section-background\"><\/div>\n<\/p><\/div>\n<div class=\"content-wrapper\" style=\" \">\n<div class=\"content\">\n<div data-fluid-engine=\"true\">\n<style>.fe-6463bf796a08ed70f4d35d92 {\n  --grid-gutter: calc(var(--sqs-mobile-site-gutter, 6vw) - 11.0px);\n  --cell-max-width: calc( ( var(--sqs-site-max-width, 1500px) - (11.0px * (8 - 1)) ) \/ 8 );<\/p>\n<p>  display: grid;\n  position: relative;\n  grid-area: 1\/1\/-1\/-1;\n  grid-template-rows: repeat(8,minmax(24px, auto));\n  grid-template-columns:\n    minmax(var(--grid-gutter), 1fr)\n    repeat(8, minmax(0, var(--cell-max-width)))\n    minmax(var(--grid-gutter), 1fr);\n  row-gap: 11.0px;\n  column-gap: 11.0px;\n}<\/p>\n<p>@media (min-width: 768px) {\n  .background-width--inset .fe-6463bf796a08ed70f4d35d92 {\n    --inset-padding: calc(var(--sqs-site-gutter) * 2);\n  }<\/p>\n<p>  .fe-6463bf796a08ed70f4d35d92 {\n    --grid-gutter: calc(var(--sqs-site-gutter, 4vw) - 11.0px);\n    --cell-max-width: calc( ( var(--sqs-site-max-width, 1500px) - (11.0px * (24 - 1)) ) \/ 24 );\n    --inset-padding: 0vw;<\/p>\n<p>    --row-height-scaling-factor: 0.0215;\n    --container-width: min(var(--sqs-site-max-width, 1500px), calc(100vw - var(--sqs-site-gutter, 4vw) * 2 - var(--inset-padding) ));<\/p>\n<p>    grid-template-rows: repeat(11,minmax(calc(var(--container-width) * var(--row-height-scaling-factor)), auto));\n    grid-template-columns:\n      minmax(var(--grid-gutter), 1fr)\n      repeat(24, minmax(0, var(--cell-max-width)))\n      minmax(var(--grid-gutter), 1fr);\n  }\n}<\/p>\n<p>  .fe-block-4408aeea54390603c61c {\n    grid-area: 1\/3\/9\/9;\n    z-index: 1;\n  }<\/p>\n<p>  .fe-block-4408aeea54390603c61c .sqs-block {\n    justify-content: center;\n  }<\/p>\n<p>  .fe-block-4408aeea54390603c61c .sqs-block-alignment-wrapper {\n    align-items: center;\n  }<\/p>\n<p>  @media (min-width: 768px) {\n    .fe-block-4408aeea54390603c61c {\n      grid-area: 1\/10\/12\/18;\n      z-index: 1;\n    }<\/p>\n<p>    .fe-block-4408aeea54390603c61c .sqs-block {\n      justify-content: center;\n    }<\/p>\n<p>    .fe-block-4408aeea54390603c61c .sqs-block-alignment-wrapper {\n      align-items: center;\n    }\n  }<\/p>\n<\/style>\n<div class=\"fluid-engine fe-6463bf796a08ed70f4d35d92\">\n<div class=\"fe-block fe-block-4408aeea54390603c61c\">\n<div class=\"sqs-block image-block sqs-block-image sqs-stretched\" data-aspect-ratio=\"72.244722102542\" data-block-type=\"5\" id=\"block-4408aeea54390603c61c\">\n<div class=\"sqs-block-content\">\n<div class=\" image-block-outer-wrapper layout-caption-below design-layout-fluid image-position-center combination-animation-site-default individual-animation-site-default \" data-test=\"image-block-fluid-outer-wrapper\">\n<div class=\"fluid-image-animation-wrapper sqs-image sqs-block-alignment-wrapper\" data-animation-role=\"image\">\n<div class=\"fluid-image-container sqs-image-content\" style=\"overflow: hidden;-webkit-mask-image: -webkit-radial-gradient(white, black);position: relative;width: 100%;height: 100%;\">\n<p>            <a class=\"sqs-block-image-link content-fill\" href=\"#lightbox_all-donors-popup-texts_#block-9524a4110321aea297b9\"><\/p>\n<p>              <img loading=\"lazy\" data-stretch=\"true\" src=\"https:\/\/cerobasurabcs.org\/wp-content\/uploads\/2023\/09\/Legacy.jpg\" data-image=\"https:\/\/cerobasurabcs.org\/wp-content\/uploads\/2023\/09\/Legacy.jpg\" data-image-dimensions=\"500x500\" data-image-focal-point=\"0.5,0.5\" alt=\"\" data-load=\"false\" width=\"500\" height=\"500\" sizes=\"auto, 100vw\" style=\"display:block;object-fit: cover; object-position: 50% 50%\" srcset=\"https:\/\/cerobasurabcs.org\/wp-content\/uploads\/2023\/09\/Legacy.jpg?format=100w 100w, https:\/\/cerobasurabcs.org\/wp-content\/uploads\/2023\/09\/Legacy.jpg?format=300w 300w, https:\/\/cerobasurabcs.org\/wp-content\/uploads\/2023\/09\/Legacy.jpg?format=500w 500w, https:\/\/cerobasurabcs.org\/wp-content\/uploads\/2023\/09\/Legacy.jpg?format=750w 750w, https:\/\/cerobasurabcs.org\/wp-content\/uploads\/2023\/09\/Legacy.jpg?format=1000w 1000w, https:\/\/cerobasurabcs.org\/wp-content\/uploads\/2023\/09\/Legacy.jpg?format=1500w 1500w, https:\/\/cerobasurabcs.org\/wp-content\/uploads\/2023\/09\/Legacy.jpg?format=2500w 2500w\" loading=\"lazy\" decoding=\"async\" data-loader=\"sqs\"><\/p>\n<div class=\"fluidImageOverlay\"><\/div>\n<p>            <\/a><\/p><\/div>\n<\/p><\/div>\n<\/p><\/div>\n<style>\n<p>        .sqs-block-image .sqs-block-content {\n          height: 100%;\n          width: 100%;\n        }<\/p>\n<p>        .fe-block-4408aeea54390603c61c .fluidImageOverlay {\n          position: absolute;\n          top: 0;\n          left: 0;\n          width: 100%;\n          height: 100%;\n          mix-blend-mode: normal;<\/p>\n<p>            opacity: 0;<\/p>\n<p>        }<\/p>\n<\/style>\n<\/div>\n<\/div>\n<\/div>\n<\/div>\n<\/div><\/div>\n<\/p><\/div>\n<\/section>\n<section data-test=\"page-section\" data-section-theme=\"\" class=\"page-section full-bleed-section layout-engine-section background-width--full-bleed section-height--small content-width--wide horizontal-alignment--center vertical-alignment--middle \" data-section-id=\"647478a29d055b774e4a6000\" data-controller=\"SectionWrapperController\" data-current-styles=\"{ \"imageOverlayOpacity\": 0.15, \"backgroundWidth\": \"background-width--full-bleed\", \"sectionHeight\": \"section-height--small\", \"customSectionHeight\": 1, \"horizontalAlignment\": \"horizontal-alignment--center\", \"verticalAlignment\": \"vertical-alignment--middle\", \"contentWidth\": \"content-width--wide\", \"customContentWidth\": 50, \"backgroundColor\": \"\", \"sectionTheme\": \"\", \"sectionAnimation\": \"none\", \"backgroundMode\": \"image\" }\" data-current-context=\"{ \"video\": { \"playbackSpeed\": 0.5, \"filter\": 1, \"filterStrength\": 0, \"zoom\": 0, \"videoSourceProvider\": \"none\" }, \"backgroundImageId\": null, \"backgroundMediaEffect\": { \"type\": \"none\" }, \"divider\": { \"enabled\": false, \"type\": \"wavy\", \"width\": { \"unit\": \"vw\", \"value\": 100.0 }, \"height\": { \"unit\": \"vw\", \"value\": 6.0 }, \"isFlipX\": false, \"isFlipY\": false, \"offset\": { \"unit\": \"px\", \"value\": 0.0 }, \"stroke\": { \"style\": \"solid\", \"color\": { \"type\": \"THEME_COLOR\" }, \"thickness\": { \"unit\": \"px\", \"value\": 6.0 }, \"dashLength\": { \"unit\": \"px\", \"value\": 5.0 }, \"gapLength\": { \"unit\": \"px\", \"value\": 15.0 }, \"linecap\": \"square\" } }, \"typeName\": null }\" data-animation=\"none\" data-fluid-engine-section=\"\">\n<div class=\"section-border\">\n<div class=\"section-background\"><\/div>\n<\/p><\/div>\n<div class=\"content-wrapper\" style=\" \">\n<div class=\"content\">\n<div data-fluid-engine=\"true\">\n<style>.fe-647478a29d055b774e4a5fff {\n  --grid-gutter: calc(var(--sqs-mobile-site-gutter, 6vw) - 11.0px);\n  --cell-max-width: calc( ( var(--sqs-site-max-width, 1500px) - (11.0px * (8 - 1)) ) \/ 8 );<\/p>\n<p>  display: grid;\n  position: relative;\n  grid-area: 1\/1\/-1\/-1;\n  grid-template-rows: repeat(8,minmax(24px, auto));\n  grid-template-columns:\n    minmax(var(--grid-gutter), 1fr)\n    repeat(8, minmax(0, var(--cell-max-width)))\n    minmax(var(--grid-gutter), 1fr);\n  row-gap: 11.0px;\n  column-gap: 11.0px;\n}<\/p>\n<p>@media (min-width: 768px) {\n  .background-width--inset .fe-647478a29d055b774e4a5fff {\n    --inset-padding: calc(var(--sqs-site-gutter) * 2);\n  }<\/p>\n<p>  .fe-647478a29d055b774e4a5fff {\n    --grid-gutter: calc(var(--sqs-site-gutter, 4vw) - 11.0px);\n    --cell-max-width: calc( ( var(--sqs-site-max-width, 1500px) - (11.0px * (24 - 1)) ) \/ 24 );\n    --inset-padding: 0vw;<\/p>\n<p>    --row-height-scaling-factor: 0.0215;\n    --container-width: min(var(--sqs-site-max-width, 1500px), calc(100vw - var(--sqs-site-gutter, 4vw) * 2 - var(--inset-padding) ));<\/p>\n<p>    grid-template-rows: repeat(8,minmax(calc(var(--container-width) * var(--row-height-scaling-factor)), auto));\n    grid-template-columns:\n      minmax(var(--grid-gutter), 1fr)\n      repeat(24, minmax(0, var(--cell-max-width)))\n      minmax(var(--grid-gutter), 1fr);\n  }\n}<\/p>\n<p>  .fe-block-661acf7b1a615ccc2e5f {\n    grid-area: 3\/4\/5\/8;\n    z-index: 7;\n  }<\/p>\n<p>  .fe-block-661acf7b1a615ccc2e5f .sqs-block {\n    justify-content: center;\n  }<\/p>\n<p>  .fe-block-661acf7b1a615ccc2e5f .sqs-block-alignment-wrapper {\n    align-items: center;\n  }<\/p>\n<p>  @media (min-width: 768px) {\n    .fe-block-661acf7b1a615ccc2e5f {\n      grid-area: 1\/9\/3\/19;\n      z-index: 7;\n    }<\/p>\n<p>    .fe-block-661acf7b1a615ccc2e5f .sqs-block {\n      justify-content: center;\n    }<\/p>\n<p>    .fe-block-661acf7b1a615ccc2e5f .sqs-block-alignment-wrapper {\n      align-items: center;\n    }\n  }<\/p>\n<p>  .fe-block-ab2aad7ba8c7edd4c27f {\n    grid-area: 6\/3\/9\/9;\n    z-index: 15;\n  }<\/p>\n<p>  .fe-block-ab2aad7ba8c7edd4c27f .sqs-block {\n    justify-content: center;\n  }<\/p>\n<p>  .fe-block-ab2aad7ba8c7edd4c27f .sqs-block-alignment-wrapper {\n    align-items: center;\n  }<\/p>\n<p>  @media (min-width: 768px) {\n    .fe-block-ab2aad7ba8c7edd4c27f {\n      grid-area: 6\/3\/7\/7;\n      z-index: 15;\n    }<\/p>\n<p>    .fe-block-ab2aad7ba8c7edd4c27f .sqs-block {\n      justify-content: center;\n    }<\/p>\n<p>    .fe-block-ab2aad7ba8c7edd4c27f .sqs-block-alignment-wrapper {\n      align-items: center;\n    }\n  }<\/p>\n<p>  .fe-block-84fa1e8b867233ab7db5 {\n    grid-area: 6\/2\/9\/3;\n    z-index: 17;\n  }<\/p>\n<p>  .fe-block-84fa1e8b867233ab7db5 .sqs-block {\n    justify-content: center;\n  }<\/p>\n<p>  .fe-block-84fa1e8b867233ab7db5 .sqs-block-alignment-wrapper {\n    align-items: center;\n  }<\/p>\n<p>  @media (min-width: 768px) {\n    .fe-block-84fa1e8b867233ab7db5 {\n      grid-area: 5\/2\/8\/3;\n      z-index: 17;\n    }<\/p>\n<p>    .fe-block-84fa1e8b867233ab7db5 .sqs-block {\n      justify-content: center;\n    }<\/p>\n<p>    .fe-block-84fa1e8b867233ab7db5 .sqs-block-alignment-wrapper {\n      align-items: center;\n    }\n  }<\/p>\n<\/style>\n<div class=\"fluid-engine fe-647478a29d055b774e4a5fff\">\n<div class=\"fe-block fe-block-661acf7b1a615ccc2e5f\">\n<div class=\"sqs-block button-block sqs-block-button sqs-stretched\" data-block-type=\"53\" id=\"block-661acf7b1a615ccc2e5f\">\n<div class=\"sqs-block-content\">\n<div class=\"sqs-block-button-container sqs-block-button-container--center\" data-animation-role=\"button\" data-alignment=\"center\" data-button-size=\"medium\" data-button-type=\"primary\">\n  <a href=\"https:\/\/cerobasura-bcs.org\/donate\" class=\"sqs-block-button-element--medium sqs-button-element--primary sqs-block-button-element\"><br \/>\n  DONAR<br \/>\n  <\/a>\n<\/div>\n<\/div>\n<\/div>\n<\/div>\n<div class=\"fe-block fe-block-ab2aad7ba8c7edd4c27f\">\n<div class=\"sqs-block html-block sqs-block-html\" data-block-type=\"2\" id=\"block-ab2aad7ba8c7edd4c27f\">\n<div class=\"sqs-block-content\">\n<div class=\"sqs-html-content\">\n<p class=\"sqsrte-small\" style=\"white-space:pre-wrap;\"><strong>Campe\u00f3n<\/strong><\/p>\n<\/div>\n<\/div>\n<\/div>\n<\/div>\n<div class=\"fe-block fe-block-84fa1e8b867233ab7db5\">\n<div class=\"sqs-block image-block sqs-block-image sqs-stretched\" data-block-type=\"5\" id=\"block-84fa1e8b867233ab7db5\">\n<div class=\"sqs-block-content\">\n<div class=\" image-block-outer-wrapper layout-caption-below design-layout-fluid image-position-left combination-animation-site-default individual-animation-site-default \" data-test=\"image-block-fluid-outer-wrapper\">\n<div class=\"fluid-image-animation-wrapper sqs-image sqs-block-alignment-wrapper\" data-animation-role=\"image\">\n<div class=\"fluid-image-container sqs-image-content\" style=\"overflow: hidden;-webkit-mask-image: -webkit-radial-gradient(white, black);position: relative;width: 100%;height: 100%;\">\n<p>            <a class=\"sqs-block-image-link content-fit\" href=\"https:\/\/cerobasura-bcs.org\/champion\"><\/p>\n<p>              <img loading=\"lazy\" data-stretch=\"false\" src=\"https:\/\/cerobasurabcs.org\/wp-content\/uploads\/2023\/09\/arrow_carrot-left.png\" data-image=\"https:\/\/cerobasurabcs.org\/wp-content\/uploads\/2023\/09\/arrow_carrot-left.png\" data-image-dimensions=\"32x32\" data-image-focal-point=\"0.5,0.5\" alt=\"\" data-load=\"false\" width=\"32\" height=\"32\" sizes=\"auto, (max-width: 768px) 12.5vw, 4.166666666666666vw\" style=\"display:block;object-fit: contain; object-position: 50% 50%\" srcset=\"https:\/\/cerobasurabcs.org\/wp-content\/uploads\/2023\/09\/arrow_carrot-left.png?format=100w 100w, https:\/\/cerobasurabcs.org\/wp-content\/uploads\/2023\/09\/arrow_carrot-left.png?format=300w 300w, https:\/\/cerobasurabcs.org\/wp-content\/uploads\/2023\/09\/arrow_carrot-left.png?format=500w 500w, https:\/\/cerobasurabcs.org\/wp-content\/uploads\/2023\/09\/arrow_carrot-left.png?format=750w 750w, https:\/\/cerobasurabcs.org\/wp-content\/uploads\/2023\/09\/arrow_carrot-left.png?format=1000w 1000w, https:\/\/cerobasurabcs.org\/wp-content\/uploads\/2023\/09\/arrow_carrot-left.png?format=1500w 1500w, https:\/\/cerobasurabcs.org\/wp-content\/uploads\/2023\/09\/arrow_carrot-left.png?format=2500w 2500w\" loading=\"lazy\" decoding=\"async\" data-loader=\"sqs\"><\/p>\n<div class=\"fluidImageOverlay\"><\/div>\n<p>            <\/a><\/p><\/div>\n<\/p><\/div>\n<\/p><\/div>\n<style>\n<p>        .sqs-block-image .sqs-block-content {\n          height: 100%;\n          width: 100%;\n        }<\/p>\n<p>        .fe-block-84fa1e8b867233ab7db5 .fluidImageOverlay {\n          position: absolute;\n          top: 0;\n          left: 0;\n          width: 100%;\n          height: 100%;\n          mix-blend-mode: normal;<\/p>\n<p>            opacity: 0;<\/p>\n<p>        }<\/p>\n<\/style>\n<\/div>\n<\/div>\n<\/div>\n<\/div>\n<\/div><\/div>\n<\/p><\/div>\n<\/section>\n<\/article>\n","protected":false},"excerpt":{"rendered":"<p>Legado Gracias a nuestros colaboradores de nivel Legacy que han contribuido en la categor\u00eda de Defensor o Campe\u00f3n durante al menos 3 a\u00f1os dejar un legado duradero para el futuro [&hellip;]<\/p>\n","protected":false},"author":1,"featured_media":0,"parent":2498,"menu_order":0,"comment_status":"closed","ping_status":"closed","template":"elementor_header_footer","meta":{"_monsterinsights_skip_tracking":false,"_monsterinsights_sitenote_active":false,"_monsterinsights_sitenote_note":"","_monsterinsights_sitenote_category":0,"footnotes":""},"class_list":["post-2053","page","type-page","status-publish","hentry"],"_links":{"self":[{"href":"https:\/\/cerobasurabcs.org\/es\/wp-json\/wp\/v2\/pages\/2053","targetHints":{"allow":["GET"]}}],"collection":[{"href":"https:\/\/cerobasurabcs.org\/es\/wp-json\/wp\/v2\/pages"}],"about":[{"href":"https:\/\/cerobasurabcs.org\/es\/wp-json\/wp\/v2\/types\/page"}],"author":[{"embeddable":true,"href":"https:\/\/cerobasurabcs.org\/es\/wp-json\/wp\/v2\/users\/1"}],"replies":[{"embeddable":true,"href":"https:\/\/cerobasurabcs.org\/es\/wp-json\/wp\/v2\/comments?post=2053"}],"version-history":[{"count":0,"href":"https:\/\/cerobasurabcs.org\/es\/wp-json\/wp\/v2\/pages\/2053\/revisions"}],"up":[{"embeddable":true,"href":"https:\/\/cerobasurabcs.org\/es\/wp-json\/wp\/v2\/pages\/2498"}],"wp:attachment":[{"href":"https:\/\/cerobasurabcs.org\/es\/wp-json\/wp\/v2\/media?parent=2053"}],"curies":[{"name":"wp","href":"https:\/\/api.w.org\/{rel}","templated":true}]}}