{"id":2042,"date":"2023-10-02T15:57:46","date_gmt":"2023-10-02T15:57:46","guid":{"rendered":"https:\/\/cerobasurabcs.wpengine.com\/programas\/compromiso-escolar\/"},"modified":"2023-10-12T04:37:40","modified_gmt":"2023-10-12T04:37:40","slug":"compromiso-escolar","status":"publish","type":"page","link":"https:\/\/cerobasurabcs.org\/es\/programas\/compromiso-escolar\/","title":{"rendered":"Compromiso escolar"},"content":{"rendered":"\t\t<div data-elementor-type=\"wp-page\" data-elementor-id=\"2042\" class=\"elementor elementor-2042 elementor-1035\" data-elementor-post-type=\"page\">\n\t\t\t\t<div class=\"elementor-element elementor-element-23a8334 e-flex e-con-boxed e-con e-parent\" data-id=\"23a8334\" data-element_type=\"container\" data-e-type=\"container\" data-settings=\"{&quot;background_background&quot;:&quot;gradient&quot;}\">\n\t\t\t\t\t<div class=\"e-con-inner\">\n\t\t<div class=\"elementor-element elementor-element-336a8a6 e-con-full e-flex e-con e-child\" data-id=\"336a8a6\" data-element_type=\"container\" data-e-type=\"container\">\n\t\t<div class=\"elementor-element elementor-element-13434e0 e-flex e-con-boxed e-con e-child\" data-id=\"13434e0\" data-element_type=\"container\" data-e-type=\"container\">\n\t\t\t\t\t<div class=\"e-con-inner\">\n\t\t\t\t<div class=\"elementor-element elementor-element-4eb0c8d elementor-widget elementor-widget-image\" data-id=\"4eb0c8d\" data-element_type=\"widget\" data-e-type=\"widget\" data-widget_type=\"image.default\">\n\t\t\t\t<div class=\"elementor-widget-container\">\n\t\t\t\t\t\t\t\t\t\t\t\t\t\t\t<img fetchpriority=\"high\" decoding=\"async\" width=\"800\" height=\"200\" src=\"https:\/\/cerobasurabcs.org\/wp-content\/uploads\/2023\/10\/cactus-landscape-1024x256.png\" class=\"attachment-large size-large wp-image-2007\" alt=\"\" srcset=\"https:\/\/cerobasurabcs.org\/wp-content\/uploads\/2023\/10\/cactus-landscape-1024x256.png 1024w, https:\/\/cerobasurabcs.org\/wp-content\/uploads\/2023\/10\/cactus-landscape-300x75.png 300w, https:\/\/cerobasurabcs.org\/wp-content\/uploads\/2023\/10\/cactus-landscape-768x192.png 768w, https:\/\/cerobasurabcs.org\/wp-content\/uploads\/2023\/10\/cactus-landscape-1536x384.png 1536w, https:\/\/cerobasurabcs.org\/wp-content\/uploads\/2023\/10\/cactus-landscape.png 1600w\" sizes=\"(max-width: 800px) 100vw, 800px\" \/>\t\t\t\t\t\t\t\t\t\t\t\t\t\t\t<\/div>\n\t\t\t\t<\/div>\n\t\t\t\t<div class=\"elementor-element elementor-element-37d81ed elementor-widget elementor-widget-heading\" data-id=\"37d81ed\" data-element_type=\"widget\" data-e-type=\"widget\" data-widget_type=\"heading.default\">\n\t\t\t\t<div class=\"elementor-widget-container\">\n\t\t\t\t\t<h2 class=\"elementor-heading-title elementor-size-default\">Compromiso escolar<\/h2>\t\t\t\t<\/div>\n\t\t\t\t<\/div>\n\t\t\t\t<div class=\"elementor-element elementor-element-f2b72f1 elementor-widget elementor-widget-text-editor\" data-id=\"f2b72f1\" data-element_type=\"widget\" data-e-type=\"widget\" data-widget_type=\"text-editor.default\">\n\t\t\t\t<div class=\"elementor-widget-container\">\n\t\t\t\t\t\t\t\t\t<p>El paso m\u00e1s importante para reducir los residuos es la educaci\u00f3n. Por eso estamos tan contentos de nuestra colaboraci\u00f3n con la Escuela Palapa y el Centro CSU Todos Santos en un programa de gesti\u00f3n y educaci\u00f3n sobre la basura.<\/p>\n\t\t\t\t\t\t\t\t<\/div>\n\t\t\t\t<\/div>\n\t\t\t\t\t<\/div>\n\t\t\t\t<\/div>\n\t\t\t\t<\/div>\n\t\t<div class=\"elementor-element elementor-element-2c5057d e-con-full e-flex e-con e-child\" data-id=\"2c5057d\" data-element_type=\"container\" data-e-type=\"container\">\n\t\t\t\t<div class=\"elementor-element elementor-element-4843732 e-transform e-transform elementor-widget elementor-widget-image\" data-id=\"4843732\" data-element_type=\"widget\" data-e-type=\"widget\" data-settings=\"{&quot;_transform_scale_effect&quot;:{&quot;unit&quot;:&quot;px&quot;,&quot;size&quot;:1,&quot;sizes&quot;:[]},&quot;_transform_skewX_effect&quot;:{&quot;unit&quot;:&quot;px&quot;,&quot;size&quot;:-4,&quot;sizes&quot;:[]},&quot;_transform_skewX_effect_mobile&quot;:{&quot;unit&quot;:&quot;deg&quot;,&quot;size&quot;:-4,&quot;sizes&quot;:[]},&quot;_transform_skewY_effect_mobile&quot;:{&quot;unit&quot;:&quot;deg&quot;,&quot;size&quot;:0,&quot;sizes&quot;:[]},&quot;_transform_scale_effect_tablet&quot;:{&quot;unit&quot;:&quot;px&quot;,&quot;size&quot;:&quot;&quot;,&quot;sizes&quot;:[]},&quot;_transform_scale_effect_mobile&quot;:{&quot;unit&quot;:&quot;px&quot;,&quot;size&quot;:&quot;&quot;,&quot;sizes&quot;:[]},&quot;_transform_skewX_effect_tablet&quot;:{&quot;unit&quot;:&quot;deg&quot;,&quot;size&quot;:&quot;&quot;,&quot;sizes&quot;:[]},&quot;_transform_skewY_effect&quot;:{&quot;unit&quot;:&quot;px&quot;,&quot;size&quot;:&quot;&quot;,&quot;sizes&quot;:[]},&quot;_transform_skewY_effect_tablet&quot;:{&quot;unit&quot;:&quot;deg&quot;,&quot;size&quot;:&quot;&quot;,&quot;sizes&quot;:[]}}\" data-widget_type=\"image.default\">\n\t\t\t\t<div class=\"elementor-widget-container\">\n\t\t\t\t\t\t\t\t\t\t\t\t\t\t\t<img decoding=\"async\" width=\"800\" height=\"600\" src=\"https:\/\/cerobasurabcs.org\/wp-content\/uploads\/2023\/10\/School-Engagement-for-Cero-Basura.jpg\" class=\"attachment-large size-large wp-image-2012\" alt=\"\" srcset=\"https:\/\/cerobasurabcs.org\/wp-content\/uploads\/2023\/10\/School-Engagement-for-Cero-Basura.jpg 1024w, https:\/\/cerobasurabcs.org\/wp-content\/uploads\/2023\/10\/School-Engagement-for-Cero-Basura-300x225.jpg 300w, https:\/\/cerobasurabcs.org\/wp-content\/uploads\/2023\/10\/School-Engagement-for-Cero-Basura-768x576.jpg 768w\" sizes=\"(max-width: 800px) 100vw, 800px\" \/>\t\t\t\t\t\t\t\t\t\t\t\t\t\t\t<\/div>\n\t\t\t\t<\/div>\n\t\t\t\t<\/div>\n\t\t\t\t\t<\/div>\n\t\t\t\t<\/div>\n\t\t<div class=\"elementor-element elementor-element-9c650cc e-flex e-con-boxed e-con e-parent\" data-id=\"9c650cc\" data-element_type=\"container\" data-e-type=\"container\" data-settings=\"{&quot;background_background&quot;:&quot;classic&quot;}\">\n\t\t\t\t\t<div class=\"e-con-inner\">\n\t\t\t\t<div class=\"elementor-element elementor-element-8df0dd4 elementor-widget elementor-widget-text-editor\" data-id=\"8df0dd4\" data-element_type=\"widget\" data-e-type=\"widget\" data-widget_type=\"text-editor.default\">\n\t\t\t\t<div class=\"elementor-widget-container\">\n\t\t\t\t\t\t\t\t\t<p>Desde el 22 de septiembre de 2022 el Coordinador de Basura Cero de la CSU y miembro del personal de la ACB, Antonio Diego, ha estado trabajando con la Escuela La Palapa en Todos Santos, en un proceso intensivo de aprendizaje para transformar la escuela en una instalaci\u00f3n de basura cero. La escuela ha progresado enormemente. Entre los resultados tangibles figuran:<\/p>\n\t\t\t\t\t\t\t\t<\/div>\n\t\t\t\t<\/div>\n\t\t<div class=\"elementor-element elementor-element-70451c6 e-flex e-con-boxed e-con e-child\" data-id=\"70451c6\" data-element_type=\"container\" data-e-type=\"container\">\n\t\t\t\t\t<div class=\"e-con-inner\">\n\t\t<div class=\"elementor-element elementor-element-cc9ce4f e-flex e-con-boxed e-con e-child\" data-id=\"cc9ce4f\" data-element_type=\"container\" data-e-type=\"container\" data-settings=\"{&quot;background_background&quot;:&quot;classic&quot;}\">\n\t\t\t\t\t<div class=\"e-con-inner\">\n\t\t\t\t<div class=\"elementor-element elementor-element-7384bb8 elementor-cta--skin-classic elementor-animated-content elementor-widget elementor-widget-call-to-action\" data-id=\"7384bb8\" data-element_type=\"widget\" data-e-type=\"widget\" data-widget_type=\"call-to-action.default\">\n\t\t\t\t<div class=\"elementor-widget-container\">\n\t\t\t\t\t\t\t<div class=\"elementor-cta\">\n\t\t\t\t\t<div class=\"elementor-cta__bg-wrapper\">\n\t\t\t\t<div class=\"elementor-cta__bg elementor-bg\" style=\"background-image: url(https:\/\/cerobasurabcs.org\/wp-content\/uploads\/2023\/10\/Contenedores-reciclaje-1024x683.jpg);\" role=\"img\" aria-label=\"Contenedores-reciclaje\"><\/div>\n\t\t\t\t<div class=\"elementor-cta__bg-overlay\"><\/div>\n\t\t\t<\/div>\n\t\t\t\t\t\t\t<div class=\"elementor-cta__content\">\n\t\t\t\t\n\t\t\t\t\n\t\t\t\t\t\t\t\t\t<div class=\"elementor-cta__description elementor-cta__content-item elementor-content-item\">\n\t\t\t\t\t\t<p>Creaci\u00f3n y aplicaci\u00f3n de una estrategia de separaci\u00f3n de residuos. La escuela dispone ahora de contenedores designados para tipos espec\u00edficos de residuos e informaci\u00f3n sobre t\u00e9cnicas adecuadas de separaci\u00f3n. Un entregado equipo de estudiantes impulsa este proyecto.<\/p>\n\t\t\t\t\t<\/div>\n\t\t\t\t\n\t\t\t\t\t\t\t<\/div>\n\t\t\t\t\t\t<\/div>\n\t\t\t\t\t\t<\/div>\n\t\t\t\t<\/div>\n\t\t\t\t\t<\/div>\n\t\t\t\t<\/div>\n\t\t<div class=\"elementor-element elementor-element-8f2db37 e-con-full e-flex e-con e-child\" data-id=\"8f2db37\" data-element_type=\"container\" data-e-type=\"container\" data-settings=\"{&quot;background_background&quot;:&quot;classic&quot;}\">\n\t\t\t\t<div class=\"elementor-element elementor-element-30356cc elementor-cta--skin-classic elementor-animated-content elementor-widget elementor-widget-call-to-action\" data-id=\"30356cc\" data-element_type=\"widget\" data-e-type=\"widget\" data-widget_type=\"call-to-action.default\">\n\t\t\t\t<div class=\"elementor-widget-container\">\n\t\t\t\t\t\t\t<div class=\"elementor-cta\">\n\t\t\t\t\t<div class=\"elementor-cta__bg-wrapper\">\n\t\t\t\t<div class=\"elementor-cta__bg elementor-bg\" style=\"background-image: url(https:\/\/cerobasurabcs.org\/wp-content\/uploads\/2023\/10\/reciclables-1024x768.jpeg);\" role=\"img\" aria-label=\"reciclables\"><\/div>\n\t\t\t\t<div class=\"elementor-cta__bg-overlay\"><\/div>\n\t\t\t<\/div>\n\t\t\t\t\t\t\t<div class=\"elementor-cta__content\">\n\t\t\t\t\n\t\t\t\t\n\t\t\t\t\t\t\t\t\t<div class=\"elementor-cta__description elementor-cta__content-item elementor-content-item\">\n\t\t\t\t\t\t<p>La Escuela Palapa forma parte del programa de separaci\u00f3n de residuos del municipio, que incluye la recogida peri\u00f3dica de materiales reciclables.<\/p>\n\t\t\t\t\t<\/div>\n\t\t\t\t\n\t\t\t\t\t\t\t<\/div>\n\t\t\t\t\t\t<\/div>\n\t\t\t\t\t\t<\/div>\n\t\t\t\t<\/div>\n\t\t\t\t<\/div>\n\t\t<div class=\"elementor-element elementor-element-ea25e15 e-con-full e-flex e-con e-child\" data-id=\"ea25e15\" data-element_type=\"container\" data-e-type=\"container\" data-settings=\"{&quot;background_background&quot;:&quot;classic&quot;}\">\n\t\t\t\t<div class=\"elementor-element elementor-element-f642121 elementor-cta--skin-classic elementor-animated-content elementor-widget elementor-widget-call-to-action\" data-id=\"f642121\" data-element_type=\"widget\" data-e-type=\"widget\" data-widget_type=\"call-to-action.default\">\n\t\t\t\t<div class=\"elementor-widget-container\">\n\t\t\t\t\t\t\t<div class=\"elementor-cta\">\n\t\t\t\t\t<div class=\"elementor-cta__bg-wrapper\">\n\t\t\t\t<div class=\"elementor-cta__bg elementor-bg\" style=\"background-image: url(https:\/\/cerobasurabcs.org\/wp-content\/uploads\/2023\/10\/composta-escuelas-1024x683.jpg);\" role=\"img\" aria-label=\"composta-escuelas\"><\/div>\n\t\t\t\t<div class=\"elementor-cta__bg-overlay\"><\/div>\n\t\t\t<\/div>\n\t\t\t\t\t\t\t<div class=\"elementor-cta__content\">\n\t\t\t\t\n\t\t\t\t\n\t\t\t\t\t\t\t\t\t<div class=\"elementor-cta__description elementor-cta__content-item elementor-content-item\">\n\t\t\t\t\t\t<p>Todos los residuos de cocina y jard\u00edn se compostan ahora en los terrenos de la escuela.<\/p>\n\t\t\t\t\t<\/div>\n\t\t\t\t\n\t\t\t\t\t\t\t<\/div>\n\t\t\t\t\t\t<\/div>\n\t\t\t\t\t\t<\/div>\n\t\t\t\t<\/div>\n\t\t\t\t<\/div>\n\t\t\t\t\t<\/div>\n\t\t\t\t<\/div>\n\t\t\t\t<div class=\"elementor-element elementor-element-8c1aa67 elementor-widget elementor-widget-text-editor\" data-id=\"8c1aa67\" data-element_type=\"widget\" data-e-type=\"widget\" data-widget_type=\"text-editor.default\">\n\t\t\t\t<div class=\"elementor-widget-container\">\n\t\t\t\t\t\t\t\t\t<p>El programa de cero residuos de la escuela ha sido pr\u00e1ctico y din\u00e1mico. Los alumnos han sido parte integrante del an\u00e1lisis de residuos y del desarrollo de la estrategia de residuos del centro, y han creado y puesto en marcha la campa\u00f1a de informaci\u00f3n sobre residuos cero del centro. Adem\u00e1s del duro trabajo en la escuela, los alumnos de Palapa han salido de las aulas para visitar y ayudar a limpiar los vertederos ilegales de la ciudad, y tambi\u00e9n para echar una mano en Punto Verde, donde prepararon tres toneladas de cart\u00f3n para su transporte. Los temas de apoyo en el aula han incluido \u00abEl mito del reciclaje\u00bb, aprender a crear eco-ladrillos, entender la historia del compost en M\u00e9xico y aprender sobre industrias sostenibles.<\/p>\n<p>El coordinador de Residuos Cero de la CSU, Antonio Diego, ha tra\u00eddo excelentes recursos locales para inspirar e informar a los estudiantes y al profesorado. Entre ellos, el director del programa Alianza Cero Basura, Juan Salvador Aceves, el director del Centro de Reciclaje Punto Verde, Alex Mir\u00f3, el director de la Reserva de la Biosfera Sierra La Laguna, V\u00edctor Anguiano, que habl\u00f3 de sus esfuerzos en materia de residuos, y el fot\u00f3grafo y vide\u00f3grafo profesional  <a href=\"https:\/\/www.mikebrinkmanphotography.com\/\" target=\"_blank\" rel=\"noopener\">Mike Brinkman<\/a>  que ayud\u00f3 a los estudiantes que quer\u00edan participar en el concurso Cineminuto del Festival de Cine con un tema de residuos cero.<\/p>\n<p>Se ha avanzado mucho, pero por supuesto queda mucho por hacer. Aunque la escuela ha eliminado los pl\u00e1sticos de un solo uso, los alumnos siguen comprando productos alimenticios en envases de pl\u00e1stico de un solo uso a los vendedores locales y tray\u00e9ndolos al campus. La pila de compost huele un poco a veces, y los residuos separados no siempre se limpian correctamente. Pero estos son los baches esperados en el camino. El profesorado y los alumnos de la Escuela Palapa han demostrado una enorme determinaci\u00f3n en la transformaci\u00f3n de sus instalaciones y est\u00e1n firmemente comprometidos a mantener el rumbo. Al final del curso escolar esperamos ver a los Embajadores de Residuos Cero de la Escuela Palapa (Agentes Cero) con los conocimientos y la pasi\u00f3n necesarios para compartir su experiencia, adquirida con tanto esfuerzo, con otros estudiantes de Todos Santos y Pescadero. El objetivo es colaborar con las 16 escuelas de Todos Santos y Pescadero utilizando el programa de la Escuela Palapa como modelo y a los Agentes Cero como profesores.<\/p>\n<p>Separar los residuos y estudiar la basura es s\u00f3lo el primer paso de un camino a\u00fan por imaginar, un viaje seguro que estar\u00e1 lleno de los retos y compromisos que supone cambiar los h\u00e1bitos de consumo de toda una vida. Tenemos motivos para ser optimistas.<\/p>\n\t\t\t\t\t\t\t\t<\/div>\n\t\t\t\t<\/div>\n\t\t\t\t\t<\/div>\n\t\t\t\t<\/div>\n\t\t<div class=\"elementor-element elementor-element-239019b e-con-full e-flex e-con e-parent\" data-id=\"239019b\" data-element_type=\"container\" data-e-type=\"container\">\n\t\t\t\t<div class=\"elementor-element elementor-element-75226c2 elementor-widget elementor-widget-template\" data-id=\"75226c2\" data-element_type=\"widget\" data-e-type=\"widget\" data-widget_type=\"template.default\">\n\t\t\t\t<div class=\"elementor-widget-container\">\n\t\t\t\t\t\t\t<div class=\"elementor-template\">\n\t\t\t\t\t<div data-elementor-type=\"container\" data-elementor-id=\"2047\" class=\"elementor elementor-2047 elementor-1117 elementor-1117\" data-elementor-post-type=\"elementor_library\">\n\t\t\t\t<div class=\"elementor-element elementor-element-21039792 e-flex e-con-boxed e-con e-parent\" data-id=\"21039792\" data-element_type=\"container\" data-e-type=\"container\" data-settings=\"{&quot;background_background&quot;:&quot;classic&quot;}\">\n\t\t\t\t\t<div class=\"e-con-inner\">\n\t\t\t\t<div class=\"elementor-element elementor-element-3b3038d7 elementor-widget elementor-widget-heading\" data-id=\"3b3038d7\" data-element_type=\"widget\" data-e-type=\"widget\" data-widget_type=\"heading.default\">\n\t\t\t\t<div class=\"elementor-widget-container\">\n\t\t\t\t\t<h2 class=\"elementor-heading-title elementor-size-default\">Programas<\/h2>\t\t\t\t<\/div>\n\t\t\t\t<\/div>\n\t\t<div class=\"elementor-element elementor-element-70013997 e-flex e-con-boxed e-con e-child\" data-id=\"70013997\" data-element_type=\"container\" data-e-type=\"container\">\n\t\t\t\t\t<div class=\"e-con-inner\">\n\t\t\t\t<div class=\"elementor-element elementor-element-1ff49d63 elementor-widget elementor-widget-text-editor\" data-id=\"1ff49d63\" data-element_type=\"widget\" data-e-type=\"widget\" data-widget_type=\"text-editor.default\">\n\t\t\t\t<div class=\"elementor-widget-container\">\n\t\t\t\t\t\t\t\t\t<section class=\"page-section layout-engine-section background-width--full-bleed section-height--small content-width--medium horizontal-alignment--center vertical-alignment--middle light\" data-test=\"page-section\" data-section-theme=\"light\" data-section-id=\"622451914e6c343df848bcbf\" data-controller=\"SectionWrapperController\" data-current-styles=\"{ \"imageOverlayOpacity\": 0.15, \"backgroundWidth\": \"background-width--full-bleed\", \"sectionHeight\": \"section-height--small\", \"horizontalAlignment\": \"horizontal-alignment--center\", \"verticalAlignment\": \"vertical-alignment--middle\", \"contentWidth\": \"content-width--medium\", \"sectionTheme\": \"light\", \"sectionAnimation\": \"none\", \"backgroundMode\": \"image\" }\" data-current-context=\"{ \"video\": { \"playbackSpeed\": 0.5, \"filter\": 1, \"filterStrength\": 0, \"zoom\": 0, \"videoSourceProvider\": \"none\" }, \"backgroundImageId\": null, \"backgroundMediaEffect\": { \"type\": \"none\" }, \"divider\": null, \"typeName\": \"page\" }\" data-animation=\"none\" data-controllers-bound=\"SectionWrapperController\" data-active=\"true\">\n<div class=\"content-wrapper\">\n<div class=\"content\">\n<div id=\"page-section-622451914e6c343df848bcbf\" class=\"sqs-layout sqs-grid-12 columns-12\" data-type=\"page-section\">\n<div class=\"row sqs-row\">\n<div class=\"col sqs-col-12 span-12\">\n<div id=\"block-18a4ffed6e8a754e05bc\" class=\"sqs-block html-block sqs-block-html\" data-block-type=\"2\">\n<div class=\"sqs-block-content\">\n<div class=\"sqs-html-content\">\n<p class=\"sqsrte-large\">Apoyamos los sistemas de gesti\u00f3n de residuos que mejoran la salud y el bienestar de nuestras comunidades, nuestro medio ambiente y nuestra econom\u00eda.<\/p>\n<\/div>\n<\/div>\n<\/div>\n<\/div>\n<\/div>\n<\/div>\n<\/div>\n<\/div>\n<\/section>\n\t\t\t\t\t\t\t\t<\/div>\n\t\t\t\t<\/div>\n\t\t\t\t\t<\/div>\n\t\t\t\t<\/div>\n\t\t<div class=\"elementor-element elementor-element-eac603f e-con-full e-flex e-con e-child\" data-id=\"eac603f\" data-element_type=\"container\" data-e-type=\"container\">\n\t\t<div class=\"elementor-element elementor-element-434a81b e-flex e-con-boxed e-con e-child\" data-id=\"434a81b\" data-element_type=\"container\" data-e-type=\"container\">\n\t\t\t\t\t<div class=\"e-con-inner\">\n\t\t\t\t<div class=\"elementor-element elementor-element-24b8611 elementor-cta--skin-classic elementor-animated-content elementor-bg-transform elementor-bg-transform-zoom-in elementor-widget elementor-widget-call-to-action\" data-id=\"24b8611\" data-element_type=\"widget\" data-e-type=\"widget\" data-widget_type=\"call-to-action.default\">\n\t\t\t\t<div class=\"elementor-widget-container\">\n\t\t\t\t\t\t\t<a class=\"elementor-cta\" href=\"https:\/\/cerobasurabcs.org\/es\/programas\/participacion-comunitaria\/\">\n\t\t\t\t\t<div class=\"elementor-cta__bg-wrapper\">\n\t\t\t\t<div class=\"elementor-cta__bg elementor-bg\" style=\"background-image: url(https:\/\/cerobasurabcs.org\/wp-content\/uploads\/2024\/06\/COMMUNITY-811x1024.jpg);\" role=\"img\" aria-label=\"COMMUNITY\"><\/div>\n\t\t\t\t<div class=\"elementor-cta__bg-overlay\"><\/div>\n\t\t\t<\/div>\n\t\t\t\t\t\t\t<div class=\"elementor-cta__content\">\n\t\t\t\t\n\t\t\t\t\t\t\t\t\t<h2 class=\"elementor-cta__title elementor-cta__content-item elementor-content-item\">\n\t\t\t\t\t\tVinculaci\u00f3n <\/br>Comunitaria\t\t\t\t\t<\/h2>\n\t\t\t\t\n\t\t\t\t\n\t\t\t\t\t\t\t<\/div>\n\t\t\t\t\t\t<\/a>\n\t\t\t\t\t\t<\/div>\n\t\t\t\t<\/div>\n\t\t\t\t\t<\/div>\n\t\t\t\t<\/div>\n\t\t<div class=\"elementor-element elementor-element-557bd46 e-con-full e-flex e-con e-child\" data-id=\"557bd46\" data-element_type=\"container\" data-e-type=\"container\">\n\t\t\t\t<div class=\"elementor-element elementor-element-d2c9654 elementor-cta--skin-classic elementor-animated-content elementor-bg-transform elementor-bg-transform-zoom-in elementor-widget elementor-widget-call-to-action\" data-id=\"d2c9654\" data-element_type=\"widget\" data-e-type=\"widget\" data-widget_type=\"call-to-action.default\">\n\t\t\t\t<div class=\"elementor-widget-container\">\n\t\t\t\t\t\t\t<a class=\"elementor-cta\" href=\"https:\/\/cerobasurabcs.org\/es\/programas\/compromiso-escolar\/\">\n\t\t\t\t\t<div class=\"elementor-cta__bg-wrapper\">\n\t\t\t\t<div class=\"elementor-cta__bg elementor-bg\" style=\"background-image: url(https:\/\/cerobasurabcs.org\/wp-content\/uploads\/2024\/06\/SCHOOL-768x1024.jpg);\" role=\"img\" aria-label=\"SCHOOL\"><\/div>\n\t\t\t\t<div class=\"elementor-cta__bg-overlay\"><\/div>\n\t\t\t<\/div>\n\t\t\t\t\t\t\t<div class=\"elementor-cta__content\">\n\t\t\t\t\n\t\t\t\t\t\t\t\t\t<h2 class=\"elementor-cta__title elementor-cta__content-item elementor-content-item\">\n\t\t\t\t\t\tVinculaci\u00f3n<\/br> Escolar\t\t\t\t\t<\/h2>\n\t\t\t\t\n\t\t\t\t\n\t\t\t\t\t\t\t<\/div>\n\t\t\t\t\t\t<\/a>\n\t\t\t\t\t\t<\/div>\n\t\t\t\t<\/div>\n\t\t\t\t<\/div>\n\t\t<div class=\"elementor-element elementor-element-9329822 e-con-full e-flex e-con e-child\" data-id=\"9329822\" data-element_type=\"container\" data-e-type=\"container\">\n\t\t\t\t<div class=\"elementor-element elementor-element-dae1013 elementor-cta--skin-classic elementor-animated-content elementor-bg-transform elementor-bg-transform-zoom-in elementor-widget elementor-widget-call-to-action\" data-id=\"dae1013\" data-element_type=\"widget\" data-e-type=\"widget\" data-widget_type=\"call-to-action.default\">\n\t\t\t\t<div class=\"elementor-widget-container\">\n\t\t\t\t\t\t\t<a class=\"elementor-cta\" href=\"https:\/\/cerobasurabcs.org\/es\/programas\/separacion-de-residuos\/\">\n\t\t\t\t\t<div class=\"elementor-cta__bg-wrapper\">\n\t\t\t\t<div class=\"elementor-cta__bg elementor-bg\" style=\"background-image: url(https:\/\/cerobasurabcs.org\/wp-content\/uploads\/2024\/06\/SEPARATION-768x1024.jpg);\" role=\"img\" aria-label=\"SEPARATION\"><\/div>\n\t\t\t\t<div class=\"elementor-cta__bg-overlay\"><\/div>\n\t\t\t<\/div>\n\t\t\t\t\t\t\t<div class=\"elementor-cta__content\">\n\t\t\t\t\n\t\t\t\t\t\t\t\t\t<h2 class=\"elementor-cta__title elementor-cta__content-item elementor-content-item\">\n\t\t\t\t\t\tSeparaci\u00f3n <\/br>de Residuos\t\t\t\t\t<\/h2>\n\t\t\t\t\n\t\t\t\t\n\t\t\t\t\t\t\t<\/div>\n\t\t\t\t\t\t<\/a>\n\t\t\t\t\t\t<\/div>\n\t\t\t\t<\/div>\n\t\t\t\t<\/div>\n\t\t<div class=\"elementor-element elementor-element-32a702f e-con-full e-flex e-con e-child\" data-id=\"32a702f\" data-element_type=\"container\" data-e-type=\"container\">\n\t\t\t\t<div class=\"elementor-element elementor-element-02168fd elementor-cta--skin-classic elementor-animated-content elementor-bg-transform elementor-bg-transform-zoom-in elementor-widget elementor-widget-call-to-action\" data-id=\"02168fd\" data-element_type=\"widget\" data-e-type=\"widget\" data-widget_type=\"call-to-action.default\">\n\t\t\t\t<div class=\"elementor-widget-container\">\n\t\t\t\t\t\t\t<a class=\"elementor-cta\" href=\"https:\/\/cerobasurabcs.org\/es\/programas\/reduccion-de-residuos\/\">\n\t\t\t\t\t<div class=\"elementor-cta__bg-wrapper\">\n\t\t\t\t<div class=\"elementor-cta__bg elementor-bg\" style=\"background-image: url(https:\/\/cerobasurabcs.org\/wp-content\/uploads\/2024\/06\/REDUCTION-768x1024.jpg);\" role=\"img\" aria-label=\"REDUCTION\"><\/div>\n\t\t\t\t<div class=\"elementor-cta__bg-overlay\"><\/div>\n\t\t\t<\/div>\n\t\t\t\t\t\t\t<div class=\"elementor-cta__content\">\n\t\t\t\t\n\t\t\t\t\t\t\t\t\t<h2 class=\"elementor-cta__title elementor-cta__content-item elementor-content-item\">\n\t\t\t\t\t\tReducci\u00f3n <\/br>de Residuos\t\t\t\t\t<\/h2>\n\t\t\t\t\n\t\t\t\t\n\t\t\t\t\t\t\t<\/div>\n\t\t\t\t\t\t<\/a>\n\t\t\t\t\t\t<\/div>\n\t\t\t\t<\/div>\n\t\t\t\t<\/div>\n\t\t<div class=\"elementor-element elementor-element-b6a0870 e-con-full e-flex e-con e-child\" data-id=\"b6a0870\" data-element_type=\"container\" data-e-type=\"container\">\n\t\t\t\t<div class=\"elementor-element elementor-element-75df038 elementor-cta--skin-classic elementor-animated-content elementor-bg-transform elementor-bg-transform-zoom-in elementor-widget elementor-widget-call-to-action\" data-id=\"75df038\" data-element_type=\"widget\" data-e-type=\"widget\" data-widget_type=\"call-to-action.default\">\n\t\t\t\t<div class=\"elementor-widget-container\">\n\t\t\t\t\t\t\t<a class=\"elementor-cta\" href=\"https:\/\/cerobasurabcs.org\/es\/programas\/residuos-organicos\/\">\n\t\t\t\t\t<div class=\"elementor-cta__bg-wrapper\">\n\t\t\t\t<div class=\"elementor-cta__bg elementor-bg\" style=\"background-image: url(https:\/\/cerobasurabcs.org\/wp-content\/uploads\/2024\/06\/ORGANIC-638x1024.jpg);\" role=\"img\" aria-label=\"ORGANIC\"><\/div>\n\t\t\t\t<div class=\"elementor-cta__bg-overlay\"><\/div>\n\t\t\t<\/div>\n\t\t\t\t\t\t\t<div class=\"elementor-cta__content\">\n\t\t\t\t\n\t\t\t\t\t\t\t\t\t<h2 class=\"elementor-cta__title elementor-cta__content-item elementor-content-item\">\n\t\t\t\t\t\tResiduos <br>Org\u00e1nicos\t\t\t\t\t<\/h2>\n\t\t\t\t\n\t\t\t\t\n\t\t\t\t\t\t\t<\/div>\n\t\t\t\t\t\t<\/a>\n\t\t\t\t\t\t<\/div>\n\t\t\t\t<\/div>\n\t\t\t\t<\/div>\n\t\t\t\t<\/div>\n\t\t\t\t\t<\/div>\n\t\t\t\t<\/div>\n\t\t\t\t<\/div>\n\t\t\t\t<\/div>\n\t\t\t\t\t\t<\/div>\n\t\t\t\t<\/div>\n\t\t\t\t<\/div>\n\t\t\t\t<\/div>\n\t\t","protected":false},"excerpt":{"rendered":"<p>Compromiso escolar El paso m\u00e1s importante para reducir los residuos es la educaci\u00f3n. Por eso estamos tan contentos de nuestra colaboraci\u00f3n con la Escuela Palapa y el Centro CSU Todos [&hellip;]<\/p>\n","protected":false},"author":1,"featured_media":2012,"parent":2032,"menu_order":0,"comment_status":"closed","ping_status":"closed","template":"elementor_header_footer","meta":{"_monsterinsights_skip_tracking":false,"_monsterinsights_sitenote_active":false,"_monsterinsights_sitenote_note":"","_monsterinsights_sitenote_category":0,"footnotes":""},"class_list":["post-2042","page","type-page","status-publish","has-post-thumbnail","hentry"],"_links":{"self":[{"href":"https:\/\/cerobasurabcs.org\/es\/wp-json\/wp\/v2\/pages\/2042","targetHints":{"allow":["GET"]}}],"collection":[{"href":"https:\/\/cerobasurabcs.org\/es\/wp-json\/wp\/v2\/pages"}],"about":[{"href":"https:\/\/cerobasurabcs.org\/es\/wp-json\/wp\/v2\/types\/page"}],"author":[{"embeddable":true,"href":"https:\/\/cerobasurabcs.org\/es\/wp-json\/wp\/v2\/users\/1"}],"replies":[{"embeddable":true,"href":"https:\/\/cerobasurabcs.org\/es\/wp-json\/wp\/v2\/comments?post=2042"}],"version-history":[{"count":0,"href":"https:\/\/cerobasurabcs.org\/es\/wp-json\/wp\/v2\/pages\/2042\/revisions"}],"up":[{"embeddable":true,"href":"https:\/\/cerobasurabcs.org\/es\/wp-json\/wp\/v2\/pages\/2032"}],"wp:featuredmedia":[{"embeddable":true,"href":"https:\/\/cerobasurabcs.org\/es\/wp-json\/wp\/v2\/media\/2012"}],"wp:attachment":[{"href":"https:\/\/cerobasurabcs.org\/es\/wp-json\/wp\/v2\/media?parent=2042"}],"curies":[{"name":"wp","href":"https:\/\/api.w.org\/{rel}","templated":true}]}}