{"id":2034,"date":"2023-10-02T20:28:52","date_gmt":"2023-10-02T20:28:52","guid":{"rendered":"https:\/\/cerobasurabcs.wpengine.com\/reduccion-de-residuos\/"},"modified":"2023-10-10T17:32:20","modified_gmt":"2023-10-10T17:32:20","slug":"reduccion-de-residuos","status":"publish","type":"page","link":"https:\/\/cerobasurabcs.org\/es\/programas\/reduccion-de-residuos\/","title":{"rendered":"Reducci\u00f3n de residuos"},"content":{"rendered":"\t\t<div data-elementor-type=\"wp-page\" data-elementor-id=\"2034\" class=\"elementor elementor-2034 elementor-1077\" data-elementor-post-type=\"page\">\n\t\t\t\t<div class=\"elementor-element elementor-element-804a09a e-flex e-con-boxed e-con e-parent\" data-id=\"804a09a\" data-element_type=\"container\" data-e-type=\"container\" data-settings=\"{&quot;background_background&quot;:&quot;gradient&quot;}\">\n\t\t\t\t\t<div class=\"e-con-inner\">\n\t\t<div class=\"elementor-element elementor-element-38cc7e4 e-con-full e-flex e-con e-child\" data-id=\"38cc7e4\" data-element_type=\"container\" data-e-type=\"container\">\n\t\t<div class=\"elementor-element elementor-element-15b4cb5 e-flex e-con-boxed e-con e-child\" data-id=\"15b4cb5\" data-element_type=\"container\" data-e-type=\"container\">\n\t\t\t\t\t<div class=\"e-con-inner\">\n\t\t\t\t<div class=\"elementor-element elementor-element-54e11a5 elementor-widget elementor-widget-image\" data-id=\"54e11a5\" data-element_type=\"widget\" data-e-type=\"widget\" data-widget_type=\"image.default\">\n\t\t\t\t<div class=\"elementor-widget-container\">\n\t\t\t\t\t\t\t\t\t\t\t\t\t\t\t<img fetchpriority=\"high\" decoding=\"async\" width=\"800\" height=\"200\" src=\"https:\/\/cerobasurabcs.org\/wp-content\/uploads\/2023\/10\/cactus-landscape-1024x256.png\" class=\"attachment-large size-large wp-image-2007\" alt=\"\" srcset=\"https:\/\/cerobasurabcs.org\/wp-content\/uploads\/2023\/10\/cactus-landscape-1024x256.png 1024w, https:\/\/cerobasurabcs.org\/wp-content\/uploads\/2023\/10\/cactus-landscape-300x75.png 300w, https:\/\/cerobasurabcs.org\/wp-content\/uploads\/2023\/10\/cactus-landscape-768x192.png 768w, https:\/\/cerobasurabcs.org\/wp-content\/uploads\/2023\/10\/cactus-landscape-1536x384.png 1536w, https:\/\/cerobasurabcs.org\/wp-content\/uploads\/2023\/10\/cactus-landscape.png 1600w\" sizes=\"(max-width: 800px) 100vw, 800px\" \/>\t\t\t\t\t\t\t\t\t\t\t\t\t\t\t<\/div>\n\t\t\t\t<\/div>\n\t\t\t\t<div class=\"elementor-element elementor-element-3051ea6 elementor-widget elementor-widget-heading\" data-id=\"3051ea6\" data-element_type=\"widget\" data-e-type=\"widget\" data-widget_type=\"heading.default\">\n\t\t\t\t<div class=\"elementor-widget-container\">\n\t\t\t\t\t<h2 class=\"elementor-heading-title elementor-size-default\">Reducci\u00f3n de residuos<\/h2>\t\t\t\t<\/div>\n\t\t\t\t<\/div>\n\t\t\t\t<div class=\"elementor-element elementor-element-63b13c8 elementor-widget elementor-widget-text-editor\" data-id=\"63b13c8\" data-element_type=\"widget\" data-e-type=\"widget\" data-widget_type=\"text-editor.default\">\n\t\t\t\t<div class=\"elementor-widget-container\">\n\t\t\t\t\t\t\t\t\t<p>El vertedero comunitario parece contener suficientes botellas de agua de pl\u00e1stico de un solo uso para construir un peque\u00f1o pueblo. Nuestra comunidad es un popular destino tur\u00edstico en una zona donde los turistas temen beber el agua del grifo, pero necesitan hidratarse constantemente. Esto lleva tanto a los turistas como a las empresas que los atienden a comprar enormes cantidades de botellas de agua de pl\u00e1stico de un solo uso. Nuestro objetivo es eliminarlos en la medida de lo posible.<\/p><\/p>\n\t\t\t\t\t\t\t\t<\/div>\n\t\t\t\t<\/div>\n\t\t\t\t\t<\/div>\n\t\t\t\t<\/div>\n\t\t\t\t<\/div>\n\t\t<div class=\"elementor-element elementor-element-1d92fc9 e-con-full e-flex e-con e-child\" data-id=\"1d92fc9\" data-element_type=\"container\" data-e-type=\"container\">\n\t\t\t\t<div class=\"elementor-element elementor-element-13d3cad e-transform e-transform elementor-widget elementor-widget-image\" data-id=\"13d3cad\" data-element_type=\"widget\" data-e-type=\"widget\" data-settings=\"{&quot;_transform_scale_effect&quot;:{&quot;unit&quot;:&quot;px&quot;,&quot;size&quot;:1,&quot;sizes&quot;:[]},&quot;_transform_skewX_effect&quot;:{&quot;unit&quot;:&quot;px&quot;,&quot;size&quot;:-4,&quot;sizes&quot;:[]},&quot;_transform_skewX_effect_mobile&quot;:{&quot;unit&quot;:&quot;deg&quot;,&quot;size&quot;:-4,&quot;sizes&quot;:[]},&quot;_transform_skewY_effect_mobile&quot;:{&quot;unit&quot;:&quot;deg&quot;,&quot;size&quot;:0,&quot;sizes&quot;:[]},&quot;_transform_scale_effect_tablet&quot;:{&quot;unit&quot;:&quot;px&quot;,&quot;size&quot;:&quot;&quot;,&quot;sizes&quot;:[]},&quot;_transform_scale_effect_mobile&quot;:{&quot;unit&quot;:&quot;px&quot;,&quot;size&quot;:&quot;&quot;,&quot;sizes&quot;:[]},&quot;_transform_skewX_effect_tablet&quot;:{&quot;unit&quot;:&quot;deg&quot;,&quot;size&quot;:&quot;&quot;,&quot;sizes&quot;:[]},&quot;_transform_skewY_effect&quot;:{&quot;unit&quot;:&quot;px&quot;,&quot;size&quot;:&quot;&quot;,&quot;sizes&quot;:[]},&quot;_transform_skewY_effect_tablet&quot;:{&quot;unit&quot;:&quot;deg&quot;,&quot;size&quot;:&quot;&quot;,&quot;sizes&quot;:[]}}\" data-widget_type=\"image.default\">\n\t\t\t\t<div class=\"elementor-widget-container\">\n\t\t\t\t\t\t\t\t\t\t\t\t\t\t\t<img decoding=\"async\" width=\"800\" height=\"598\" src=\"https:\/\/cerobasurabcs.org\/wp-content\/uploads\/2023\/10\/fill-water.jpeg\" class=\"attachment-large size-large wp-image-2021\" alt=\"\" srcset=\"https:\/\/cerobasurabcs.org\/wp-content\/uploads\/2023\/10\/fill-water.jpeg 1024w, https:\/\/cerobasurabcs.org\/wp-content\/uploads\/2023\/10\/fill-water-300x224.jpeg 300w, https:\/\/cerobasurabcs.org\/wp-content\/uploads\/2023\/10\/fill-water-768x575.jpeg 768w\" sizes=\"(max-width: 800px) 100vw, 800px\" \/>\t\t\t\t\t\t\t\t\t\t\t\t\t\t\t<\/div>\n\t\t\t\t<\/div>\n\t\t\t\t<\/div>\n\t\t\t\t\t<\/div>\n\t\t\t\t<\/div>\n\t\t<div class=\"elementor-element elementor-element-45642c1 e-flex e-con-boxed e-con e-parent\" data-id=\"45642c1\" data-element_type=\"container\" data-e-type=\"container\" data-settings=\"{&quot;background_background&quot;:&quot;classic&quot;}\">\n\t\t\t\t\t<div class=\"e-con-inner\">\n\t\t\t\t<div class=\"elementor-element elementor-element-3610265 elementor-widget elementor-widget-text-editor\" data-id=\"3610265\" data-element_type=\"widget\" data-e-type=\"widget\" data-widget_type=\"text-editor.default\">\n\t\t\t\t<div class=\"elementor-widget-container\">\n\t\t\t\t\t\t\t\t\t<p class=\"\">La soluci\u00f3n que hemos encontrado es un mayor acceso al agua potable purificada. Tenemos una fuerte alianza con B\u00e1rbara Manfrediz&#8217;s <a href=\"https:\/\/waterwaysbaja.com\/\" target=\"_blank\" rel=\"noopener\">Water Ways Baja<\/a> (WWB), la \u00fanica empresa de purificaci\u00f3n de agua en M\u00e9xico que es miembro de la US Water Quality Association Business Excellence y es el \u00fanico miembro de la Water Quality Association en Baja California. WWB tiene su sede en Todos Santos e instala y mantiene sistemas de purificaci\u00f3n de agua en entornos residenciales y comerciales.  <\/p>\n\t\t\t\t\t\t\t\t<\/div>\n\t\t\t\t<\/div>\n\t\t<div class=\"elementor-element elementor-element-870acfe e-flex e-con-boxed e-con e-child\" data-id=\"870acfe\" data-element_type=\"container\" data-e-type=\"container\">\n\t\t\t\t\t<div class=\"e-con-inner\">\n\t\t\t\t<div class=\"elementor-element elementor-element-c8e7fd1 elementor-widget__width-initial elementor-widget elementor-widget-text-editor\" data-id=\"c8e7fd1\" data-element_type=\"widget\" data-e-type=\"widget\" data-widget_type=\"text-editor.default\">\n\t\t\t\t<div class=\"elementor-widget-container\">\n\t\t\t\t\t\t\t\t\t<p>Barbara ha hecho posible que el ACB se asocie con empresas locales para crear una red de estaciones p\u00fablicas de recarga de botellas de agua en toda la comunidad. Don\u00f3 el sistema de purificaci\u00f3n de agua de la Plaza Amigos, en el centro de Todos Santos, donde Richie Friend y Marina Garnica crearon la primera estaci\u00f3n p\u00fablica de recarga de botellas de agua de la ciudad en marzo de 2022. (Puedes leer m\u00e1s sobre B\u00e1rbara, Richie y las estaciones de recarga de botellas de agua de Plaza Amigos <a href=\"https:\/\/cerobasura-bcs.org\/news\/free-drinking-water-todos-santos\" target=\"_blank\" rel=\"noopener\">aqu\u00ed<\/a>). Barbara tambi\u00e9n don\u00f3 sistemas de filtraci\u00f3n de agua a DoceCuarenta Cafe y La Paloma Neveria y esas estaciones p\u00fablicas de recarga de botellas de agua se activaron en enero de 2023. El programa est\u00e1 teniendo un gran \u00e9xito y Cuatro Vientos, Over the Edge Baja, Hilo Rojo, Hotel So Far So Good y, con suerte, muchos m\u00e1s, est\u00e1n planificando estaciones p\u00fablicas de recarga de botellas de agua.<\/p>\n<p>Para el GastroVino Food and Wine Festival de noviembre de 2022, Barbara cre\u00f3 3 estaciones port\u00e1tiles de recarga de botellas de agua que evitaron el uso de m\u00e1s de 600 botellas de agua de pl\u00e1stico de un solo uso. Las estaciones port\u00e1tiles para botellas de agua fueron un gran \u00e9xito en ese festival y Barbara las proporcionar\u00e1 regularmente, de forma gratuita, para su uso en actos y festivales de la comunidad.<\/p>\n<p>Si desea obtener m\u00e1s informaci\u00f3n acerca de las estaciones de recarga de botellas de agua y \/ o c\u00f3mo obtener un sistema de filtraci\u00f3n de agua Water Ways Baja en su hogar o negocio, por favor env\u00ede un correo electr\u00f3nico a cualquiera de B\u00e1rbara Manfrediz o la Alianza Cero Basura:<\/p>\n<p>Barbara Manfrediz: <a href=\"mailto:barbara@waterwaysbaja.com\" target=\"_blank\" rel=\"noopener\">barbara@waterwaysbaja.com<\/a><\/p>\n<p>Alianza Cero Basura: <a href=\"mailto:cerobasuratodossantos@gmail.com\" target=\"_blank\" rel=\"noopener\">cerobasuratodossantos@gmail.com<\/a><\/p>\n\t\t\t\t\t\t\t\t<\/div>\n\t\t\t\t<\/div>\n\t\t\t\t\t<\/div>\n\t\t\t\t<\/div>\n\t\t\t\t\t<\/div>\n\t\t\t\t<\/div>\n\t\t<div class=\"elementor-element elementor-element-43e6bb6 e-con-full e-flex e-con e-parent\" data-id=\"43e6bb6\" data-element_type=\"container\" data-e-type=\"container\">\n\t\t\t\t<div class=\"elementor-element elementor-element-1b31be6 elementor-widget elementor-widget-template\" data-id=\"1b31be6\" data-element_type=\"widget\" data-e-type=\"widget\" data-widget_type=\"template.default\">\n\t\t\t\t<div class=\"elementor-widget-container\">\n\t\t\t\t\t\t\t<div class=\"elementor-template\">\n\t\t\t\t\t<div data-elementor-type=\"container\" data-elementor-id=\"2047\" class=\"elementor elementor-2047 elementor-1117 elementor-1117\" data-elementor-post-type=\"elementor_library\">\n\t\t\t\t<div class=\"elementor-element elementor-element-21039792 e-flex e-con-boxed e-con e-parent\" data-id=\"21039792\" data-element_type=\"container\" data-e-type=\"container\" data-settings=\"{&quot;background_background&quot;:&quot;classic&quot;}\">\n\t\t\t\t\t<div class=\"e-con-inner\">\n\t\t\t\t<div class=\"elementor-element elementor-element-3b3038d7 elementor-widget elementor-widget-heading\" data-id=\"3b3038d7\" data-element_type=\"widget\" data-e-type=\"widget\" data-widget_type=\"heading.default\">\n\t\t\t\t<div class=\"elementor-widget-container\">\n\t\t\t\t\t<h2 class=\"elementor-heading-title elementor-size-default\">Programas<\/h2>\t\t\t\t<\/div>\n\t\t\t\t<\/div>\n\t\t<div class=\"elementor-element elementor-element-70013997 e-flex e-con-boxed e-con e-child\" data-id=\"70013997\" data-element_type=\"container\" data-e-type=\"container\">\n\t\t\t\t\t<div class=\"e-con-inner\">\n\t\t\t\t<div class=\"elementor-element elementor-element-1ff49d63 elementor-widget elementor-widget-text-editor\" data-id=\"1ff49d63\" data-element_type=\"widget\" data-e-type=\"widget\" data-widget_type=\"text-editor.default\">\n\t\t\t\t<div class=\"elementor-widget-container\">\n\t\t\t\t\t\t\t\t\t<section class=\"page-section layout-engine-section background-width--full-bleed section-height--small content-width--medium horizontal-alignment--center vertical-alignment--middle light\" data-test=\"page-section\" data-section-theme=\"light\" data-section-id=\"622451914e6c343df848bcbf\" data-controller=\"SectionWrapperController\" data-current-styles=\"{ \"imageOverlayOpacity\": 0.15, \"backgroundWidth\": \"background-width--full-bleed\", \"sectionHeight\": \"section-height--small\", \"horizontalAlignment\": \"horizontal-alignment--center\", \"verticalAlignment\": \"vertical-alignment--middle\", \"contentWidth\": \"content-width--medium\", \"sectionTheme\": \"light\", \"sectionAnimation\": \"none\", \"backgroundMode\": \"image\" }\" data-current-context=\"{ \"video\": { \"playbackSpeed\": 0.5, \"filter\": 1, \"filterStrength\": 0, \"zoom\": 0, \"videoSourceProvider\": \"none\" }, \"backgroundImageId\": null, \"backgroundMediaEffect\": { \"type\": \"none\" }, \"divider\": null, \"typeName\": \"page\" }\" data-animation=\"none\" data-controllers-bound=\"SectionWrapperController\" data-active=\"true\">\n<div class=\"content-wrapper\">\n<div class=\"content\">\n<div id=\"page-section-622451914e6c343df848bcbf\" class=\"sqs-layout sqs-grid-12 columns-12\" data-type=\"page-section\">\n<div class=\"row sqs-row\">\n<div class=\"col sqs-col-12 span-12\">\n<div id=\"block-18a4ffed6e8a754e05bc\" class=\"sqs-block html-block sqs-block-html\" data-block-type=\"2\">\n<div class=\"sqs-block-content\">\n<div class=\"sqs-html-content\">\n<p class=\"sqsrte-large\">Apoyamos los sistemas de gesti\u00f3n de residuos que mejoran la salud y el bienestar de nuestras comunidades, nuestro medio ambiente y nuestra econom\u00eda.<\/p>\n<\/div>\n<\/div>\n<\/div>\n<\/div>\n<\/div>\n<\/div>\n<\/div>\n<\/div>\n<\/section>\n\t\t\t\t\t\t\t\t<\/div>\n\t\t\t\t<\/div>\n\t\t\t\t\t<\/div>\n\t\t\t\t<\/div>\n\t\t<div class=\"elementor-element elementor-element-eac603f e-con-full e-flex e-con e-child\" data-id=\"eac603f\" data-element_type=\"container\" data-e-type=\"container\">\n\t\t<div class=\"elementor-element elementor-element-434a81b e-flex e-con-boxed e-con e-child\" data-id=\"434a81b\" data-element_type=\"container\" data-e-type=\"container\">\n\t\t\t\t\t<div class=\"e-con-inner\">\n\t\t\t\t<div class=\"elementor-element elementor-element-24b8611 elementor-cta--skin-classic elementor-animated-content elementor-bg-transform elementor-bg-transform-zoom-in elementor-widget elementor-widget-call-to-action\" data-id=\"24b8611\" data-element_type=\"widget\" data-e-type=\"widget\" data-widget_type=\"call-to-action.default\">\n\t\t\t\t<div class=\"elementor-widget-container\">\n\t\t\t\t\t\t\t<a class=\"elementor-cta\" href=\"https:\/\/cerobasurabcs.org\/es\/programas\/participacion-comunitaria\/\">\n\t\t\t\t\t<div class=\"elementor-cta__bg-wrapper\">\n\t\t\t\t<div class=\"elementor-cta__bg elementor-bg\" style=\"background-image: url(https:\/\/cerobasurabcs.org\/wp-content\/uploads\/2024\/06\/COMMUNITY-811x1024.jpg);\" role=\"img\" aria-label=\"COMMUNITY\"><\/div>\n\t\t\t\t<div class=\"elementor-cta__bg-overlay\"><\/div>\n\t\t\t<\/div>\n\t\t\t\t\t\t\t<div class=\"elementor-cta__content\">\n\t\t\t\t\n\t\t\t\t\t\t\t\t\t<h2 class=\"elementor-cta__title elementor-cta__content-item elementor-content-item\">\n\t\t\t\t\t\tVinculaci\u00f3n <\/br>Comunitaria\t\t\t\t\t<\/h2>\n\t\t\t\t\n\t\t\t\t\n\t\t\t\t\t\t\t<\/div>\n\t\t\t\t\t\t<\/a>\n\t\t\t\t\t\t<\/div>\n\t\t\t\t<\/div>\n\t\t\t\t\t<\/div>\n\t\t\t\t<\/div>\n\t\t<div class=\"elementor-element elementor-element-557bd46 e-con-full e-flex e-con e-child\" data-id=\"557bd46\" data-element_type=\"container\" data-e-type=\"container\">\n\t\t\t\t<div class=\"elementor-element elementor-element-d2c9654 elementor-cta--skin-classic elementor-animated-content elementor-bg-transform elementor-bg-transform-zoom-in elementor-widget elementor-widget-call-to-action\" data-id=\"d2c9654\" data-element_type=\"widget\" data-e-type=\"widget\" data-widget_type=\"call-to-action.default\">\n\t\t\t\t<div class=\"elementor-widget-container\">\n\t\t\t\t\t\t\t<a class=\"elementor-cta\" href=\"https:\/\/cerobasurabcs.org\/es\/programas\/compromiso-escolar\/\">\n\t\t\t\t\t<div class=\"elementor-cta__bg-wrapper\">\n\t\t\t\t<div class=\"elementor-cta__bg elementor-bg\" style=\"background-image: url(https:\/\/cerobasurabcs.org\/wp-content\/uploads\/2024\/06\/SCHOOL-768x1024.jpg);\" role=\"img\" aria-label=\"SCHOOL\"><\/div>\n\t\t\t\t<div class=\"elementor-cta__bg-overlay\"><\/div>\n\t\t\t<\/div>\n\t\t\t\t\t\t\t<div class=\"elementor-cta__content\">\n\t\t\t\t\n\t\t\t\t\t\t\t\t\t<h2 class=\"elementor-cta__title elementor-cta__content-item elementor-content-item\">\n\t\t\t\t\t\tVinculaci\u00f3n<\/br> Escolar\t\t\t\t\t<\/h2>\n\t\t\t\t\n\t\t\t\t\n\t\t\t\t\t\t\t<\/div>\n\t\t\t\t\t\t<\/a>\n\t\t\t\t\t\t<\/div>\n\t\t\t\t<\/div>\n\t\t\t\t<\/div>\n\t\t<div class=\"elementor-element elementor-element-9329822 e-con-full e-flex e-con e-child\" data-id=\"9329822\" data-element_type=\"container\" data-e-type=\"container\">\n\t\t\t\t<div class=\"elementor-element elementor-element-dae1013 elementor-cta--skin-classic elementor-animated-content elementor-bg-transform elementor-bg-transform-zoom-in elementor-widget elementor-widget-call-to-action\" data-id=\"dae1013\" data-element_type=\"widget\" data-e-type=\"widget\" data-widget_type=\"call-to-action.default\">\n\t\t\t\t<div class=\"elementor-widget-container\">\n\t\t\t\t\t\t\t<a class=\"elementor-cta\" href=\"https:\/\/cerobasurabcs.org\/es\/programas\/separacion-de-residuos\/\">\n\t\t\t\t\t<div class=\"elementor-cta__bg-wrapper\">\n\t\t\t\t<div class=\"elementor-cta__bg elementor-bg\" style=\"background-image: url(https:\/\/cerobasurabcs.org\/wp-content\/uploads\/2024\/06\/SEPARATION-768x1024.jpg);\" role=\"img\" aria-label=\"SEPARATION\"><\/div>\n\t\t\t\t<div class=\"elementor-cta__bg-overlay\"><\/div>\n\t\t\t<\/div>\n\t\t\t\t\t\t\t<div class=\"elementor-cta__content\">\n\t\t\t\t\n\t\t\t\t\t\t\t\t\t<h2 class=\"elementor-cta__title elementor-cta__content-item elementor-content-item\">\n\t\t\t\t\t\tSeparaci\u00f3n <\/br>de Residuos\t\t\t\t\t<\/h2>\n\t\t\t\t\n\t\t\t\t\n\t\t\t\t\t\t\t<\/div>\n\t\t\t\t\t\t<\/a>\n\t\t\t\t\t\t<\/div>\n\t\t\t\t<\/div>\n\t\t\t\t<\/div>\n\t\t<div class=\"elementor-element elementor-element-32a702f e-con-full e-flex e-con e-child\" data-id=\"32a702f\" data-element_type=\"container\" data-e-type=\"container\">\n\t\t\t\t<div class=\"elementor-element elementor-element-02168fd elementor-cta--skin-classic elementor-animated-content elementor-bg-transform elementor-bg-transform-zoom-in elementor-widget elementor-widget-call-to-action\" data-id=\"02168fd\" data-element_type=\"widget\" data-e-type=\"widget\" data-widget_type=\"call-to-action.default\">\n\t\t\t\t<div class=\"elementor-widget-container\">\n\t\t\t\t\t\t\t<a class=\"elementor-cta\" href=\"https:\/\/cerobasurabcs.org\/es\/programas\/reduccion-de-residuos\/\">\n\t\t\t\t\t<div class=\"elementor-cta__bg-wrapper\">\n\t\t\t\t<div class=\"elementor-cta__bg elementor-bg\" style=\"background-image: url(https:\/\/cerobasurabcs.org\/wp-content\/uploads\/2024\/06\/REDUCTION-768x1024.jpg);\" role=\"img\" aria-label=\"REDUCTION\"><\/div>\n\t\t\t\t<div class=\"elementor-cta__bg-overlay\"><\/div>\n\t\t\t<\/div>\n\t\t\t\t\t\t\t<div class=\"elementor-cta__content\">\n\t\t\t\t\n\t\t\t\t\t\t\t\t\t<h2 class=\"elementor-cta__title elementor-cta__content-item elementor-content-item\">\n\t\t\t\t\t\tReducci\u00f3n <\/br>de Residuos\t\t\t\t\t<\/h2>\n\t\t\t\t\n\t\t\t\t\n\t\t\t\t\t\t\t<\/div>\n\t\t\t\t\t\t<\/a>\n\t\t\t\t\t\t<\/div>\n\t\t\t\t<\/div>\n\t\t\t\t<\/div>\n\t\t<div class=\"elementor-element elementor-element-b6a0870 e-con-full e-flex e-con e-child\" data-id=\"b6a0870\" data-element_type=\"container\" data-e-type=\"container\">\n\t\t\t\t<div class=\"elementor-element elementor-element-75df038 elementor-cta--skin-classic elementor-animated-content elementor-bg-transform elementor-bg-transform-zoom-in elementor-widget elementor-widget-call-to-action\" data-id=\"75df038\" data-element_type=\"widget\" data-e-type=\"widget\" data-widget_type=\"call-to-action.default\">\n\t\t\t\t<div class=\"elementor-widget-container\">\n\t\t\t\t\t\t\t<a class=\"elementor-cta\" href=\"https:\/\/cerobasurabcs.org\/es\/programas\/residuos-organicos\/\">\n\t\t\t\t\t<div class=\"elementor-cta__bg-wrapper\">\n\t\t\t\t<div class=\"elementor-cta__bg elementor-bg\" style=\"background-image: url(https:\/\/cerobasurabcs.org\/wp-content\/uploads\/2024\/06\/ORGANIC-638x1024.jpg);\" role=\"img\" aria-label=\"ORGANIC\"><\/div>\n\t\t\t\t<div class=\"elementor-cta__bg-overlay\"><\/div>\n\t\t\t<\/div>\n\t\t\t\t\t\t\t<div class=\"elementor-cta__content\">\n\t\t\t\t\n\t\t\t\t\t\t\t\t\t<h2 class=\"elementor-cta__title elementor-cta__content-item elementor-content-item\">\n\t\t\t\t\t\tResiduos <br>Org\u00e1nicos\t\t\t\t\t<\/h2>\n\t\t\t\t\n\t\t\t\t\n\t\t\t\t\t\t\t<\/div>\n\t\t\t\t\t\t<\/a>\n\t\t\t\t\t\t<\/div>\n\t\t\t\t<\/div>\n\t\t\t\t<\/div>\n\t\t\t\t<\/div>\n\t\t\t\t\t<\/div>\n\t\t\t\t<\/div>\n\t\t\t\t<\/div>\n\t\t\t\t<\/div>\n\t\t\t\t\t\t<\/div>\n\t\t\t\t<\/div>\n\t\t\t\t<\/div>\n\t\t\t\t<\/div>\n\t\t","protected":false},"excerpt":{"rendered":"<p>Reducci\u00f3n de residuos El vertedero comunitario parece contener suficientes botellas de agua de pl\u00e1stico de un solo uso para construir un peque\u00f1o pueblo. Nuestra comunidad es un popular destino tur\u00edstico [&hellip;]<\/p>\n","protected":false},"author":1,"featured_media":2021,"parent":2032,"menu_order":0,"comment_status":"closed","ping_status":"closed","template":"elementor_header_footer","meta":{"_monsterinsights_skip_tracking":false,"_monsterinsights_sitenote_active":false,"_monsterinsights_sitenote_note":"","_monsterinsights_sitenote_category":0,"footnotes":""},"class_list":["post-2034","page","type-page","status-publish","has-post-thumbnail","hentry"],"_links":{"self":[{"href":"https:\/\/cerobasurabcs.org\/es\/wp-json\/wp\/v2\/pages\/2034","targetHints":{"allow":["GET"]}}],"collection":[{"href":"https:\/\/cerobasurabcs.org\/es\/wp-json\/wp\/v2\/pages"}],"about":[{"href":"https:\/\/cerobasurabcs.org\/es\/wp-json\/wp\/v2\/types\/page"}],"author":[{"embeddable":true,"href":"https:\/\/cerobasurabcs.org\/es\/wp-json\/wp\/v2\/users\/1"}],"replies":[{"embeddable":true,"href":"https:\/\/cerobasurabcs.org\/es\/wp-json\/wp\/v2\/comments?post=2034"}],"version-history":[{"count":0,"href":"https:\/\/cerobasurabcs.org\/es\/wp-json\/wp\/v2\/pages\/2034\/revisions"}],"up":[{"embeddable":true,"href":"https:\/\/cerobasurabcs.org\/es\/wp-json\/wp\/v2\/pages\/2032"}],"wp:featuredmedia":[{"embeddable":true,"href":"https:\/\/cerobasurabcs.org\/es\/wp-json\/wp\/v2\/media\/2021"}],"wp:attachment":[{"href":"https:\/\/cerobasurabcs.org\/es\/wp-json\/wp\/v2\/media?parent=2034"}],"curies":[{"name":"wp","href":"https:\/\/api.w.org\/{rel}","templated":true}]}}