{"id":2033,"date":"2023-10-02T21:13:31","date_gmt":"2023-10-02T21:13:31","guid":{"rendered":"https:\/\/cerobasurabcs.wpengine.com\/separacion-de-residuos\/"},"modified":"2023-10-11T20:27:00","modified_gmt":"2023-10-11T20:27:00","slug":"separacion-de-residuos","status":"publish","type":"page","link":"https:\/\/cerobasurabcs.org\/es\/programas\/separacion-de-residuos\/","title":{"rendered":"Separaci\u00f3n de residuos"},"content":{"rendered":"\t\t<div data-elementor-type=\"wp-page\" data-elementor-id=\"2033\" class=\"elementor elementor-2033 elementor-1094\" data-elementor-post-type=\"page\">\n\t\t\t\t<div class=\"elementor-element elementor-element-8fdb1c9 e-flex e-con-boxed e-con e-parent\" data-id=\"8fdb1c9\" data-element_type=\"container\" data-e-type=\"container\" data-settings=\"{&quot;background_background&quot;:&quot;gradient&quot;}\">\n\t\t\t\t\t<div class=\"e-con-inner\">\n\t\t<div class=\"elementor-element elementor-element-5474dcf e-con-full e-flex e-con e-child\" data-id=\"5474dcf\" data-element_type=\"container\" data-e-type=\"container\">\n\t\t<div class=\"elementor-element elementor-element-163cfd9 e-flex e-con-boxed e-con e-child\" data-id=\"163cfd9\" data-element_type=\"container\" data-e-type=\"container\">\n\t\t\t\t\t<div class=\"e-con-inner\">\n\t\t\t\t<div class=\"elementor-element elementor-element-1952fcb elementor-widget elementor-widget-image\" data-id=\"1952fcb\" data-element_type=\"widget\" data-e-type=\"widget\" data-widget_type=\"image.default\">\n\t\t\t\t<div class=\"elementor-widget-container\">\n\t\t\t\t\t\t\t\t\t\t\t\t\t\t\t<img fetchpriority=\"high\" decoding=\"async\" width=\"800\" height=\"200\" src=\"https:\/\/cerobasurabcs.org\/wp-content\/uploads\/2023\/10\/cactus-landscape-1024x256.png\" class=\"attachment-large size-large wp-image-2007\" alt=\"\" srcset=\"https:\/\/cerobasurabcs.org\/wp-content\/uploads\/2023\/10\/cactus-landscape-1024x256.png 1024w, https:\/\/cerobasurabcs.org\/wp-content\/uploads\/2023\/10\/cactus-landscape-300x75.png 300w, https:\/\/cerobasurabcs.org\/wp-content\/uploads\/2023\/10\/cactus-landscape-768x192.png 768w, https:\/\/cerobasurabcs.org\/wp-content\/uploads\/2023\/10\/cactus-landscape-1536x384.png 1536w, https:\/\/cerobasurabcs.org\/wp-content\/uploads\/2023\/10\/cactus-landscape.png 1600w\" sizes=\"(max-width: 800px) 100vw, 800px\" \/>\t\t\t\t\t\t\t\t\t\t\t\t\t\t\t<\/div>\n\t\t\t\t<\/div>\n\t\t\t\t<div class=\"elementor-element elementor-element-644712d elementor-widget elementor-widget-heading\" data-id=\"644712d\" data-element_type=\"widget\" data-e-type=\"widget\" data-widget_type=\"heading.default\">\n\t\t\t\t<div class=\"elementor-widget-container\">\n\t\t\t\t\t<h2 class=\"elementor-heading-title elementor-size-default\">Separaci\u00f3n de residuos<\/h2>\t\t\t\t<\/div>\n\t\t\t\t<\/div>\n\t\t\t\t<div class=\"elementor-element elementor-element-0613e6f elementor-widget elementor-widget-text-editor\" data-id=\"0613e6f\" data-element_type=\"widget\" data-e-type=\"widget\" data-widget_type=\"text-editor.default\">\n\t\t\t\t<div class=\"elementor-widget-container\">\n\t\t\t\t\t\t\t\t\t<p>En junio de 2023 Alianza Cero Basura concedi\u00f3 la certificaci\u00f3n de Agente Cero a directivos de dos importantes empresas locales que lideraron a sus compa\u00f1eros de equipo en el cambio de su relaci\u00f3n con los residuos.  <\/p>\n\t\t\t\t\t\t\t\t<\/div>\n\t\t\t\t<\/div>\n\t\t\t\t\t<\/div>\n\t\t\t\t<\/div>\n\t\t\t\t<\/div>\n\t\t<div class=\"elementor-element elementor-element-d82d597 e-con-full e-flex e-con e-child\" data-id=\"d82d597\" data-element_type=\"container\" data-e-type=\"container\">\n\t\t\t\t<div class=\"elementor-element elementor-element-5259bb1 e-transform e-transform elementor-widget elementor-widget-image\" data-id=\"5259bb1\" data-element_type=\"widget\" data-e-type=\"widget\" data-settings=\"{&quot;_transform_scale_effect&quot;:{&quot;unit&quot;:&quot;px&quot;,&quot;size&quot;:1,&quot;sizes&quot;:[]},&quot;_transform_skewX_effect&quot;:{&quot;unit&quot;:&quot;px&quot;,&quot;size&quot;:-4,&quot;sizes&quot;:[]},&quot;_transform_skewX_effect_mobile&quot;:{&quot;unit&quot;:&quot;deg&quot;,&quot;size&quot;:-4,&quot;sizes&quot;:[]},&quot;_transform_skewY_effect_mobile&quot;:{&quot;unit&quot;:&quot;deg&quot;,&quot;size&quot;:0,&quot;sizes&quot;:[]},&quot;_transform_scale_effect_tablet&quot;:{&quot;unit&quot;:&quot;px&quot;,&quot;size&quot;:&quot;&quot;,&quot;sizes&quot;:[]},&quot;_transform_scale_effect_mobile&quot;:{&quot;unit&quot;:&quot;px&quot;,&quot;size&quot;:&quot;&quot;,&quot;sizes&quot;:[]},&quot;_transform_skewX_effect_tablet&quot;:{&quot;unit&quot;:&quot;deg&quot;,&quot;size&quot;:&quot;&quot;,&quot;sizes&quot;:[]},&quot;_transform_skewY_effect&quot;:{&quot;unit&quot;:&quot;px&quot;,&quot;size&quot;:&quot;&quot;,&quot;sizes&quot;:[]},&quot;_transform_skewY_effect_tablet&quot;:{&quot;unit&quot;:&quot;deg&quot;,&quot;size&quot;:&quot;&quot;,&quot;sizes&quot;:[]}}\" data-widget_type=\"image.default\">\n\t\t\t\t<div class=\"elementor-widget-container\">\n\t\t\t\t\t\t\t\t\t\t\t\t\t\t\t<img decoding=\"async\" width=\"752\" height=\"603\" src=\"https:\/\/cerobasurabcs.org\/wp-content\/uploads\/2023\/10\/wasate-separation-team.jpg\" class=\"attachment-large size-large wp-image-2023\" alt=\"\" srcset=\"https:\/\/cerobasurabcs.org\/wp-content\/uploads\/2023\/10\/wasate-separation-team.jpg 752w, https:\/\/cerobasurabcs.org\/wp-content\/uploads\/2023\/10\/wasate-separation-team-300x241.jpg 300w\" sizes=\"(max-width: 752px) 100vw, 752px\" \/>\t\t\t\t\t\t\t\t\t\t\t\t\t\t\t<\/div>\n\t\t\t\t<\/div>\n\t\t\t\t<\/div>\n\t\t\t\t\t<\/div>\n\t\t\t\t<\/div>\n\t\t<div class=\"elementor-element elementor-element-a99573b e-flex e-con-boxed e-con e-parent\" data-id=\"a99573b\" data-element_type=\"container\" data-e-type=\"container\" data-settings=\"{&quot;background_background&quot;:&quot;classic&quot;}\">\n\t\t\t\t\t<div class=\"e-con-inner\">\n\t\t\t\t<div class=\"elementor-element elementor-element-6d3e89c elementor-widget elementor-widget-text-editor\" data-id=\"6d3e89c\" data-element_type=\"widget\" data-e-type=\"widget\" data-widget_type=\"text-editor.default\">\n\t\t\t\t<div class=\"elementor-widget-container\">\n\t\t\t\t\t\t\t\t\t<p class=\"\">Alejandro Romero N\u00fa\u00f1ez de <a href=\"https:\/\/sancristobalbaja.com\/\" target=\"_blank\" rel=\"noopener\"><br \/>\n  <strong>Hotel San Crist\u00f3bal<\/strong><br \/>\n<\/a> e Isabel Calder\u00f3n Villaf\u00e1n del <a href=\"https:\/\/www.ranchocorazonbaja.com\/\" target=\"_blank\" rel=\"noopener\"><br \/>\n  <strong>Rancho Coraz\u00f3n<\/strong><br \/>\n<\/a> \/ Dum fueron celebrados como agentes de cambio en la comunidad. Alianza Cero Basura (ACB) les ense\u00f1\u00f3 a separar los residuos en cuatro categor\u00edas: org\u00e1nicos compostables, org\u00e1nicos no compostables, reciclables y basura. La empresa de recogida y reciclaje <a href=\"https:\/\/naturabaja.com\/\" target=\"_blank\" rel=\"noopener\"><br \/>\n  <strong>Natura<\/strong><br \/>\n<\/a> recogi\u00f3 los residuos de forma voluntaria y los entreg\u00f3 en las instalaciones correspondientes. El equipo ACB realiz\u00f3 seguimientos peri\u00f3dicos y auditor\u00edas sorpresa. Ambas empresas consiguieron resultados impresionantes en 3 intensos meses, reduciendo la cantidad de basura que enviaban al vertedero entre un 56% y un 71%. Adem\u00e1s, ambas empresas se inspiraron tanto en el proceso que han iniciado operaciones de compostaje in situ. Estos dos Agentes Cero y sus equipos han demostrado que nuestra comunidad puede dirigir con \u00e9xito los residuos lejos del vertedero y hacia usos productivos.<\/p>\n<p class=\"\">Los datos obtenidos por ACB en el marco de estos dos proyectos piloto ayudar\u00e1n a determinar el tama\u00f1o, la escala y los recursos necesarios para un programa de separaci\u00f3n de residuos m\u00e1s amplio y de \u00e1mbito comunitario. Este programa se lleva a cabo en colaboraci\u00f3n con el departamento de saneamiento del municipio de La Paz.<\/p>\n\t\t\t\t\t\t\t\t<\/div>\n\t\t\t\t<\/div>\n\t\t<div class=\"elementor-element elementor-element-c0e34a0 e-flex e-con-boxed e-con e-child\" data-id=\"c0e34a0\" data-element_type=\"container\" data-e-type=\"container\">\n\t\t\t\t\t<div class=\"e-con-inner\">\n\t\t\t\t<div class=\"elementor-element elementor-element-c34498c elementor-widget elementor-widget-gallery\" data-id=\"c34498c\" data-element_type=\"widget\" data-e-type=\"widget\" data-settings=\"{&quot;lazyload&quot;:&quot;yes&quot;,&quot;gallery_layout&quot;:&quot;grid&quot;,&quot;columns&quot;:4,&quot;columns_tablet&quot;:2,&quot;columns_mobile&quot;:1,&quot;gap&quot;:{&quot;unit&quot;:&quot;px&quot;,&quot;size&quot;:10,&quot;sizes&quot;:[]},&quot;gap_tablet&quot;:{&quot;unit&quot;:&quot;px&quot;,&quot;size&quot;:10,&quot;sizes&quot;:[]},&quot;gap_mobile&quot;:{&quot;unit&quot;:&quot;px&quot;,&quot;size&quot;:10,&quot;sizes&quot;:[]},&quot;link_to&quot;:&quot;file&quot;,&quot;aspect_ratio&quot;:&quot;3:2&quot;,&quot;overlay_background&quot;:&quot;yes&quot;,&quot;content_hover_animation&quot;:&quot;fade-in&quot;}\" data-widget_type=\"gallery.default\">\n\t\t\t\t<div class=\"elementor-widget-container\">\n\t\t\t\t\t\t\t<div class=\"elementor-gallery__container\">\n\t\t\t\t\t\t\t<a class=\"e-gallery-item elementor-gallery-item elementor-animated-content\" href=\"https:\/\/cerobasurabcs.org\/wp-content\/uploads\/2023\/10\/trabajo-en-equipo-cero-basura.jpeg\" data-elementor-open-lightbox=\"yes\" data-elementor-lightbox-slideshow=\"c34498c\" data-elementor-lightbox-title=\"trabajo-en-equipo-cero-basura\" data-e-action-hash=\"#elementor-action%3Aaction%3Dlightbox%26settings%3DeyJpZCI6MTA5OSwidXJsIjoiaHR0cHM6XC9cL2Nlcm9iYXN1cmFiY3Mub3JnXC93cC1jb250ZW50XC91cGxvYWRzXC8yMDIzXC8xMFwvdHJhYmFqby1lbi1lcXVpcG8tY2Vyby1iYXN1cmEuanBlZyIsInNsaWRlc2hvdyI6ImMzNDQ5OGMifQ%3D%3D\">\n\t\t\t\t\t<div class=\"e-gallery-image elementor-gallery-item__image\" data-thumbnail=\"https:\/\/cerobasurabcs.org\/wp-content\/uploads\/2023\/10\/trabajo-en-equipo-cero-basura-300x239.jpeg\" data-width=\"300\" data-height=\"239\" aria-label=\"\" role=\"img\" ><\/div>\n\t\t\t\t\t\t\t\t\t\t\t<div class=\"elementor-gallery-item__overlay\"><\/div>\n\t\t\t\t\t\t\t\t\t\t\t\t\t\t<\/a>\n\t\t\t\t\t\t\t<a class=\"e-gallery-item elementor-gallery-item elementor-animated-content\" href=\"https:\/\/cerobasurabcs.org\/wp-content\/uploads\/2023\/10\/waste-disposal.jpeg\" data-elementor-open-lightbox=\"yes\" data-elementor-lightbox-slideshow=\"c34498c\" data-elementor-lightbox-title=\"waste-disposal\" data-e-action-hash=\"#elementor-action%3Aaction%3Dlightbox%26settings%3DeyJpZCI6MTEwMCwidXJsIjoiaHR0cHM6XC9cL2Nlcm9iYXN1cmFiY3Mub3JnXC93cC1jb250ZW50XC91cGxvYWRzXC8yMDIzXC8xMFwvd2FzdGUtZGlzcG9zYWwuanBlZyIsInNsaWRlc2hvdyI6ImMzNDQ5OGMifQ%3D%3D\">\n\t\t\t\t\t<div class=\"e-gallery-image elementor-gallery-item__image\" data-thumbnail=\"https:\/\/cerobasurabcs.org\/wp-content\/uploads\/2023\/10\/waste-disposal-300x225.jpeg\" data-width=\"300\" data-height=\"225\" aria-label=\"\" role=\"img\" ><\/div>\n\t\t\t\t\t\t\t\t\t\t\t<div class=\"elementor-gallery-item__overlay\"><\/div>\n\t\t\t\t\t\t\t\t\t\t\t\t\t\t<\/a>\n\t\t\t\t\t\t\t<a class=\"e-gallery-item elementor-gallery-item elementor-animated-content\" href=\"https:\/\/cerobasurabcs.org\/wp-content\/uploads\/2023\/10\/cero-basura-todos-santos-restaurants.jpg\" data-elementor-open-lightbox=\"yes\" data-elementor-lightbox-slideshow=\"c34498c\" data-elementor-lightbox-title=\"cero-basura-todos-santos-restaurants\" data-e-action-hash=\"#elementor-action%3Aaction%3Dlightbox%26settings%3DeyJpZCI6MTEwMSwidXJsIjoiaHR0cHM6XC9cL2Nlcm9iYXN1cmFiY3Mub3JnXC93cC1jb250ZW50XC91cGxvYWRzXC8yMDIzXC8xMFwvY2Vyby1iYXN1cmEtdG9kb3Mtc2FudG9zLXJlc3RhdXJhbnRzLmpwZyIsInNsaWRlc2hvdyI6ImMzNDQ5OGMifQ%3D%3D\">\n\t\t\t\t\t<div class=\"e-gallery-image elementor-gallery-item__image\" data-thumbnail=\"https:\/\/cerobasurabcs.org\/wp-content\/uploads\/2023\/10\/cero-basura-todos-santos-restaurants-300x225.jpg\" data-width=\"300\" data-height=\"225\" aria-label=\"\" role=\"img\" ><\/div>\n\t\t\t\t\t\t\t\t\t\t\t<div class=\"elementor-gallery-item__overlay\"><\/div>\n\t\t\t\t\t\t\t\t\t\t\t\t\t\t<\/a>\n\t\t\t\t\t\t\t<a class=\"e-gallery-item elementor-gallery-item elementor-animated-content\" href=\"https:\/\/cerobasurabcs.org\/wp-content\/uploads\/2023\/10\/IMG_8674.jpg\" data-elementor-open-lightbox=\"yes\" data-elementor-lightbox-slideshow=\"c34498c\" data-elementor-lightbox-title=\"IMG_8674\" data-e-action-hash=\"#elementor-action%3Aaction%3Dlightbox%26settings%3DeyJpZCI6MTEwMiwidXJsIjoiaHR0cHM6XC9cL2Nlcm9iYXN1cmFiY3Mub3JnXC93cC1jb250ZW50XC91cGxvYWRzXC8yMDIzXC8xMFwvSU1HXzg2NzQuanBnIiwic2xpZGVzaG93IjoiYzM0NDk4YyJ9\">\n\t\t\t\t\t<div class=\"e-gallery-image elementor-gallery-item__image\" data-thumbnail=\"https:\/\/cerobasurabcs.org\/wp-content\/uploads\/2023\/10\/IMG_8674-225x300.jpg\" data-width=\"225\" data-height=\"300\" aria-label=\"\" role=\"img\" ><\/div>\n\t\t\t\t\t\t\t\t\t\t\t<div class=\"elementor-gallery-item__overlay\"><\/div>\n\t\t\t\t\t\t\t\t\t\t\t\t\t\t<\/a>\n\t\t\t\t\t<\/div>\n\t\t\t\t\t<\/div>\n\t\t\t\t<\/div>\n\t\t\t\t\t<\/div>\n\t\t\t\t<\/div>\n\t\t\t\t\t<\/div>\n\t\t\t\t<\/div>\n\t\t<div class=\"elementor-element elementor-element-206710f e-con-full e-flex e-con e-parent\" data-id=\"206710f\" data-element_type=\"container\" data-e-type=\"container\">\n\t\t\t\t<div class=\"elementor-element elementor-element-2ce3d97 elementor-widget elementor-widget-template\" data-id=\"2ce3d97\" data-element_type=\"widget\" data-e-type=\"widget\" data-widget_type=\"template.default\">\n\t\t\t\t<div class=\"elementor-widget-container\">\n\t\t\t\t\t\t\t<div class=\"elementor-template\">\n\t\t\t\t\t<div data-elementor-type=\"container\" data-elementor-id=\"2047\" class=\"elementor elementor-2047 elementor-1117 elementor-1117\" data-elementor-post-type=\"elementor_library\">\n\t\t\t\t<div class=\"elementor-element elementor-element-21039792 e-flex e-con-boxed e-con e-parent\" data-id=\"21039792\" data-element_type=\"container\" data-e-type=\"container\" data-settings=\"{&quot;background_background&quot;:&quot;classic&quot;}\">\n\t\t\t\t\t<div class=\"e-con-inner\">\n\t\t\t\t<div class=\"elementor-element elementor-element-3b3038d7 elementor-widget elementor-widget-heading\" data-id=\"3b3038d7\" data-element_type=\"widget\" data-e-type=\"widget\" data-widget_type=\"heading.default\">\n\t\t\t\t<div class=\"elementor-widget-container\">\n\t\t\t\t\t<h2 class=\"elementor-heading-title elementor-size-default\">Programas<\/h2>\t\t\t\t<\/div>\n\t\t\t\t<\/div>\n\t\t<div class=\"elementor-element elementor-element-70013997 e-flex e-con-boxed e-con e-child\" data-id=\"70013997\" data-element_type=\"container\" data-e-type=\"container\">\n\t\t\t\t\t<div class=\"e-con-inner\">\n\t\t\t\t<div class=\"elementor-element elementor-element-1ff49d63 elementor-widget elementor-widget-text-editor\" data-id=\"1ff49d63\" data-element_type=\"widget\" data-e-type=\"widget\" data-widget_type=\"text-editor.default\">\n\t\t\t\t<div class=\"elementor-widget-container\">\n\t\t\t\t\t\t\t\t\t<section class=\"page-section layout-engine-section background-width--full-bleed section-height--small content-width--medium horizontal-alignment--center vertical-alignment--middle light\" data-test=\"page-section\" data-section-theme=\"light\" data-section-id=\"622451914e6c343df848bcbf\" data-controller=\"SectionWrapperController\" data-current-styles=\"{ \"imageOverlayOpacity\": 0.15, \"backgroundWidth\": \"background-width--full-bleed\", \"sectionHeight\": \"section-height--small\", \"horizontalAlignment\": \"horizontal-alignment--center\", \"verticalAlignment\": \"vertical-alignment--middle\", \"contentWidth\": \"content-width--medium\", \"sectionTheme\": \"light\", \"sectionAnimation\": \"none\", \"backgroundMode\": \"image\" }\" data-current-context=\"{ \"video\": { \"playbackSpeed\": 0.5, \"filter\": 1, \"filterStrength\": 0, \"zoom\": 0, \"videoSourceProvider\": \"none\" }, \"backgroundImageId\": null, \"backgroundMediaEffect\": { \"type\": \"none\" }, \"divider\": null, \"typeName\": \"page\" }\" data-animation=\"none\" data-controllers-bound=\"SectionWrapperController\" data-active=\"true\">\n<div class=\"content-wrapper\">\n<div class=\"content\">\n<div id=\"page-section-622451914e6c343df848bcbf\" class=\"sqs-layout sqs-grid-12 columns-12\" data-type=\"page-section\">\n<div class=\"row sqs-row\">\n<div class=\"col sqs-col-12 span-12\">\n<div id=\"block-18a4ffed6e8a754e05bc\" class=\"sqs-block html-block sqs-block-html\" data-block-type=\"2\">\n<div class=\"sqs-block-content\">\n<div class=\"sqs-html-content\">\n<p class=\"sqsrte-large\">Apoyamos los sistemas de gesti\u00f3n de residuos que mejoran la salud y el bienestar de nuestras comunidades, nuestro medio ambiente y nuestra econom\u00eda.<\/p>\n<\/div>\n<\/div>\n<\/div>\n<\/div>\n<\/div>\n<\/div>\n<\/div>\n<\/div>\n<\/section>\n\t\t\t\t\t\t\t\t<\/div>\n\t\t\t\t<\/div>\n\t\t\t\t\t<\/div>\n\t\t\t\t<\/div>\n\t\t<div class=\"elementor-element elementor-element-eac603f e-con-full e-flex e-con e-child\" data-id=\"eac603f\" data-element_type=\"container\" data-e-type=\"container\">\n\t\t<div class=\"elementor-element elementor-element-434a81b e-flex e-con-boxed e-con e-child\" data-id=\"434a81b\" data-element_type=\"container\" data-e-type=\"container\">\n\t\t\t\t\t<div class=\"e-con-inner\">\n\t\t\t\t<div class=\"elementor-element elementor-element-24b8611 elementor-cta--skin-classic elementor-animated-content elementor-bg-transform elementor-bg-transform-zoom-in elementor-widget elementor-widget-call-to-action\" data-id=\"24b8611\" data-element_type=\"widget\" data-e-type=\"widget\" data-widget_type=\"call-to-action.default\">\n\t\t\t\t<div class=\"elementor-widget-container\">\n\t\t\t\t\t\t\t<a class=\"elementor-cta\" href=\"https:\/\/cerobasurabcs.org\/es\/programas\/participacion-comunitaria\/\">\n\t\t\t\t\t<div class=\"elementor-cta__bg-wrapper\">\n\t\t\t\t<div class=\"elementor-cta__bg elementor-bg\" style=\"background-image: url(https:\/\/cerobasurabcs.org\/wp-content\/uploads\/2024\/06\/COMMUNITY-811x1024.jpg);\" role=\"img\" aria-label=\"COMMUNITY\"><\/div>\n\t\t\t\t<div class=\"elementor-cta__bg-overlay\"><\/div>\n\t\t\t<\/div>\n\t\t\t\t\t\t\t<div class=\"elementor-cta__content\">\n\t\t\t\t\n\t\t\t\t\t\t\t\t\t<h2 class=\"elementor-cta__title elementor-cta__content-item elementor-content-item\">\n\t\t\t\t\t\tVinculaci\u00f3n <\/br>Comunitaria\t\t\t\t\t<\/h2>\n\t\t\t\t\n\t\t\t\t\n\t\t\t\t\t\t\t<\/div>\n\t\t\t\t\t\t<\/a>\n\t\t\t\t\t\t<\/div>\n\t\t\t\t<\/div>\n\t\t\t\t\t<\/div>\n\t\t\t\t<\/div>\n\t\t<div class=\"elementor-element elementor-element-557bd46 e-con-full e-flex e-con e-child\" data-id=\"557bd46\" data-element_type=\"container\" data-e-type=\"container\">\n\t\t\t\t<div class=\"elementor-element elementor-element-d2c9654 elementor-cta--skin-classic elementor-animated-content elementor-bg-transform elementor-bg-transform-zoom-in elementor-widget elementor-widget-call-to-action\" data-id=\"d2c9654\" data-element_type=\"widget\" data-e-type=\"widget\" data-widget_type=\"call-to-action.default\">\n\t\t\t\t<div class=\"elementor-widget-container\">\n\t\t\t\t\t\t\t<a class=\"elementor-cta\" href=\"https:\/\/cerobasurabcs.org\/es\/programas\/compromiso-escolar\/\">\n\t\t\t\t\t<div class=\"elementor-cta__bg-wrapper\">\n\t\t\t\t<div class=\"elementor-cta__bg elementor-bg\" style=\"background-image: url(https:\/\/cerobasurabcs.org\/wp-content\/uploads\/2024\/06\/SCHOOL-768x1024.jpg);\" role=\"img\" aria-label=\"SCHOOL\"><\/div>\n\t\t\t\t<div class=\"elementor-cta__bg-overlay\"><\/div>\n\t\t\t<\/div>\n\t\t\t\t\t\t\t<div class=\"elementor-cta__content\">\n\t\t\t\t\n\t\t\t\t\t\t\t\t\t<h2 class=\"elementor-cta__title elementor-cta__content-item elementor-content-item\">\n\t\t\t\t\t\tVinculaci\u00f3n<\/br> Escolar\t\t\t\t\t<\/h2>\n\t\t\t\t\n\t\t\t\t\n\t\t\t\t\t\t\t<\/div>\n\t\t\t\t\t\t<\/a>\n\t\t\t\t\t\t<\/div>\n\t\t\t\t<\/div>\n\t\t\t\t<\/div>\n\t\t<div class=\"elementor-element elementor-element-9329822 e-con-full e-flex e-con e-child\" data-id=\"9329822\" data-element_type=\"container\" data-e-type=\"container\">\n\t\t\t\t<div class=\"elementor-element elementor-element-dae1013 elementor-cta--skin-classic elementor-animated-content elementor-bg-transform elementor-bg-transform-zoom-in elementor-widget elementor-widget-call-to-action\" data-id=\"dae1013\" data-element_type=\"widget\" data-e-type=\"widget\" data-widget_type=\"call-to-action.default\">\n\t\t\t\t<div class=\"elementor-widget-container\">\n\t\t\t\t\t\t\t<a class=\"elementor-cta\" href=\"https:\/\/cerobasurabcs.org\/es\/programas\/separacion-de-residuos\/\">\n\t\t\t\t\t<div class=\"elementor-cta__bg-wrapper\">\n\t\t\t\t<div class=\"elementor-cta__bg elementor-bg\" style=\"background-image: url(https:\/\/cerobasurabcs.org\/wp-content\/uploads\/2024\/06\/SEPARATION-768x1024.jpg);\" role=\"img\" aria-label=\"SEPARATION\"><\/div>\n\t\t\t\t<div class=\"elementor-cta__bg-overlay\"><\/div>\n\t\t\t<\/div>\n\t\t\t\t\t\t\t<div class=\"elementor-cta__content\">\n\t\t\t\t\n\t\t\t\t\t\t\t\t\t<h2 class=\"elementor-cta__title elementor-cta__content-item elementor-content-item\">\n\t\t\t\t\t\tSeparaci\u00f3n <\/br>de Residuos\t\t\t\t\t<\/h2>\n\t\t\t\t\n\t\t\t\t\n\t\t\t\t\t\t\t<\/div>\n\t\t\t\t\t\t<\/a>\n\t\t\t\t\t\t<\/div>\n\t\t\t\t<\/div>\n\t\t\t\t<\/div>\n\t\t<div class=\"elementor-element elementor-element-32a702f e-con-full e-flex e-con e-child\" data-id=\"32a702f\" data-element_type=\"container\" data-e-type=\"container\">\n\t\t\t\t<div class=\"elementor-element elementor-element-02168fd elementor-cta--skin-classic elementor-animated-content elementor-bg-transform elementor-bg-transform-zoom-in elementor-widget elementor-widget-call-to-action\" data-id=\"02168fd\" data-element_type=\"widget\" data-e-type=\"widget\" data-widget_type=\"call-to-action.default\">\n\t\t\t\t<div class=\"elementor-widget-container\">\n\t\t\t\t\t\t\t<a class=\"elementor-cta\" href=\"https:\/\/cerobasurabcs.org\/es\/programas\/reduccion-de-residuos\/\">\n\t\t\t\t\t<div class=\"elementor-cta__bg-wrapper\">\n\t\t\t\t<div class=\"elementor-cta__bg elementor-bg\" style=\"background-image: url(https:\/\/cerobasurabcs.org\/wp-content\/uploads\/2024\/06\/REDUCTION-768x1024.jpg);\" role=\"img\" aria-label=\"REDUCTION\"><\/div>\n\t\t\t\t<div class=\"elementor-cta__bg-overlay\"><\/div>\n\t\t\t<\/div>\n\t\t\t\t\t\t\t<div class=\"elementor-cta__content\">\n\t\t\t\t\n\t\t\t\t\t\t\t\t\t<h2 class=\"elementor-cta__title elementor-cta__content-item elementor-content-item\">\n\t\t\t\t\t\tReducci\u00f3n <\/br>de Residuos\t\t\t\t\t<\/h2>\n\t\t\t\t\n\t\t\t\t\n\t\t\t\t\t\t\t<\/div>\n\t\t\t\t\t\t<\/a>\n\t\t\t\t\t\t<\/div>\n\t\t\t\t<\/div>\n\t\t\t\t<\/div>\n\t\t<div class=\"elementor-element elementor-element-b6a0870 e-con-full e-flex e-con e-child\" data-id=\"b6a0870\" data-element_type=\"container\" data-e-type=\"container\">\n\t\t\t\t<div class=\"elementor-element elementor-element-75df038 elementor-cta--skin-classic elementor-animated-content elementor-bg-transform elementor-bg-transform-zoom-in elementor-widget elementor-widget-call-to-action\" data-id=\"75df038\" data-element_type=\"widget\" data-e-type=\"widget\" data-widget_type=\"call-to-action.default\">\n\t\t\t\t<div class=\"elementor-widget-container\">\n\t\t\t\t\t\t\t<a class=\"elementor-cta\" href=\"https:\/\/cerobasurabcs.org\/es\/programas\/residuos-organicos\/\">\n\t\t\t\t\t<div class=\"elementor-cta__bg-wrapper\">\n\t\t\t\t<div class=\"elementor-cta__bg elementor-bg\" style=\"background-image: url(https:\/\/cerobasurabcs.org\/wp-content\/uploads\/2024\/06\/ORGANIC-638x1024.jpg);\" role=\"img\" aria-label=\"ORGANIC\"><\/div>\n\t\t\t\t<div class=\"elementor-cta__bg-overlay\"><\/div>\n\t\t\t<\/div>\n\t\t\t\t\t\t\t<div class=\"elementor-cta__content\">\n\t\t\t\t\n\t\t\t\t\t\t\t\t\t<h2 class=\"elementor-cta__title elementor-cta__content-item elementor-content-item\">\n\t\t\t\t\t\tResiduos <br>Org\u00e1nicos\t\t\t\t\t<\/h2>\n\t\t\t\t\n\t\t\t\t\n\t\t\t\t\t\t\t<\/div>\n\t\t\t\t\t\t<\/a>\n\t\t\t\t\t\t<\/div>\n\t\t\t\t<\/div>\n\t\t\t\t<\/div>\n\t\t\t\t<\/div>\n\t\t\t\t\t<\/div>\n\t\t\t\t<\/div>\n\t\t\t\t<\/div>\n\t\t\t\t<\/div>\n\t\t\t\t\t\t<\/div>\n\t\t\t\t<\/div>\n\t\t\t\t<\/div>\n\t\t\t\t<\/div>\n\t\t","protected":false},"excerpt":{"rendered":"<p>Separaci\u00f3n de residuos En junio de 2023 Alianza Cero Basura concedi\u00f3 la certificaci\u00f3n de Agente Cero a directivos de dos importantes empresas locales que lideraron a sus compa\u00f1eros de equipo [&hellip;]<\/p>\n","protected":false},"author":1,"featured_media":2023,"parent":2032,"menu_order":0,"comment_status":"closed","ping_status":"closed","template":"elementor_header_footer","meta":{"_monsterinsights_skip_tracking":false,"_monsterinsights_sitenote_active":false,"_monsterinsights_sitenote_note":"","_monsterinsights_sitenote_category":0,"footnotes":""},"class_list":["post-2033","page","type-page","status-publish","has-post-thumbnail","hentry"],"_links":{"self":[{"href":"https:\/\/cerobasurabcs.org\/es\/wp-json\/wp\/v2\/pages\/2033","targetHints":{"allow":["GET"]}}],"collection":[{"href":"https:\/\/cerobasurabcs.org\/es\/wp-json\/wp\/v2\/pages"}],"about":[{"href":"https:\/\/cerobasurabcs.org\/es\/wp-json\/wp\/v2\/types\/page"}],"author":[{"embeddable":true,"href":"https:\/\/cerobasurabcs.org\/es\/wp-json\/wp\/v2\/users\/1"}],"replies":[{"embeddable":true,"href":"https:\/\/cerobasurabcs.org\/es\/wp-json\/wp\/v2\/comments?post=2033"}],"version-history":[{"count":0,"href":"https:\/\/cerobasurabcs.org\/es\/wp-json\/wp\/v2\/pages\/2033\/revisions"}],"up":[{"embeddable":true,"href":"https:\/\/cerobasurabcs.org\/es\/wp-json\/wp\/v2\/pages\/2032"}],"wp:featuredmedia":[{"embeddable":true,"href":"https:\/\/cerobasurabcs.org\/es\/wp-json\/wp\/v2\/media\/2023"}],"wp:attachment":[{"href":"https:\/\/cerobasurabcs.org\/es\/wp-json\/wp\/v2\/media?parent=2033"}],"curies":[{"name":"wp","href":"https:\/\/api.w.org\/{rel}","templated":true}]}}